{"id":8004,"date":"2024-09-18T17:19:32","date_gmt":"2024-09-18T14:19:32","guid":{"rendered":"https:\/\/ecoshop.ee\/?post_type=product&#038;p=8004"},"modified":"2026-05-11T23:17:32","modified_gmt":"2026-05-11T20:17:32","slug":"multivit-veganiskas-maisto-papildas-multivitamiin-n60","status":"publish","type":"product","link":"https:\/\/ecoshop.ee\/lt\/vegan-toidulisandid\/multivit-vegan-toidulisand-multivitamiin-n60\/","title":{"rendered":"\u201eMultiVit\u201c maisto papildas \u201eviskas viename\u201c, N60"},"content":{"rendered":"<p>\u201eMultivitamiin\u201c, kuriame yra viskas, ko reikia j\u016bs\u0173 sveikatai palaikyti.<\/p>\n<p>26 1TP169Alavo ir mineral\u0173 bei supermaisto kompleksas u\u017etikrina itin veiksming\u0105 maisto papild\u0105.<\/p>\n<p>Subalansuokite savo k\u016bn\u0105 ir prot\u0105 su Vegetology multivitamin, kuriame yra 26 vitamin supermaisto kompleksas, mineralai ir antioksidantai. \u0160i unikali formul\u0117 taip pat apima aminor\u016bg\u0161\u010di\u0173 chelatus, kurie u\u017etikrina geresn\u012f kiekvienos maistin\u0117s med\u017eiagos \u012fsisavinim\u0105 ir biologin\u012f aktyvum\u0105 organizme.<\/p>\n<p><strong>Privalumai:<\/strong><\/p>\n<ul>\n<li><strong>Metabolizmo palaikymas:<\/strong> Normali energijos gamyba i\u0161 med\u017eiag\u0173 apykaitos.<\/li>\n<li><strong>Imunin\u0117s sistemos stiprinimas:<\/strong> Normalus imunin\u0117s sistemos veikimas.<\/li>\n<li><strong>Reguliuoja nerv\u0173 sistem\u0105:<\/strong> 1TP204 Nerv\u0173 sistemos terminis funkcionavimas.<\/li>\n<li><strong>Nuovargio ma\u017einimas:<\/strong> Nuovargio ir i\u0161sekimo ma\u017einimas.<\/li>\n<li><strong>Smegen\u0173 funkcija:<\/strong> Normali psichologin\u0117, kognityvin\u0117 funkcija ir protin\u0117 veikla.<\/li>\n<li><strong>Kv\u0117pavimo tak\u0173 palaikymas:<\/strong> L\u0105steli\u0173 apsauga nuo oksidacinio streso.<\/li>\n<li><strong>Kaul\u0173 ir raumen\u0173 prie\u017ei\u016bra:<\/strong> 1TP204 Kaul\u0173, dant\u0173, odos ir plauk\u0173 termin\u0117 b\u016bkl\u0117.<\/li>\n<li><strong>Kolageno gamyba:<\/strong> Kolagenas 1TP204. Svarbus kraujo, kaul\u0173, kremzli\u0173, danten\u0173, odos ir dant\u0173 formavimuisi.<\/li>\n<\/ul>\n<p><strong>Kod\u0117l verta rinktis \u201eMultiVit\u201c?<\/strong><\/p>\n<p>Be 26 vitamin\u0173 ir mineral\u0173, \u201eMultiVit\u201c sud\u0117tyje yra i\u0161skirtinis supermaisto kompleksas, pagamintas i\u0161 i\u0161skirtini\u0173 botanini\u0173 ingredient\u0173, toki\u0173 kaip goji uog\u0173 ekstraktas, m\u0117lyni\u0173 ekstraktas, \u017ealiosios arbatos ekstraktas, moli\u016bg\u0173 s\u0117kl\u0173 ekstraktas ir resveratrolis (vynuogi\u0173 ekstraktas). \u0160is unikalus kompleksas i\u0161ry\u0161kina geriausias \u0161i\u0173 nuostabi\u0173 nat\u016brali\u0173 ingredient\u0173 savybes, suteikdamas i\u0161skirtini\u0173 antioksidacini\u0173 ir sveikatos privalum\u0173.<\/p>","protected":false},"excerpt":{"rendered":"<p>Multivitamiin milles on k\u00f5ik vajalik enda tervise toetamiseks. 26 vitamiini ja mineraali + supertoidu kompleks tagavad \u00e4\u00e4rmiselt t\u00f5husa toidulisandi. Tasakaalusta keha ja&hellip;<\/p>","protected":false},"featured_media":8011,"comment_status":"open","ping_status":"closed","template":"","meta":{"wprm-recipe-roundup-name":"","wprm-recipe-roundup-description":""},"product_brand":[12063],"product_cat":[318],"product_tag":[335,320],"class_list":{"0":"post-8004","1":"product","2":"type-product","3":"status-publish","4":"has-post-thumbnail","6":"product_brand-vegetology","7":"product_cat-vegan-toidulisandid","8":"product_tag-multivitamiin","9":"product_tag-toidulisand","10":"j79_wcxd_expiry_type-best-before","12":"first","13":"instock","14":"taxable","15":"shipping-taxable","16":"purchasable","17":"product-type-simple"},"supplier_id":9147,"supplier_sku":"","barcode":"5060351380157","atum_controlled":true,"out_stock_date":null,"out_stock_threshold":null,"inheritable":false,"inbound_stock":0,"stock_on_hold":0,"sold_today":0,"sales_last_days":4,"reserved_stock":0,"customer_returns":0,"warehouse_damage":0,"lost_in_post":0,"other_logs":0,"out_stock_days":0,"lost_sales":0,"has_location":false,"update_date":"2026-05-12T21:04:38","atum_locations":[],"atum_stock_status":"instock","restock_status":true,"low_stock_amount":"","sales_update_date":"2026-05-12T21:04:38","calc_backorders":null,"aioseo_notices":[],"_links":{"self":[{"href":"https:\/\/ecoshop.ee\/lt\/wp-json\/wp\/v2\/product\/8004","targetHints":{"allow":["GET"]}}],"collection":[{"href":"https:\/\/ecoshop.ee\/lt\/wp-json\/wp\/v2\/product"}],"about":[{"href":"https:\/\/ecoshop.ee\/lt\/wp-json\/wp\/v2\/types\/product"}],"replies":[{"embeddable":true,"href":"https:\/\/ecoshop.ee\/lt\/wp-json\/wp\/v2\/comments?post=8004"}],"version-history":[{"count":0,"href":"https:\/\/ecoshop.ee\/lt\/wp-json\/wp\/v2\/product\/8004\/revisions"}],"wp:featuredmedia":[{"embeddable":true,"href":"https:\/\/ecoshop.ee\/lt\/wp-json\/wp\/v2\/media\/8011"}],"wp:attachment":[{"href":"https:\/\/ecoshop.ee\/lt\/wp-json\/wp\/v2\/media?parent=8004"}],"wp:term":[{"taxonomy":"product_brand","embeddable":true,"href":"https:\/\/ecoshop.ee\/lt\/wp-json\/wp\/v2\/product_brand?post=8004"},{"taxonomy":"product_cat","embeddable":true,"href":"https:\/\/ecoshop.ee\/lt\/wp-json\/wp\/v2\/product_cat?post=8004"},{"taxonomy":"product_tag","embeddable":true,"href":"https:\/\/ecoshop.ee\/lt\/wp-json\/wp\/v2\/product_tag?post=8004"}],"curies":[{"name":"wp","href":"https:\/\/api.w.org\/{rel}","templated":true}]}}