{"id":8027,"date":"2024-09-18T17:57:31","date_gmt":"2024-09-18T14:57:31","guid":{"rendered":"https:\/\/ecoshop.ee\/?post_type=product&#038;p=8027"},"modified":"2026-03-28T16:01:04","modified_gmt":"2026-03-28T13:01:04","slug":"vollagen-veganiskas-kolagenas-n60","status":"publish","type":"product","link":"https:\/\/ecoshop.ee\/lt\/vegan-toidulisandid\/vollagen-vegan-kollageen-n60\/","title":{"rendered":"Vollagen\u00ae vegani\u0161kas kolagenas, N60"},"content":{"rendered":"<p><strong>Kas yra Vollagen\u00ae?<\/strong><\/p>\n<p>\u201eVollagen\u00ae\u201c, arba vegani\u0161kas kolagenas, yra aminor\u016bg\u0161\u010di\u0173 kompleksas, kuriame yra tos pa\u010dios aminor\u016bg\u0161tys, esan\u010dios kolagene. Kolagenas yra pagrindinis strukt\u016brinis baltymas, sudarantis m\u016bs\u0173 od\u0105, plaukus, nagus, rai\u0161\u010dius ir sausgysles. Kadangi gyv\u016bnin\u0117s kilm\u0117s kolagenas n\u0117ra lengvai absorbuojamas organizmo, j\u012f reikia hidrolizuoti, kad b\u016bt\u0173 i\u0161skirtos aminor\u016bg\u0161tys. \u201eVollagen\u00ae 1000mg\u201c suteikia visas \u0161ias aminor\u016bg\u0161tis i\u0161 augalini\u0173 \u0161altini\u0173, tod\u0117l tai puiki vegani\u0161ka kolageno alternatyva.<\/p>\n<p><strong>Privalumai:<\/strong><\/p>\n<ul>\n<li>Palaiko odos, plauk\u0173 ir nag\u0173 sveikat\u0105.<\/li>\n<li>Padeda suma\u017einti smulkias rauk\u0161leles ir pagerinti odos elastingum\u0105.<\/li>\n<li>I\u0161 augalini\u0173 \u0161altini\u0173 gauta formul\u0117, tinkanti veganams ir vegetarams.<\/li>\n<li>Suteikia reikiam\u0105 aminohapped, kad b\u016bt\u0173 lengva \u012fsisavinti.<\/li>\n<\/ul>\n<p><strong>Kolageno svarba:<\/strong><\/p>\n<p>Kolagenas yra vienas i\u0161 pagrindini\u0173 organizmo strukt\u016brini\u0173 baltym\u0173, suteikian\u010di\u0173 audiniams tvirtumo ir elastingumo. Senstant kolageno gamyba l\u0117t\u0117ja, tod\u0117l oda suglebsta, atsiranda rauk\u0161li\u0173, l\u016b\u017ein\u0117ja plaukai ir nagai. \u201eVollagen\u00ae\u201c sukurtas taip, kad teikt\u0173 pana\u0161i\u0105 naud\u0105 kaip ir kolagenas, stimuliuodamas paties organizmo kolageno gamyb\u0105.<\/p>\n<p><strong>Tyrimo rezultatasused:<\/strong><\/p>\n<p>Nepriklausomi vartotoj\u0173 tyrimai parod\u0117, kad 60 dien\u0173 vartojant \u201eVollagen\u00ae\u201c od\u0105, ji tampa stangresn\u0117, mink\u0161tesn\u0117 ir dr\u0117kinta, suma\u017e\u0117ja smulki\u0173 rauk\u0161leli\u0173 ir linij\u0173 atsiradimas, pager\u0117ja nag\u0173 sveikata ir stiprumas.<\/p>","protected":false},"excerpt":{"rendered":"<p>Mis on Vollagen\u00ae? Vollagen\u00ae ehk vegan kollageen on aminohapete kompleks, mis sisaldab samu aminohappeid, mis on leitud kollageenis. Kollageen on peamine struktuurvalk,&hellip;<\/p>","protected":false},"featured_media":8021,"comment_status":"open","ping_status":"closed","template":"","meta":{"wprm-recipe-roundup-name":"","wprm-recipe-roundup-description":""},"product_brand":[12063],"product_cat":[318],"product_tag":[336,320],"class_list":{"0":"post-8027","1":"product","2":"type-product","3":"status-publish","4":"has-post-thumbnail","6":"product_brand-vegetology","7":"product_cat-vegan-toidulisandid","8":"product_tag-kollageen","9":"product_tag-toidulisand","10":"j79_wcxd_expiry_type-best-before","12":"first","13":"instock","14":"taxable","15":"shipping-taxable","16":"purchasable","17":"product-type-simple"},"supplier_id":9147,"supplier_sku":"","barcode":"5060351380485","atum_controlled":true,"out_stock_date":null,"out_stock_threshold":null,"inheritable":false,"inbound_stock":0,"stock_on_hold":0,"sold_today":0,"sales_last_days":1,"reserved_stock":0,"customer_returns":0,"warehouse_damage":0,"lost_in_post":0,"other_logs":0,"out_stock_days":0,"lost_sales":0,"has_location":false,"update_date":"2026-04-10T14:29:59","atum_locations":[],"atum_stock_status":"instock","restock_status":false,"low_stock_amount":"","sales_update_date":"2026-04-10T14:29:59","calc_backorders":null,"aioseo_notices":[],"_links":{"self":[{"href":"https:\/\/ecoshop.ee\/lt\/wp-json\/wp\/v2\/product\/8027","targetHints":{"allow":["GET"]}}],"collection":[{"href":"https:\/\/ecoshop.ee\/lt\/wp-json\/wp\/v2\/product"}],"about":[{"href":"https:\/\/ecoshop.ee\/lt\/wp-json\/wp\/v2\/types\/product"}],"replies":[{"embeddable":true,"href":"https:\/\/ecoshop.ee\/lt\/wp-json\/wp\/v2\/comments?post=8027"}],"version-history":[{"count":0,"href":"https:\/\/ecoshop.ee\/lt\/wp-json\/wp\/v2\/product\/8027\/revisions"}],"wp:featuredmedia":[{"embeddable":true,"href":"https:\/\/ecoshop.ee\/lt\/wp-json\/wp\/v2\/media\/8021"}],"wp:attachment":[{"href":"https:\/\/ecoshop.ee\/lt\/wp-json\/wp\/v2\/media?parent=8027"}],"wp:term":[{"taxonomy":"product_brand","embeddable":true,"href":"https:\/\/ecoshop.ee\/lt\/wp-json\/wp\/v2\/product_brand?post=8027"},{"taxonomy":"product_cat","embeddable":true,"href":"https:\/\/ecoshop.ee\/lt\/wp-json\/wp\/v2\/product_cat?post=8027"},{"taxonomy":"product_tag","embeddable":true,"href":"https:\/\/ecoshop.ee\/lt\/wp-json\/wp\/v2\/product_tag?post=8027"}],"curies":[{"name":"wp","href":"https:\/\/api.w.org\/{rel}","templated":true}]}}