{"id":8029,"date":"2024-09-18T18:16:11","date_gmt":"2024-09-18T15:16:11","guid":{"rendered":"https:\/\/ecoshop.ee\/?post_type=product&#038;p=8029"},"modified":"2026-05-14T08:32:14","modified_gmt":"2026-05-14T05:32:14","slug":"kaulu-palaikymo-papildas-n60","status":"publish","type":"product","link":"https:\/\/ecoshop.ee\/lt\/vegan-toidulisandid\/toidulisand-luude-toetamiseks-n60\/","title":{"rendered":"Maisto papildas kaulams stiprinti, N60"},"content":{"rendered":"<p><strong>Vegetology Kaul\u0173 prie\u017ei\u016bra <\/strong>\u0160is vegani\u0161kas papildas veiksmingai palaiko kremzli\u0173, raumen\u0173 ir kaul\u0173 sveikat\u0105. Jame yra unikalus fitodroitino\u2122 ir gliukozamino mi\u0161inys, taip pat b\u016btini vitaminai ir mineralai, tokie kaip kalcis, magnis, vitaminai C, D3 ir K2. \u0160ie ingredientai kartu padeda palaikyti stiprius ir sveikus kaulus bei bendr\u0105 savijaut\u0105.<\/p>\n<p><strong>Privalumai:<\/strong><\/p>\n<ul>\n<li><strong>Skeleto ir raumen\u0173 sistemos prie\u017ei\u016bra:<\/strong> Palaiko normali\u0105 kaul\u0173, dant\u0173 ir raumen\u0173 funkcij\u0105 bei kalcio ir fosforo \u012fsisavinim\u0105.<\/li>\n<li><strong>Metabolizmo palaikymas:<\/strong> Prisideda prie normaal energijos apykaitos.<\/li>\n<li><strong>Kolageno gamyba:<\/strong> Skatina kolageno susidarym\u0105, palaiko kaul\u0173, kremzli\u0173 ir dant\u0173 funkcij\u0105.<\/li>\n<\/ul>\n<p><strong>Kuo ypatinga kaul\u0173 prie\u017ei\u016bra?<\/strong><\/p>\n<p>\u201eBone Care\u201c yra specialiai sukurtas veganams ir vegetarams, si\u016blantis augalin\u0119 alternatyv\u0105 kaulams stiprinti. Unikalus Phytodroitin\u2122 ir gliukozamino mi\u0161inys kartu su atrinktais vitamins ir mineralais u\u017etikrina, kad j\u016bs\u0173 kaulai i\u0161likt\u0173 stipr\u016bs ir sveiki. Phytodroitin\u2122 yra augalin\u0117 chondroitino alternatyva, o gliukozaminas gaunamas i\u0161 tvaraus \u0161altinio \u2013 grybelio Aspergillus Niger.<\/p>\n<p><strong>Kod\u0117l kaul\u0173 sveikata yra svarbi?<\/strong><\/p>\n<p>Kaulai yra m\u016bs\u0173 k\u016bno pagrindas, apsaugantis organus ir leid\u017eiantis jud\u0117ti. Senstant kaul\u0173 tankis ma\u017e\u0117ja, tod\u0117l did\u0117ja l\u016b\u017ei\u0173 ir osteoporoz\u0117s rizika. \u201eBone Care\u201c padeda stiprinti kaulus ir palaikyti kaul\u0173 tank\u012f, taip palaikant k\u016bno vientisum\u0105 ir judrum\u0105.<\/p>\n<p><strong>Sudedamosios dalys:<\/strong><\/p>\n<ul>\n<li>Fitodroitinas\u2122<\/li>\n<li>Gliukozaminas<\/li>\n<li>Kalcis, magnis, vitaminai C, D3 ir K2<\/li>\n<\/ul>\n<p><strong>Kam tai tinka?<\/strong><\/p>\n<p>\u201eBone Care\u201c skirta aktyv\u0173 gyvenimo b\u016bd\u0105 vedantiems \u017emon\u0117ms, vyresnio am\u017eiaus \u017emon\u0117ms ir tiems, kurie turi kaul\u0173, s\u0105nari\u0173 ar raumen\u0173 problem\u0173.<\/p>\n<p>Rekomenduojama suaugusiesiems ir vaikams nuo 11 met\u0173 am\u017eiaus (d\u0117l tablet\u0117s dyd\u017eio).<\/p>\n<p>Taip pat tinka vegetarams, veganams ir \u017emon\u0117ms, alergi\u0161kiems \u017euviai ir j\u016bros g\u0117ryb\u0117ms.<\/p>","protected":false},"excerpt":{"rendered":"<p>Vegetology Bone Care vegan toidulisand pakub t\u00f5husat tuge k\u00f5hrede, lihaste ja luude tervisele. See sisaldab unikaalset segu Phytodroitin\u2122-ist ja gl\u00fckoosamiinist koos oluliste&hellip;<\/p>","protected":false},"featured_media":8009,"comment_status":"open","ping_status":"closed","template":"","meta":{"wprm-recipe-roundup-name":"","wprm-recipe-roundup-description":""},"product_brand":[12063],"product_cat":[318],"product_tag":[337,320],"class_list":{"0":"post-8029","1":"product","2":"type-product","3":"status-publish","4":"has-post-thumbnail","6":"product_brand-vegetology","7":"product_cat-vegan-toidulisandid","8":"product_tag-luudele","9":"product_tag-toidulisand","10":"j79_wcxd_expiry_type-best-before","12":"first","13":"instock","14":"taxable","15":"shipping-taxable","16":"purchasable","17":"product-type-simple"},"supplier_id":9147,"supplier_sku":"","barcode":"5060351380164","atum_controlled":true,"out_stock_date":null,"out_stock_threshold":null,"inheritable":false,"inbound_stock":0,"stock_on_hold":0,"sold_today":1,"sales_last_days":1,"reserved_stock":0,"customer_returns":0,"warehouse_damage":0,"lost_in_post":0,"other_logs":0,"out_stock_days":0,"lost_sales":0,"has_location":false,"update_date":"2026-05-14T22:37:11","atum_locations":[],"atum_stock_status":"instock","restock_status":false,"low_stock_amount":"","sales_update_date":"2026-05-14T22:37:11","calc_backorders":null,"aioseo_notices":[],"_links":{"self":[{"href":"https:\/\/ecoshop.ee\/lt\/wp-json\/wp\/v2\/product\/8029","targetHints":{"allow":["GET"]}}],"collection":[{"href":"https:\/\/ecoshop.ee\/lt\/wp-json\/wp\/v2\/product"}],"about":[{"href":"https:\/\/ecoshop.ee\/lt\/wp-json\/wp\/v2\/types\/product"}],"replies":[{"embeddable":true,"href":"https:\/\/ecoshop.ee\/lt\/wp-json\/wp\/v2\/comments?post=8029"}],"version-history":[{"count":0,"href":"https:\/\/ecoshop.ee\/lt\/wp-json\/wp\/v2\/product\/8029\/revisions"}],"wp:featuredmedia":[{"embeddable":true,"href":"https:\/\/ecoshop.ee\/lt\/wp-json\/wp\/v2\/media\/8009"}],"wp:attachment":[{"href":"https:\/\/ecoshop.ee\/lt\/wp-json\/wp\/v2\/media?parent=8029"}],"wp:term":[{"taxonomy":"product_brand","embeddable":true,"href":"https:\/\/ecoshop.ee\/lt\/wp-json\/wp\/v2\/product_brand?post=8029"},{"taxonomy":"product_cat","embeddable":true,"href":"https:\/\/ecoshop.ee\/lt\/wp-json\/wp\/v2\/product_cat?post=8029"},{"taxonomy":"product_tag","embeddable":true,"href":"https:\/\/ecoshop.ee\/lt\/wp-json\/wp\/v2\/product_tag?post=8029"}],"curies":[{"name":"wp","href":"https:\/\/api.w.org\/{rel}","templated":true}]}}