{"id":8031,"date":"2024-09-18T19:08:00","date_gmt":"2024-09-18T16:08:00","guid":{"rendered":"https:\/\/ecoshop.ee\/?post_type=product&#038;p=8031"},"modified":"2026-05-04T22:10:13","modified_gmt":"2026-05-04T19:10:13","slug":"veganiskas-b12-papildas-1000mcg-pailginto-atpalaidavimo-n60","status":"publish","type":"product","link":"https:\/\/ecoshop.ee\/lt\/vegan-toidulisandid\/vegan-b12-toidulisand-1000mcg-prolongeeritud-n60\/","title":{"rendered":"Vegani\u0161kas vitamino B12 papildas 1000 mcg, pailginto veikimo, N60"},"content":{"rendered":"<p><strong>Padidinkite energij\u0105 ir med\u017eiag\u0173 apykait\u0105 su didelio stiprumo vitaminu B12<\/strong><\/p>\n<p>M\u016bs\u0173 veganams tinkamas vitaminas B12 yra moksli\u0161kai sukurtas taip, kad palaikyt\u0173 energijos apykait\u0105 ir suma\u017eint\u0173 nuovarg\u012f. Naudojant vandenyje tirpi\u0105 B12 form\u0105 \u2013 cianokobalamin\u0105, jis palaipsniui i\u0161siskiria per 4\u20138 valandas, u\u017etikrindamas ilgalaik\u012f poveik\u012f.<\/p>\n<p><strong>Pagrindiniai privalumai:<\/strong><\/p>\n<ul>\n<li><strong>Metabolizmo palaikymas:<\/strong> Prisideda prie normaal energijos apykaitos.<\/li>\n<li><strong>Nerv\u0173 sistemos reguliavimasrimine:<\/strong> Palaiko normali\u0105 nerv\u0173 sistemos veikl\u0105.<\/li>\n<li><strong>Smegen\u0173 darbas:<\/strong> Palaiko psichologines funkcijas ir koncentracij\u0105.<\/li>\n<\/ul>\n<p>B12-vitamin padeda organizmui gaminti raudonuosius kraujo k\u016bnelius, kurie perne\u0161a deguon\u012f \u012f audinius ir organus. Jis taip pat svarbus palaikant kognityvines smegen\u0173 funkcijas ir nerv\u0173 sistem\u0105. Kadangi organizmas pats negali pasigaminti B12-vitamin, jo reikia gauti su maistu arba papildais.<\/p>\n<p>M\u016bs\u0173 vitamino B12 papildas veikia ilgai ir u\u017etikrina ilgalaik\u012f vitamino B12 i\u0161siskyrim\u0105 per 6\u20138 valandas. Idealiai tinka veganams ir vegetarams, taip pat tiems, kurie nori pagerinti savo bendr\u0105 sveikat\u0105, padidinti energij\u0105 ir susikaupim\u0105.<\/p>\n<p><strong>Naudojimas:<\/strong> Gerkite po vien\u0105 tablet\u0119 per dien\u0105 valgio metu. Ilgalaikio atpalaidavimo formul\u0117 u\u017etikrina nuolatin\u012f B12 lygio padid\u0117jim\u0105 vis\u0105 dien\u0105.<\/p>\n<p><strong>Kod\u0117l B12 svarbus?<\/strong><\/p>\n<ul>\n<li>Palaiko raudon\u0173j\u0173 kraujo k\u016bneli\u0173 susidarym\u0105<\/li>\n<li>Gerina smegen\u0173 funkcij\u0105 ir koncentracij\u0105<\/li>\n<li>Padeda suma\u017einti nuovarg\u012f ir i\u0161sekim\u0105<\/li>\n<\/ul>","protected":false},"excerpt":{"rendered":"<p>T\u00f5sta Energiat ja Ainevahetust K\u00f5rge Tugevusega B12 Vitamiiniga Meie vegan-s\u00f5bralik Vitamiin B12 on teaduslikult formuleeritud, et toetada energia ainevahetust ja v\u00e4hendada v\u00e4simust.&hellip;<\/p>","protected":false},"featured_media":8007,"comment_status":"open","ping_status":"closed","template":"","meta":{"wprm-recipe-roundup-name":"","wprm-recipe-roundup-description":""},"product_brand":[12063],"product_cat":[318],"product_tag":[338,320],"class_list":{"0":"post-8031","1":"product","2":"type-product","3":"status-publish","4":"has-post-thumbnail","6":"product_brand-vegetology","7":"product_cat-vegan-toidulisandid","8":"product_tag-b12","9":"product_tag-toidulisand","10":"j79_wcxd_expiry_type-best-before","12":"first","13":"instock","14":"taxable","15":"shipping-taxable","16":"purchasable","17":"product-type-simple"},"supplier_id":9147,"supplier_sku":"","barcode":"5060351380232","atum_controlled":true,"out_stock_date":null,"out_stock_threshold":null,"inheritable":false,"inbound_stock":0,"stock_on_hold":0,"sold_today":0,"sales_last_days":2,"reserved_stock":0,"customer_returns":0,"warehouse_damage":0,"lost_in_post":0,"other_logs":0,"out_stock_days":0,"lost_sales":0,"has_location":false,"update_date":"2026-05-08T09:45:59","atum_locations":[],"atum_stock_status":"instock","restock_status":false,"low_stock_amount":"","sales_update_date":"2026-05-08T09:45:59","calc_backorders":null,"aioseo_notices":[],"_links":{"self":[{"href":"https:\/\/ecoshop.ee\/lt\/wp-json\/wp\/v2\/product\/8031","targetHints":{"allow":["GET"]}}],"collection":[{"href":"https:\/\/ecoshop.ee\/lt\/wp-json\/wp\/v2\/product"}],"about":[{"href":"https:\/\/ecoshop.ee\/lt\/wp-json\/wp\/v2\/types\/product"}],"replies":[{"embeddable":true,"href":"https:\/\/ecoshop.ee\/lt\/wp-json\/wp\/v2\/comments?post=8031"}],"version-history":[{"count":0,"href":"https:\/\/ecoshop.ee\/lt\/wp-json\/wp\/v2\/product\/8031\/revisions"}],"wp:featuredmedia":[{"embeddable":true,"href":"https:\/\/ecoshop.ee\/lt\/wp-json\/wp\/v2\/media\/8007"}],"wp:attachment":[{"href":"https:\/\/ecoshop.ee\/lt\/wp-json\/wp\/v2\/media?parent=8031"}],"wp:term":[{"taxonomy":"product_brand","embeddable":true,"href":"https:\/\/ecoshop.ee\/lt\/wp-json\/wp\/v2\/product_brand?post=8031"},{"taxonomy":"product_cat","embeddable":true,"href":"https:\/\/ecoshop.ee\/lt\/wp-json\/wp\/v2\/product_cat?post=8031"},{"taxonomy":"product_tag","embeddable":true,"href":"https:\/\/ecoshop.ee\/lt\/wp-json\/wp\/v2\/product_tag?post=8031"}],"curies":[{"name":"wp","href":"https:\/\/api.w.org\/{rel}","templated":true}]}}