{"id":8033,"date":"2024-09-18T19:21:14","date_gmt":"2024-09-18T16:21:14","guid":{"rendered":"https:\/\/ecoshop.ee\/?post_type=product&#038;p=8033"},"modified":"2026-05-03T18:06:31","modified_gmt":"2026-05-03T15:06:31","slug":"veganiskas-b12-papildas-100mcg-po-liezuviu-n60","status":"publish","type":"product","link":"https:\/\/ecoshop.ee\/lt\/vegan-toidulisandid\/vegan-b12-toidulisand-100mcg-keelealune-n60\/","title":{"rendered":"Vegani\u0161kas B12 papildas 100mcg, vartoti po lie\u017euviu, N60"},"content":{"rendered":"<p>M\u016bs\u0173 veganams tinkamas vitaminas B12, vartojamas po lie\u017euviu ir greitai veikiantis, yra moksli\u0161kai sukurtas taip, kad palaikyt\u0173 energij\u0105 ir med\u017eiag\u0173 apykait\u0105 bei suma\u017eint\u0173 nuovarg\u012f. \u0160i vidutinio stiprumo tablet\u0117 i\u0161tirpsta po lie\u017euviu ir vitaminas B12 patenka tiesiai \u012f krauj\u0105.<\/p>\n<p><strong>Privalumai:<\/strong><\/p>\n<ul>\n<li><strong>Metabolizmo palaikymas:<\/strong> Prisideda prie normaal energijos apykaitos.<\/li>\n<li><strong>Nerv\u0173 sistemos reguliavimasrimine:<\/strong> Palaiko normali\u0105 nerv\u0173 sistemos veikl\u0105.<\/li>\n<li><strong>Smegen\u0173 darbas:<\/strong> Palaiko psichologines funkcijas ir koncentracij\u0105.<\/li>\n<\/ul>\n<p><strong>B12, susidar\u0119s fermentacijos b\u016bdu:<\/strong> M\u016bs\u0173 vitaminas B12 gaminamas fermentacijos b\u016bdu, u\u017etikrinant t\u0105 pat\u012f poveik\u012f be gyv\u016bnin\u0117s kilm\u0117s ingredient\u0173, tinka veganams.<\/p>\n<p><strong>Kam tai skirta?<\/strong> Tinka vis\u0173 am\u017eiaus grupi\u0173 \u017emon\u0117ms, \u012fskaitant n\u0117\u0161\u010dias moteris, vaikus ir k\u016bdikius. Idealiai tinka veganams, vegetarams ir asmenims, alergi\u0161kiems \u017euviai bei j\u016bros g\u0117ryb\u0117ms.<\/p>\n<p><strong>Naudojimas:<\/strong> Kiekvienoje tablet\u0117je yra 100 \u00b5g greitai veikian\u010dio vitamino B12. Pad\u0117kite tablet\u0119 po lie\u017euviu ir leiskite jai i\u0161tirpti, kad optimaliai absorbuot\u0173si tiesiai \u012f krauj\u0105. Vitaminas B12 yra vandenyje tirpus, tod\u0117l j\u016bs\u0173 organizmas pasisavina tai, ko jam reikia, o likusi dalis pa\u0161alinama nat\u016braliai.<\/p>","protected":false},"excerpt":{"rendered":"<p>Keelealune ja kiiretoimeline, meie vegan-s\u00f5bralik Vitamiin B12 on teaduslikult formuleeritud energia ja ainevahetuse toetamiseks ning v\u00e4simuse v\u00e4hendamiseks. See keskmise tugevusega tablett on&hellip;<\/p>","protected":false},"featured_media":8008,"comment_status":"open","ping_status":"closed","template":"","meta":{"wprm-recipe-roundup-name":"","wprm-recipe-roundup-description":""},"product_brand":[12063],"product_cat":[240,318],"product_tag":[338,320],"class_list":{"0":"post-8033","1":"product","2":"type-product","3":"status-publish","4":"has-post-thumbnail","6":"product_brand-vegetology","7":"product_cat-allahinnatud","8":"product_cat-vegan-toidulisandid","9":"product_tag-b12","10":"product_tag-toidulisand","11":"j79_wcxd_expiry_type-best-before","13":"first","14":"instock","15":"sale","16":"taxable","17":"shipping-taxable","18":"purchasable","19":"product-type-simple"},"supplier_id":9147,"supplier_sku":"","barcode":"5060351380317","atum_controlled":true,"out_stock_date":null,"out_stock_threshold":null,"inheritable":false,"inbound_stock":0,"stock_on_hold":0,"sold_today":0,"sales_last_days":1,"reserved_stock":0,"customer_returns":0,"warehouse_damage":0,"lost_in_post":0,"other_logs":0,"out_stock_days":0,"lost_sales":0,"has_location":false,"update_date":"2026-05-05T13:43:21","atum_locations":[],"atum_stock_status":"instock","restock_status":false,"low_stock_amount":"","sales_update_date":"2026-05-05T13:43:21","calc_backorders":null,"aioseo_notices":[],"_links":{"self":[{"href":"https:\/\/ecoshop.ee\/lt\/wp-json\/wp\/v2\/product\/8033","targetHints":{"allow":["GET"]}}],"collection":[{"href":"https:\/\/ecoshop.ee\/lt\/wp-json\/wp\/v2\/product"}],"about":[{"href":"https:\/\/ecoshop.ee\/lt\/wp-json\/wp\/v2\/types\/product"}],"replies":[{"embeddable":true,"href":"https:\/\/ecoshop.ee\/lt\/wp-json\/wp\/v2\/comments?post=8033"}],"version-history":[{"count":1,"href":"https:\/\/ecoshop.ee\/lt\/wp-json\/wp\/v2\/product\/8033\/revisions"}],"predecessor-version":[{"id":396014,"href":"https:\/\/ecoshop.ee\/lt\/wp-json\/wp\/v2\/product\/8033\/revisions\/396014"}],"wp:featuredmedia":[{"embeddable":true,"href":"https:\/\/ecoshop.ee\/lt\/wp-json\/wp\/v2\/media\/8008"}],"wp:attachment":[{"href":"https:\/\/ecoshop.ee\/lt\/wp-json\/wp\/v2\/media?parent=8033"}],"wp:term":[{"taxonomy":"product_brand","embeddable":true,"href":"https:\/\/ecoshop.ee\/lt\/wp-json\/wp\/v2\/product_brand?post=8033"},{"taxonomy":"product_cat","embeddable":true,"href":"https:\/\/ecoshop.ee\/lt\/wp-json\/wp\/v2\/product_cat?post=8033"},{"taxonomy":"product_tag","embeddable":true,"href":"https:\/\/ecoshop.ee\/lt\/wp-json\/wp\/v2\/product_tag?post=8033"}],"curies":[{"name":"wp","href":"https:\/\/api.w.org\/{rel}","templated":true}]}}