{"id":8036,"date":"2024-09-18T19:48:56","date_gmt":"2024-09-18T16:48:56","guid":{"rendered":"https:\/\/ecoshop.ee\/?post_type=product&#038;p=8036"},"modified":"2026-02-15T03:00:08","modified_gmt":"2026-02-15T00:00:08","slug":"energijos-papildas-n60","status":"publish","type":"product","link":"https:\/\/ecoshop.ee\/lt\/vegan-toidulisandid\/energiat-toetav-toidulisand-n60\/","title":{"rendered":"Energij\u0105 palaikantis maisto papildas, N60"},"content":{"rendered":"<p>Ie\u0161kote energijos be kofeino? \u201eActive Energy\u201c sujungia b\u016btinus energij\u0105 suteikian\u010dius vitaminus, tokius kaip B2, B3, B5, B6, B12, C-vitamive, folio r\u016bg\u0161t\u012f ir gele\u017e\u012f, su adaptogenini\u0173 \u017eoleli\u0173, rodiolos ir \u0161izandros, galia, kad pad\u0117t\u0173 kovoti su nuovargiu ir palaikyt\u0173 \u012ftempt\u0105 darbo grafik\u0105 bei aktyv\u0173 gyvenimo b\u016bd\u0105.<\/p>\n<p><strong>Pagrindiniai privalumai:<\/strong><\/p>\n<ul>\n<li><strong>Nuovargio ma\u017einimas:<\/strong> Ma\u017eina nuovarg\u012f ir suteikia energijos.<\/li>\n<li><strong>Metabolizmo palaikymas:<\/strong> Skatina 1TP206 \u0161ilumin\u0117s energijos metabolizm\u0105.<\/li>\n<li><strong>Imunin\u0117s sistemos palaikymas:<\/strong> Padeda palaikyti normali\u0105 imunin\u0117s sistemos funkcij\u0105 intensyvaus fizinio kr\u016bvio metu ir po jo.<\/li>\n<\/ul>\n<p><strong>Nat\u016brali kofeino alternatyva:<\/strong> Vegetology Active Energy \u2013 puikus pasirinkimas tiems, kurie nori i\u0161vengti kofeino. Daugiau nebereik\u0117s griebtis kavos ar energini\u0173 g\u0117rim\u0173 \u2013 m\u016bs\u0173 vitamines suteikia nat\u016bralios, ilgalaik\u0117s energijos.<\/p>\n<p><strong>Adaptogenini\u0173 augal\u0173 galia:<\/strong> Adaptogenin\u0117s \u017eolel\u0117s, tokios kaip rodiola ir \u0161izandra, tradicin\u0117je medicinoje \u017einomos d\u0117l savo geb\u0117jimo kovoti su nuovargiu ir palaikyti k\u016bn\u0105 streso metu. Jos padeda i\u0161likti energingoms vis\u0105 dien\u0105 ir skatina atsipalaidavim\u0105 vakare.<\/p>\n<p><strong>Kam tai skirta?<\/strong> Tinka \u012fvairaus am\u017eiaus \u017emon\u0117ms, \u012fskaitant veganus, vegetarus ir \u017euvies bei j\u016bros g\u0117rybi\u0173 alergij\u0105 turin\u010dius asmenis. Suteikia energijos, palaiko med\u017eiag\u0173 apykait\u0105 ir padeda palaikyti tinkam\u0105 imunin\u0117s sistemos funkcionavim\u0105 \u2013 idealiai tinka kasdieniam naudojimui kovojant su nuovargiu.<\/p>\n<p><strong>Kiekvienoje kapsul\u0117je esan\u010dios sudedamosios dalys:<\/strong><\/p>\n<ul>\n<li>Energijai reikalingi vitaminai ir mineralai: B2, B3, B5, B6, B12, C-1TP170Alavo, folio r\u016bg\u0161tis ir gele\u017eis.<\/li>\n<li>Adaptogenin\u0117s \u017eolel\u0117s: rodiola ir \u0161izandra.<\/li>\n<\/ul>","protected":false},"excerpt":{"rendered":"<p>Kas otsid kofeiinivaba energiat? Active Energy \u00fchendab energia saamiseks vajalikud vitamiinid nagu B2, B3, B5, B6, B12, C-vitamiin, foolhape ja raud adaptogeensete&hellip;<\/p>","protected":false},"featured_media":8006,"comment_status":"open","ping_status":"closed","template":"","meta":{"wprm-recipe-roundup-name":"","wprm-recipe-roundup-description":""},"product_brand":[12063],"product_cat":[240,318],"product_tag":[340,320,339],"class_list":{"0":"post-8036","1":"product","2":"type-product","3":"status-publish","4":"has-post-thumbnail","6":"product_brand-vegetology","7":"product_cat-allahinnatud","8":"product_cat-vegan-toidulisandid","9":"product_tag-energia","10":"product_tag-toidulisand","11":"product_tag-vasimusevastane","12":"j79_wcxd_expiry_type-best-before","14":"first","15":"outofstock","16":"sale","17":"taxable","18":"shipping-taxable","19":"purchasable","20":"product-type-simple"},"supplier_id":9147,"supplier_sku":"","barcode":"5060351380218","atum_controlled":true,"out_stock_date":null,"out_stock_threshold":null,"inheritable":false,"inbound_stock":0,"stock_on_hold":0,"sold_today":0,"sales_last_days":0,"reserved_stock":0,"customer_returns":0,"warehouse_damage":0,"lost_in_post":0,"other_logs":0,"out_stock_days":0,"lost_sales":0,"has_location":false,"update_date":"2026-04-10T14:29:59","atum_locations":[],"atum_stock_status":"outofstock","restock_status":false,"low_stock_amount":"","sales_update_date":"2026-04-10T14:29:59","calc_backorders":null,"aioseo_notices":[],"_links":{"self":[{"href":"https:\/\/ecoshop.ee\/lt\/wp-json\/wp\/v2\/product\/8036","targetHints":{"allow":["GET"]}}],"collection":[{"href":"https:\/\/ecoshop.ee\/lt\/wp-json\/wp\/v2\/product"}],"about":[{"href":"https:\/\/ecoshop.ee\/lt\/wp-json\/wp\/v2\/types\/product"}],"replies":[{"embeddable":true,"href":"https:\/\/ecoshop.ee\/lt\/wp-json\/wp\/v2\/comments?post=8036"}],"version-history":[{"count":0,"href":"https:\/\/ecoshop.ee\/lt\/wp-json\/wp\/v2\/product\/8036\/revisions"}],"wp:featuredmedia":[{"embeddable":true,"href":"https:\/\/ecoshop.ee\/lt\/wp-json\/wp\/v2\/media\/8006"}],"wp:attachment":[{"href":"https:\/\/ecoshop.ee\/lt\/wp-json\/wp\/v2\/media?parent=8036"}],"wp:term":[{"taxonomy":"product_brand","embeddable":true,"href":"https:\/\/ecoshop.ee\/lt\/wp-json\/wp\/v2\/product_brand?post=8036"},{"taxonomy":"product_cat","embeddable":true,"href":"https:\/\/ecoshop.ee\/lt\/wp-json\/wp\/v2\/product_cat?post=8036"},{"taxonomy":"product_tag","embeddable":true,"href":"https:\/\/ecoshop.ee\/lt\/wp-json\/wp\/v2\/product_tag?post=8036"}],"curies":[{"name":"wp","href":"https:\/\/api.w.org\/{rel}","templated":true}]}}