{"id":8038,"date":"2024-09-18T20:03:53","date_gmt":"2024-09-18T17:03:53","guid":{"rendered":"https:\/\/ecoshop.ee\/?post_type=product&#038;p=8038"},"modified":"2026-03-31T01:02:53","modified_gmt":"2026-03-30T22:02:53","slug":"vitamin-c-maisto-papildas-su-bioflavonoidaisnoids-n60","status":"publish","type":"product","link":"https:\/\/ecoshop.ee\/lt\/vegan-toidulisandid\/vitamiin-c-toidulisand-koos-bioflavonoididega-n60\/","title":{"rendered":"Vitamino C papildas su bioflavonoidais noids, N60"},"content":{"rendered":"<p>Vitaminas C + citrusini\u0173 vaisi\u0173 bioflavonasnoides imuninei sistemai palaikyti<\/p>\n<p><strong>Didel\u0117s koncentracijos 500 mg, \u0161velnus skrand\u017eiui.<\/strong> M\u016bs\u0173 vitamino C sud\u0117tyje yra 500 mg C-vitamine ir 100 mg citrusini\u0173 vaisi\u0173 bioflavononoide, kurie yra galingas antioksidant\u0173 derinys. \u0160i formul\u0117 sukurta taip, kad optimizuot\u0173 absorbcij\u0105 organizme ir suteikt\u0173 imuninei sistemai reikiam\u0105 param\u0105.<\/p>\n<p><strong>Pagrindiniai privalumai:<\/strong><\/p>\n<ul>\n<li><strong>Imunin\u0117s sistemos palaikymas:<\/strong> Palaiko imunin\u0119 sistem\u0105 1TP206 Termin\u0117 funkcija 1TP185 Tst intensyvaus fizinio kr\u016bvio metu ir po jo.<\/li>\n<li><strong>Kolageno gamyba:<\/strong> Prisideda prie kolageno, kuris yra svarbus kraujo, kaul\u0173, kremzli\u0173, danten\u0173, odos ir dant\u0173 sveikatai, susidarymo.<\/li>\n<li><strong>Metabolizmo palaikymas:<\/strong> Skatina 1TP206 \u0161ilumin\u0117s energijos metabolizm\u0105.<\/li>\n<\/ul>\n<p><strong>Tvariai pagamintas vitaminas C:<\/strong> Ie\u0161kodami aplinkai nekenksming\u0173 alternatyv\u0173, kruop\u0161\u010diai atrenkame visk\u0105, kas \u012fmanomaused. Nors nat\u016bralus da\u017eniausiai yra geriausias, nustat\u0117me, kad C-vitamiin atveju sintetinis variantas yra tvariausias. Naudodami susintetint\u0105 C-vitamiin, galime sutaupyti daug vaisi\u0173 ir kit\u0173 neskaldyt\u0173 maisto produkt\u0173, taip suma\u017eindami atliekas gamybos proceso metu.<\/p>\n<p><strong>Ar \u017einojai?<\/strong><br \/>\nM\u016bs\u0173 organizmas pats negali pasigaminti C-vitamiN, tod\u0117l turime j\u012f gauti su maistu. Nors \u0161vie\u017ei vaisiai ir dar\u017eov\u0117s yra puik\u016bs \u0161altiniai, C-vitamiN lengvai sunaikinamas j\u012f kaitinant, u\u017e\u0161aldant ar net tiesiog laikant. Be to, organizmas negali kaupti C-vitamiN, tod\u0117l svarbu reguliariai vartoti papildus.<\/p>","protected":false},"excerpt":{"rendered":"<p>Vitamiin C + Tsitruse Bioflavonoidid Immuuns\u00fcsteemi Toetuseks K\u00f5rge tugevusega 500mg, \u00f5rn k\u00f5hule. Meie Vitamiin C sisaldab 500mg C-vitamiini ja 100mg tsitruse bioflavonoide,&hellip;<\/p>","protected":false},"featured_media":8017,"comment_status":"open","ping_status":"closed","template":"","meta":{"wprm-recipe-roundup-name":"","wprm-recipe-roundup-description":""},"product_brand":[12063],"product_cat":[318],"product_tag":[320,341],"class_list":{"0":"post-8038","1":"product","2":"type-product","3":"status-publish","4":"has-post-thumbnail","6":"product_brand-vegetology","7":"product_cat-vegan-toidulisandid","8":"product_tag-toidulisand","9":"product_tag-vitamiin-c","10":"j79_wcxd_expiry_type-best-before","12":"first","13":"instock","14":"taxable","15":"shipping-taxable","16":"purchasable","17":"product-type-simple"},"supplier_id":9147,"supplier_sku":"","barcode":"5060351380416","atum_controlled":true,"out_stock_date":null,"out_stock_threshold":null,"inheritable":false,"inbound_stock":0,"stock_on_hold":0,"sold_today":0,"sales_last_days":0,"reserved_stock":0,"customer_returns":0,"warehouse_damage":0,"lost_in_post":0,"other_logs":0,"out_stock_days":0,"lost_sales":0,"has_location":false,"update_date":"2026-04-10T14:29:59","atum_locations":[],"atum_stock_status":"instock","restock_status":false,"low_stock_amount":"","sales_update_date":"2026-04-10T14:29:59","calc_backorders":null,"aioseo_notices":[],"_links":{"self":[{"href":"https:\/\/ecoshop.ee\/lt\/wp-json\/wp\/v2\/product\/8038","targetHints":{"allow":["GET"]}}],"collection":[{"href":"https:\/\/ecoshop.ee\/lt\/wp-json\/wp\/v2\/product"}],"about":[{"href":"https:\/\/ecoshop.ee\/lt\/wp-json\/wp\/v2\/types\/product"}],"replies":[{"embeddable":true,"href":"https:\/\/ecoshop.ee\/lt\/wp-json\/wp\/v2\/comments?post=8038"}],"version-history":[{"count":0,"href":"https:\/\/ecoshop.ee\/lt\/wp-json\/wp\/v2\/product\/8038\/revisions"}],"wp:featuredmedia":[{"embeddable":true,"href":"https:\/\/ecoshop.ee\/lt\/wp-json\/wp\/v2\/media\/8017"}],"wp:attachment":[{"href":"https:\/\/ecoshop.ee\/lt\/wp-json\/wp\/v2\/media?parent=8038"}],"wp:term":[{"taxonomy":"product_brand","embeddable":true,"href":"https:\/\/ecoshop.ee\/lt\/wp-json\/wp\/v2\/product_brand?post=8038"},{"taxonomy":"product_cat","embeddable":true,"href":"https:\/\/ecoshop.ee\/lt\/wp-json\/wp\/v2\/product_cat?post=8038"},{"taxonomy":"product_tag","embeddable":true,"href":"https:\/\/ecoshop.ee\/lt\/wp-json\/wp\/v2\/product_tag?post=8038"}],"curies":[{"name":"wp","href":"https:\/\/api.w.org\/{rel}","templated":true}]}}