{"id":8040,"date":"2024-09-18T20:36:34","date_gmt":"2024-09-18T17:36:34","guid":{"rendered":"https:\/\/ecoshop.ee\/?post_type=product&#038;p=8040"},"modified":"2026-04-07T13:38:52","modified_gmt":"2026-04-07T10:38:52","slug":"veganiskas-omega-3-skystis-be-skonio-150-ml","status":"publish","type":"product","link":"https:\/\/ecoshop.ee\/lt\/vegan-toidulisandid\/vegan-omega-3-vedelik-maitseta-150ml\/","title":{"rendered":"Vegani\u0161kas omega-3 skystis, beskonis, 150 ml"},"content":{"rendered":"<p><strong>Opti-3\u00ae skystis (be skonio) \u2013 <\/strong>Vegani\u0161kas Omega-3 EPA ir DHA<\/p>\n<p>I\u0161gaunamas i\u0161 mikrodumbli\u0173. <strong>300 mg EPA<\/strong> ir <strong>500 mg DHR<\/strong> + Vitaminas D3.<\/p>\n<p>M\u016bs\u0173 100% nat\u016bralus omega-3 yra pagamintas tiesiai i\u0161 mikrodumbli\u0173, auginam\u0173 specialioje gamybos \u012fmon\u0117je. Jis si\u016blo visas \u017euv\u0173 tauk\u0173 omega-3 teikiamas savybes, be su \u017euv\u0173 taukais susijusi\u0173 saugumo ir tvarumo problem\u0173. Suteikia didel\u0119 EPA ir DHA doz\u0119 \u2013 bioaktyvias omega-3 formas, kurias organizmas optimaliai pasisavina. Tinka visai \u0161eimai!<\/p>\n<p><strong>Pagrindiniai privalumai:<\/strong><\/p>\n<ul>\n<li><strong>Smegen\u0173 darbas:<\/strong> DHA padeda palaikyti normali\u0105 smegen\u0173 funkcij\u0105.<\/li>\n<li><strong>Reg\u0117jimo palaikymas:<\/strong> DHA padeda palaikyti normal\u0173 reg\u0117jim\u0105 1TP204.<\/li>\n<li><strong>\u0160irdies sveikata:<\/strong> EPA ir DHA padeda palaikyti normali\u0105 \u0161irdies funkcij\u0105.<\/li>\n<\/ul>\n<p><strong>Omega-3 i\u0161 mikrodumbli\u0173:<\/strong><br \/>\nDauguma omega-3 papild\u0173 yra gaminami i\u0161 netvaraus \u017euv\u0173 tauk\u0173, kuri\u0173 vienam buteliukui pagaminti gali prireikti iki 50 \u017euv\u0173, o \u012f kiekvien\u0105 kapsul\u0119 i\u0161 vandenyn\u0173 patenka toksin\u0173. Ties\u0105 sakant, \u017euvys omega-3 gauna i\u0161 maisto \u2013 dumbli\u0173, o ne pa\u010dios jas gamina. Mes praleidome tarpin\u012f \u017eingsn\u012f ir suk\u016br\u0117me saugesn\u0119, tvaresn\u0119 alternatyv\u0105 i\u0161 specialiuose rezervuaruose auginam\u0173 mikrodumbli\u0173.<\/p>\n<p><strong>Tinka vaikams:<\/strong><br \/>\nOmega-3 skystis tinka visai \u0161eimai. J\u012f galima gerti \u0161auk\u0161teliu arba \u012fmai\u0161yti \u012f maist\u0105. K\u016bdikiams ir vaikams iki 2 met\u0173 am\u017eiaus \u2013 2,5 ml (pus\u0117 arbatinio \u0161auk\u0161telio).<\/p>\n<p><strong>Ar \u017einojai?<\/strong><br \/>\n\u017duvys pa\u010dios omega-3 negamina, jos jas gauna su maistu \u2013 dumbliais. M\u016bs\u0173 omega-3 sud\u0117tyje yra EPA ir DHA tinkama forma, kuri\u0105 j\u016bs\u0173 organizmas turi \u012fsisavinti ir panaudoti \u2013 lygiai tokia pa\u010dia forma, kokia randama \u017euvyje. Jos netgi stipresn\u0117s nei dauguma \u017euvies pagrindu pagamint\u0173 papild\u0173!<\/p>\n<p><strong>Kas yra kiekviename butelyje?<\/strong><br \/>\nAlyvuogi\u0173 aliejuje pateikta 5 ml paros doz\u0117 suteikia ma\u017eiausiai 300 mg EPA ir 500 mg DHA, taip pat 5 \u00b5g (200 TV) augalin\u0117s kilm\u0117s vitamiin D3. Tai atitinka 835 mg bendro omega-3 kiekio. Kiekvieno 150 ml buteliuko u\u017etenka 1 m\u0117nesiui.<\/p>\n<p>&nbsp;<\/p>\n<p><iframe title=\"Atskleiskite dumbli\u0173 gali\u0105: kod\u0117l @vegetologyuk Omega-3 kei\u010dia smegen\u0173, \u0161irdies ir Eyes veikl\u0105!\" width=\"1160\" height=\"653\" src=\"https:\/\/www.youtube.com\/embed\/nzoS4FpDii8?start=1&#038;feature=oembed\" frameborder=\"0\" allow=\"accelerometer; autoplay; clipboard-write; encrypted-media; gyroscope; picture-in-picture; web-share\" referrerpolicy=\"strict-origin-when-cross-origin\" allowfullscreen><\/iframe><\/p>","protected":false},"excerpt":{"rendered":"<p>Opti-3\u00ae Vedelik (Maitseta) &#8211; Vegan Omega-3 EPA &amp; DHA Mikrovetikatest saadud. 300mg EPA &amp; 500mg DHA + Vitamiin D3. Meie 100% looduslik&hellip;<\/p>","protected":false},"featured_media":8013,"comment_status":"open","ping_status":"closed","template":"","meta":{"wprm-recipe-roundup-name":"","wprm-recipe-roundup-description":""},"product_brand":[12063],"product_cat":[318],"product_tag":[319,320],"class_list":{"0":"post-8040","1":"product","2":"type-product","3":"status-publish","4":"has-post-thumbnail","6":"product_brand-vegetology","7":"product_cat-vegan-toidulisandid","8":"product_tag-omega-3","9":"product_tag-toidulisand","10":"j79_wcxd_expiry_type-best-before","12":"first","13":"instock","14":"taxable","15":"shipping-taxable","16":"purchasable","17":"product-type-simple"},"supplier_id":9147,"supplier_sku":"","barcode":"5060351380294","atum_controlled":true,"out_stock_date":null,"out_stock_threshold":null,"inheritable":false,"inbound_stock":0,"stock_on_hold":0,"sold_today":0,"sales_last_days":1,"reserved_stock":0,"customer_returns":0,"warehouse_damage":0,"lost_in_post":0,"other_logs":0,"out_stock_days":0,"lost_sales":0,"has_location":false,"update_date":"2026-04-11T10:48:57","atum_locations":[],"atum_stock_status":"instock","restock_status":false,"low_stock_amount":"","sales_update_date":"2026-04-11T10:48:57","calc_backorders":null,"aioseo_notices":[],"_links":{"self":[{"href":"https:\/\/ecoshop.ee\/lt\/wp-json\/wp\/v2\/product\/8040","targetHints":{"allow":["GET"]}}],"collection":[{"href":"https:\/\/ecoshop.ee\/lt\/wp-json\/wp\/v2\/product"}],"about":[{"href":"https:\/\/ecoshop.ee\/lt\/wp-json\/wp\/v2\/types\/product"}],"replies":[{"embeddable":true,"href":"https:\/\/ecoshop.ee\/lt\/wp-json\/wp\/v2\/comments?post=8040"}],"version-history":[{"count":0,"href":"https:\/\/ecoshop.ee\/lt\/wp-json\/wp\/v2\/product\/8040\/revisions"}],"wp:featuredmedia":[{"embeddable":true,"href":"https:\/\/ecoshop.ee\/lt\/wp-json\/wp\/v2\/media\/8013"}],"wp:attachment":[{"href":"https:\/\/ecoshop.ee\/lt\/wp-json\/wp\/v2\/media?parent=8040"}],"wp:term":[{"taxonomy":"product_brand","embeddable":true,"href":"https:\/\/ecoshop.ee\/lt\/wp-json\/wp\/v2\/product_brand?post=8040"},{"taxonomy":"product_cat","embeddable":true,"href":"https:\/\/ecoshop.ee\/lt\/wp-json\/wp\/v2\/product_cat?post=8040"},{"taxonomy":"product_tag","embeddable":true,"href":"https:\/\/ecoshop.ee\/lt\/wp-json\/wp\/v2\/product_tag?post=8040"}],"curies":[{"name":"wp","href":"https:\/\/api.w.org\/{rel}","templated":true}]}}