{"id":8053,"date":"2024-09-18T21:40:28","date_gmt":"2024-09-18T18:40:28","guid":{"rendered":"https:\/\/ecoshop.ee\/?post_type=product&#038;p=8053"},"modified":"2026-04-21T00:44:12","modified_gmt":"2026-04-20T21:44:12","slug":"vitamin-d3-papildas-1000iu-n60","status":"publish","type":"product","link":"https:\/\/ecoshop.ee\/lt\/vegan-toidulisandid\/vitamiin-d3-toidulisand-1000iu-n60\/","title":{"rendered":"Vitamino D3 papildas 1000iu, N60"},"content":{"rendered":"<p><strong>Vitaminas D3. I\u0161gaunamas i\u0161 kerpi\u0173. Didel\u0117s koncentracijos 62,5 \u00b5g (1000 TV)<\/strong><\/p>\n<p>N\u00e4rimi tablet\u0117 su vegani\u0161ku D3-vitamin. M\u0117gaukit\u0117s saul\u0117s \u0161viesos teikiama nauda be tiesiogini\u0173 saul\u0117s spinduli\u0173. M\u016bs\u0173 i\u0161skirtinis vegani\u0161kas D3-vitamin yra sukurtas su kerp\u0117mis \u2013 ekologi\u0161ku augaliniu \u0161altiniu, kuris u\u017etikrina optimal\u0173 \u012fsisavinim\u0105, kad palaikyt\u0173 sveikus kaulus, raumenis ir imunin\u0117s sistemos funkcij\u0105.<\/p>\n<p><strong>Pagrindiniai privalumai:<\/strong><\/p>\n<ul>\n<li><strong>Skeleto ir raumen\u0173 sistemos prie\u017ei\u016bra:<\/strong> Palaiko normal kaul\u0173, dant\u0173 ir raumen\u0173 funkcij\u0105.<\/li>\n<li><strong>Imunin\u0117s sistemos palaikymas:<\/strong> Prisideda prie tinkamo imunin\u0117s sistemos veikimo.<\/li>\n<li><strong>Kalcio reguliavimas:<\/strong> Palaiko normal\u0173 kalcio kiek\u012f kraujyje.<\/li>\n<\/ul>\n<p><strong>D3-1TP169 Alavas i\u0161 kerpi\u0173:<\/strong><br \/>\nDauguma D-vitamiin papild\u0173 yra gyv\u016bnin\u0117s kilm\u0117s, da\u017enai gaunami i\u0161 gyv\u016bn\u0173 odos arba avi\u0173 vilnos. Nusprend\u0117me sukurti vegani\u0161k\u0105 alternatyv\u0105. M\u016bs\u0173 D3-vitamiin yra gaunamas i\u0161 kerpi\u0173 \u2013 unikalaus ekologi\u0161ko augalo, kuriame gausu maistini\u0173 med\u017eiag\u0173 ir kuris gaminamas nenaudojant kenksming\u0173 pesticid\u0173, tirpikli\u0173 ar \u017eiauraus elgesio su gyv\u016bnais.<\/p>\n<p><strong>Ar \u017einojai?<\/strong><br \/>\nDaugelis m\u016bs\u0173 jau\u010diam\u0117s laimingesni ir sveikesni b\u016bdami saul\u0117je. Taip yra d\u0117l D-vitamiin, kur\u012f m\u016bs\u0173 oda gamina veikiama UV spinduli\u0173.<\/p>","protected":false},"excerpt":{"rendered":"<p>Vitamiin D3. Toodetud samblikest. K\u00f5rge tugevus 62,5\u00b5g (1000iu) N\u00e4rimistablett vegan D3-vitamiiniga. Nautige p\u00e4ikesevalguse eeliseid ilma otsese p\u00e4ikese k\u00e4es viibimiseta. Meie eksklusiivne vegan&hellip;<\/p>","protected":false},"featured_media":8018,"comment_status":"open","ping_status":"closed","template":"","meta":{"wprm-recipe-roundup-name":"","wprm-recipe-roundup-description":""},"product_brand":[12063],"product_cat":[318],"product_tag":[320,342],"class_list":{"0":"post-8053","1":"product","2":"type-product","3":"status-publish","4":"has-post-thumbnail","6":"product_brand-vegetology","7":"product_cat-vegan-toidulisandid","8":"product_tag-toidulisand","9":"product_tag-vitamiin-d3","10":"j79_wcxd_expiry_type-best-before","12":"first","13":"instock","14":"taxable","15":"shipping-taxable","16":"purchasable","17":"product-type-simple"},"supplier_id":9147,"supplier_sku":"","barcode":"5060351380140","atum_controlled":true,"out_stock_date":null,"out_stock_threshold":null,"inheritable":false,"inbound_stock":0,"stock_on_hold":0,"sold_today":0,"sales_last_days":0,"reserved_stock":0,"customer_returns":0,"warehouse_damage":0,"lost_in_post":0,"other_logs":0,"out_stock_days":0,"lost_sales":0,"has_location":false,"update_date":"2026-04-20T21:44:13","atum_locations":[],"atum_stock_status":"instock","restock_status":false,"low_stock_amount":"","sales_update_date":"2026-04-10T14:29:59","calc_backorders":null,"aioseo_notices":[],"_links":{"self":[{"href":"https:\/\/ecoshop.ee\/lt\/wp-json\/wp\/v2\/product\/8053","targetHints":{"allow":["GET"]}}],"collection":[{"href":"https:\/\/ecoshop.ee\/lt\/wp-json\/wp\/v2\/product"}],"about":[{"href":"https:\/\/ecoshop.ee\/lt\/wp-json\/wp\/v2\/types\/product"}],"replies":[{"embeddable":true,"href":"https:\/\/ecoshop.ee\/lt\/wp-json\/wp\/v2\/comments?post=8053"}],"version-history":[{"count":0,"href":"https:\/\/ecoshop.ee\/lt\/wp-json\/wp\/v2\/product\/8053\/revisions"}],"wp:featuredmedia":[{"embeddable":true,"href":"https:\/\/ecoshop.ee\/lt\/wp-json\/wp\/v2\/media\/8018"}],"wp:attachment":[{"href":"https:\/\/ecoshop.ee\/lt\/wp-json\/wp\/v2\/media?parent=8053"}],"wp:term":[{"taxonomy":"product_brand","embeddable":true,"href":"https:\/\/ecoshop.ee\/lt\/wp-json\/wp\/v2\/product_brand?post=8053"},{"taxonomy":"product_cat","embeddable":true,"href":"https:\/\/ecoshop.ee\/lt\/wp-json\/wp\/v2\/product_cat?post=8053"},{"taxonomy":"product_tag","embeddable":true,"href":"https:\/\/ecoshop.ee\/lt\/wp-json\/wp\/v2\/product_tag?post=8053"}],"curies":[{"name":"wp","href":"https:\/\/api.w.org\/{rel}","templated":true}]}}