{"id":8057,"date":"2024-09-18T22:14:18","date_gmt":"2024-09-18T19:14:18","guid":{"rendered":"https:\/\/ecoshop.ee\/?post_type=product&#038;p=8057"},"modified":"2026-05-11T23:17:32","modified_gmt":"2026-05-11T20:17:32","slug":"miego-palaikymo-papildas-n60","status":"publish","type":"product","link":"https:\/\/ecoshop.ee\/lt\/vegan-toidulisandid\/und-toetav-toidulisand-n60\/","title":{"rendered":"Miego palaikymo papildas, N60"},"content":{"rendered":"<p><strong>\u0160afranas, Ashwagandha, vitaminas B6, magnis, cinkas, melisa ir L-teaninas<\/strong><\/p>\n<p>Palaikykite sveik\u0105 mieg\u0105. Atsipalaiduokite nat\u016braliai su m\u016bs\u0173 miego palaikymo formule \u2013 unikaliu 1TP170 skardin\u0117s pakuot\u0117s, mineral\u0173 ir aktyvi\u0173j\u0173 botanini\u0173 ingredient\u0173 deriniu, moksli\u0161kai sukurtu siekiant pad\u0117ti suma\u017einti da\u017enas miego problemas, tokias kaip nerimas ir neramumas. Ji sukurta siekiant sukelti ramyb\u0119 ir atsipalaidavim\u0105, pad\u0117ti jums greitai u\u017emigti ir m\u0117gautis kokybi\u0161ku, giliu miegu vis\u0105 nakt\u012f, be \u0161alutinio mieguistumo poveikio kit\u0105 dien\u0105.<\/p>\n<p><strong>Pagrindiniai privalumai:<\/strong><\/p>\n<ul>\n<li><strong>Hormon\u0173 reguliavimasrimine:<\/strong> Vitaminas B6 padeda reguliuoti hormon\u0173 aktyvum\u0105.<\/li>\n<li><strong>Nuovargio ma\u017einimas:<\/strong> Magnis padeda suma\u017einti nuovarg\u012f ir i\u0161sekim\u0105.<\/li>\n<li><strong>Kognityvin\u0117 parama:<\/strong> Cinkas palaiko normin\u0119 kognityvin\u0119 funkcij\u0105.<\/li>\n<\/ul>\n<p><strong>Ekologi\u0161ki augal\u0173 ekstraktai:<\/strong> Visi m\u016bs\u0173 augal\u0173 ekstraktai gaunami i\u0161 gamybos viet\u0173, kuriose daugiau pasodinama nei nuimama derliaus, taip u\u017etikrinant teigiam\u0105 poveik\u012f aplinkai.<\/p>\n<p><strong>Tikslin\u0117 formul\u0117:<\/strong> Sud\u0117tyje yra kruop\u0161\u010diai atrinkt\u0173 vitamines, mineral\u0173 ir aktyvi\u0173j\u0173 \u017eoleli\u0173 ingredient\u0173, toki\u0173 kaip \u017ealiosios arbatos ekstraktas, a\u0161vaganda, melisa ir \u0161afranas. Tinkamas \u0161i\u0173 med\u017eiag\u0173 derinys sukuria vien\u0105 kapsul\u0119, kuri padeda atsipalaiduoti j\u016bs\u0173 k\u016bnui ir protui dienos pabaigoje ir u\u017etikrina gil\u0173, sveik\u0105 mieg\u0105 vis\u0105 nakt\u012f.<\/p>\n<p>Tinka suaugusiesiems ir vaikams nuo 11 met\u0173 am\u017eiaus (d\u0117l tablet\u0117s dyd\u017eio).<\/p>","protected":false},"excerpt":{"rendered":"<p>Safran, Ashwagandha, Vit B6, Magneesium, Tsink, Sidrunmeliss &amp; L-teaniin Toeta enda tervislikku und. L\u00f5dvestu loomulikult meie Sleep Support valemiga \u2013 unikaalne kombinatsioon&hellip;<\/p>","protected":false},"featured_media":9650,"comment_status":"open","ping_status":"closed","template":"","meta":{"wprm-recipe-roundup-name":"","wprm-recipe-roundup-description":""},"product_brand":[12063],"product_cat":[240,318],"product_tag":[320,345,344],"class_list":{"0":"post-8057","1":"product","2":"type-product","3":"status-publish","4":"has-post-thumbnail","6":"product_brand-vegetology","7":"product_cat-allahinnatud","8":"product_cat-vegan-toidulisandid","9":"product_tag-toidulisand","10":"product_tag-und-toetav","11":"product_tag-uni","12":"j79_wcxd_expiry_type-best-before","14":"first","15":"instock","16":"sale","17":"taxable","18":"shipping-taxable","19":"purchasable","20":"product-type-simple"},"supplier_id":9147,"supplier_sku":"","barcode":"5060351380461","atum_controlled":true,"out_stock_date":null,"out_stock_threshold":null,"inheritable":false,"inbound_stock":0,"stock_on_hold":0,"sold_today":0,"sales_last_days":1,"reserved_stock":0,"customer_returns":0,"warehouse_damage":0,"lost_in_post":0,"other_logs":0,"out_stock_days":0,"lost_sales":0,"has_location":false,"update_date":"2026-05-12T21:04:38","atum_locations":[],"atum_stock_status":"instock","restock_status":true,"low_stock_amount":"","sales_update_date":"2026-05-12T21:04:38","calc_backorders":null,"aioseo_notices":[],"_links":{"self":[{"href":"https:\/\/ecoshop.ee\/lt\/wp-json\/wp\/v2\/product\/8057","targetHints":{"allow":["GET"]}}],"collection":[{"href":"https:\/\/ecoshop.ee\/lt\/wp-json\/wp\/v2\/product"}],"about":[{"href":"https:\/\/ecoshop.ee\/lt\/wp-json\/wp\/v2\/types\/product"}],"replies":[{"embeddable":true,"href":"https:\/\/ecoshop.ee\/lt\/wp-json\/wp\/v2\/comments?post=8057"}],"version-history":[{"count":1,"href":"https:\/\/ecoshop.ee\/lt\/wp-json\/wp\/v2\/product\/8057\/revisions"}],"predecessor-version":[{"id":396015,"href":"https:\/\/ecoshop.ee\/lt\/wp-json\/wp\/v2\/product\/8057\/revisions\/396015"}],"wp:featuredmedia":[{"embeddable":true,"href":"https:\/\/ecoshop.ee\/lt\/wp-json\/wp\/v2\/media\/9650"}],"wp:attachment":[{"href":"https:\/\/ecoshop.ee\/lt\/wp-json\/wp\/v2\/media?parent=8057"}],"wp:term":[{"taxonomy":"product_brand","embeddable":true,"href":"https:\/\/ecoshop.ee\/lt\/wp-json\/wp\/v2\/product_brand?post=8057"},{"taxonomy":"product_cat","embeddable":true,"href":"https:\/\/ecoshop.ee\/lt\/wp-json\/wp\/v2\/product_cat?post=8057"},{"taxonomy":"product_tag","embeddable":true,"href":"https:\/\/ecoshop.ee\/lt\/wp-json\/wp\/v2\/product_tag?post=8057"}],"curies":[{"name":"wp","href":"https:\/\/api.w.org\/{rel}","templated":true}]}}