{"id":8059,"date":"2024-09-18T22:32:08","date_gmt":"2024-09-18T19:32:08","guid":{"rendered":"https:\/\/ecoshop.ee\/?post_type=product&#038;p=8059"},"modified":"2026-05-11T08:57:21","modified_gmt":"2026-05-11T05:57:21","slug":"menopausi-maisto-papildas-n60","status":"publish","type":"product","link":"https:\/\/ecoshop.ee\/lt\/vegan-toidulisandid\/menopausi-toidulisand-n60\/","title":{"rendered":"Menopaus maisto papildas, N60"},"content":{"rendered":"<p><strong>Kasdienis multivitamin\u0173 preparatas su 23 vitaminais ir mineralais, \u012fskaitant soj\u0173 izoflavonus, \u0161alavij\u0105 ir a\u0161vagand\u0105.<\/strong><\/p>\n<p>Kei\u010diantis m\u016bs\u0173 k\u016bnams, kei\u010diasi ir m\u016bs\u0173 mitybos poreikiai. Maisto papildas \u201eMenopausi\u201c si\u016blo tikslin\u0119 param\u0105, moksli\u0161kai sukurtas taip, kad u\u017etikrint\u0173 optimal\u0173 23 vitamin\u0173 ir mineral\u0173 balans\u0105 kartu su soj\u0173 izoflavonais ir aktyviais botaniniais ingredientais. Kiekviena kapsul\u0117, kurioje derinami ingredientai, da\u017enai prieinami tik atskirai, yra sukurta kovai su daugialypiu menopausi ir perinopausi poveikiu, tokiu kaip nuotaik\u0173 svyravimai, silpni kaulai ir \u017eemas energijos lygis. Jis sukurtas siekiant u\u017etikrinti optimal\u0173 kiekvienos maistin\u0117s med\u017eiagos \u012fsisavinim\u0105 ir biologin\u012f aktyvum\u0105 organizme.<\/p>\n<p><strong>Pagrindiniai privalumai:<\/strong><\/p>\n<ul>\n<li><strong>Hormon\u0173 reguliavimasrimine:<\/strong> Padeda reguliuoti hormon\u0173 aktyvum\u0105.<\/li>\n<li><strong>Nuovargio ma\u017einimas:<\/strong> Padeda suma\u017einti nuovarg\u012f ir i\u0161sekim\u0105.<\/li>\n<li><strong>Raumen\u0173 ir kaul\u0173 sistemos prie\u017ei\u016bra:<\/strong> Palaiko normali\u0105 kaul\u0173, dant\u0173, odos, plauk\u0173, nag\u0173, raumen\u0173 ir reg\u0117jimo funkcij\u0105.<\/li>\n<\/ul>\n<p><strong>Ar \u017einojai?<\/strong><br \/>\nMenopauz\u0117 yra nat\u016bralus etapas, kai nutr\u016bksta moters menstruaciniai ciklai. Menopauz\u0117 diagnozuojama po 12 m\u0117nesi\u0173 i\u0161 eil\u0117s be m\u0117nesini\u0173. Tai paprastai \u012fvyksta nuo 45 iki 55 met\u0173 am\u017eiaus, ta\u010diau gali skirtis.<\/p>\n<p>Vegetology Menopaus suk\u016br\u0117 m\u016bs\u0173 mitybos ekspertai, remdamiesi i\u0161samiais tyrimais ir supratimu apie specifinius mitybos poreikius menopaus vartojimo metu ir po jo. Pa\u017eangioje formul\u0117je yra atrinkt\u0173 ir subalansuot\u0173 vitamiin\u0173 bei mineral\u0173, taip pat soj\u0173 izoflavon\u0173 ir aktyvi\u0173 botanini\u0173 ingredient\u0173, kurie teikia tikslin\u0119 param\u0105.<\/p>\n<p><strong>Kiekvienoje kapsul\u0117je yra 26 vitaminai ir mineralai kartu su soj\u0173 izoflavonais, \u0161alaviju ir ashwagandha.<\/strong><\/p>\n<p>Be hormon\u0173. M\u016bs\u0173 Menopaus papildas sukurtas su patikrintais ingredientais, kurie pad\u0117s jums jaustis energingesniems, susikaupusiems, suma\u017einti stres\u0105 ir pagerinti nuotaik\u0105.<\/p>","protected":false},"excerpt":{"rendered":"<p>Igap\u00e4evane multivitamiin koos 23 vitamiini ja mineraaliga, sh soja isoflavoonid, salvei ja ashwagandha. Meie keha muutudes muutuvad ka meie toitumisvajadused. Menopausi toidulisand&hellip;<\/p>","protected":false},"featured_media":8010,"comment_status":"open","ping_status":"closed","template":"","meta":{"wprm-recipe-roundup-name":"","wprm-recipe-roundup-description":""},"product_brand":[12063],"product_cat":[318],"product_tag":[346,320],"class_list":{"0":"post-8059","1":"product","2":"type-product","3":"status-publish","4":"has-post-thumbnail","6":"product_brand-vegetology","7":"product_cat-vegan-toidulisandid","8":"product_tag-menopaus","9":"product_tag-toidulisand","10":"j79_wcxd_expiry_type-best-before","12":"first","13":"instock","14":"taxable","15":"shipping-taxable","16":"purchasable","17":"product-type-simple"},"supplier_id":9147,"supplier_sku":"","barcode":"5060351380447","atum_controlled":true,"out_stock_date":null,"out_stock_threshold":null,"inheritable":false,"inbound_stock":0,"stock_on_hold":0,"sold_today":0,"sales_last_days":3,"reserved_stock":0,"customer_returns":0,"warehouse_damage":0,"lost_in_post":0,"other_logs":0,"out_stock_days":0,"lost_sales":0,"has_location":false,"update_date":"2026-05-13T12:28:12","atum_locations":[],"atum_stock_status":"instock","restock_status":false,"low_stock_amount":"","sales_update_date":"2026-05-13T12:28:12","calc_backorders":null,"aioseo_notices":[],"_links":{"self":[{"href":"https:\/\/ecoshop.ee\/lt\/wp-json\/wp\/v2\/product\/8059","targetHints":{"allow":["GET"]}}],"collection":[{"href":"https:\/\/ecoshop.ee\/lt\/wp-json\/wp\/v2\/product"}],"about":[{"href":"https:\/\/ecoshop.ee\/lt\/wp-json\/wp\/v2\/types\/product"}],"replies":[{"embeddable":true,"href":"https:\/\/ecoshop.ee\/lt\/wp-json\/wp\/v2\/comments?post=8059"}],"version-history":[{"count":0,"href":"https:\/\/ecoshop.ee\/lt\/wp-json\/wp\/v2\/product\/8059\/revisions"}],"wp:featuredmedia":[{"embeddable":true,"href":"https:\/\/ecoshop.ee\/lt\/wp-json\/wp\/v2\/media\/8010"}],"wp:attachment":[{"href":"https:\/\/ecoshop.ee\/lt\/wp-json\/wp\/v2\/media?parent=8059"}],"wp:term":[{"taxonomy":"product_brand","embeddable":true,"href":"https:\/\/ecoshop.ee\/lt\/wp-json\/wp\/v2\/product_brand?post=8059"},{"taxonomy":"product_cat","embeddable":true,"href":"https:\/\/ecoshop.ee\/lt\/wp-json\/wp\/v2\/product_cat?post=8059"},{"taxonomy":"product_tag","embeddable":true,"href":"https:\/\/ecoshop.ee\/lt\/wp-json\/wp\/v2\/product_tag?post=8059"}],"curies":[{"name":"wp","href":"https:\/\/api.w.org\/{rel}","templated":true}]}}