{"id":8502,"date":"2024-10-23T21:12:17","date_gmt":"2024-10-23T18:12:17","guid":{"rendered":"https:\/\/ecoshop.ee\/?post_type=product&#038;p=8502"},"modified":"2025-12-25T20:16:13","modified_gmt":"2025-12-25T17:16:13","slug":"japoniskas-ekologiskas-soju-padazas-yaemon-tamari-150-ml","status":"publish","type":"product","link":"https:\/\/ecoshop.ee\/lt\/piimad-ja-maarded\/jaapani-mahe-yaemon-tamari-sojakaste-150ml\/","title":{"rendered":"Japoni\u0161kas ekologi\u0161kas soj\u0173 pada\u017eas \u201eYaemon Tamari\u201c, 150 ml"},"content":{"rendered":"<p>Clearspringi ekologi\u0161kas \u201eTamari\u201c \u2013 tai dvigubo stiprumo soj\u0173 pada\u017eas be glitimo, pagamintas i\u0161 ekologi\u0161k\u0173 neskaldyt\u0173 soj\u0173 pupeli\u0173. Viename buteliuke naudojant dvigubai daugiau soj\u0173 pupeli\u0173, palyginti su \u012fprastais soj\u0173 pada\u017eais, jis pasiekia \u0161velnesn\u012f, labiau subalansuot\u0105 skon\u012f. Jis pagamintas pagal 500 met\u0173 senumo recept\u0105 ir nat\u016braliai fermentuojamas bei dvi vasaras brandinamas kedro statin\u0117se. Clearspringi \u201eTamari\u201c soj\u0173 pada\u017eas yra apdovanotas apdovanojimais u\u017e savo sodr\u0173, sud\u0117ting\u0105 ir koncentruot\u0105, ta\u010diau ne per stipr\u0173 skon\u012f. Puikiai tinka kaip mirkymo pada\u017eas, kaip su\u0161i\u0173 ir sa\u0161imi\u0173 garnyras, taip pat puikus salot\u0173 pada\u017e\u0173, marinat\u0173, pada\u017e\u0173, kept\u0173 patiekal\u0173 ir virt\u0173 dar\u017eovi\u0173 priedas.<\/p>\n<ul>\n<li>Sodrus ir pilnas skonis<\/li>\n<li>Be glitimo, be pieno produkt\u0173, be laktoz\u0117s ir vegani\u0161kas<\/li>\n<\/ul>\n<p>Clearspringi Tamari \u2013 geriausias pasirinkimas, ie\u0161kantiems auk\u0161tos kokyb\u0117s ir autenti\u0161ko japoni\u0161ko skonio.<\/p>","protected":false},"excerpt":{"rendered":"<p>Clearspringi orgaaniline Tamari on gluteenivaba ja topeltkange sojakaste, mis on valmistatud mahep\u00f5llumajanduslikest tervetest sojaseemnetest. Kasutades iga pudeli jaoks kaks korda rohkem sojaseemneid&hellip;<\/p>","protected":false},"featured_media":8503,"comment_status":"open","ping_status":"closed","template":"","meta":{"wprm-recipe-roundup-name":"","wprm-recipe-roundup-description":""},"product_brand":[],"product_cat":[325,303,302],"product_tag":[296,297,353,359],"class_list":{"0":"post-8502","1":"product","2":"type-product","3":"status-publish","4":"has-post-thumbnail","6":"product_cat-piimad-ja-maarded","7":"product_cat-mahetooted","8":"product_cat-gluteenivaba","9":"product_tag-gluteenivaba","10":"product_tag-mahe","11":"product_tag-sojakaste","12":"product_tag-tamari","13":"j79_wcxd_expiry_type-expiry-date","15":"first","16":"instock","17":"taxable","18":"shipping-taxable","19":"purchasable","20":"product-type-simple"},"supplier_id":9160,"supplier_sku":"","barcode":"5021554984931","atum_controlled":true,"out_stock_date":null,"out_stock_threshold":null,"inheritable":false,"inbound_stock":0,"stock_on_hold":0,"sold_today":0,"sales_last_days":0,"reserved_stock":0,"customer_returns":0,"warehouse_damage":0,"lost_in_post":0,"other_logs":0,"out_stock_days":0,"lost_sales":0,"has_location":false,"update_date":"2026-03-07T01:16:11","atum_locations":[],"atum_stock_status":"instock","restock_status":false,"low_stock_amount":"","sales_update_date":"2026-03-07T01:16:11","calc_backorders":null,"aioseo_notices":[],"_links":{"self":[{"href":"https:\/\/ecoshop.ee\/lt\/wp-json\/wp\/v2\/product\/8502","targetHints":{"allow":["GET"]}}],"collection":[{"href":"https:\/\/ecoshop.ee\/lt\/wp-json\/wp\/v2\/product"}],"about":[{"href":"https:\/\/ecoshop.ee\/lt\/wp-json\/wp\/v2\/types\/product"}],"replies":[{"embeddable":true,"href":"https:\/\/ecoshop.ee\/lt\/wp-json\/wp\/v2\/comments?post=8502"}],"version-history":[{"count":0,"href":"https:\/\/ecoshop.ee\/lt\/wp-json\/wp\/v2\/product\/8502\/revisions"}],"wp:featuredmedia":[{"embeddable":true,"href":"https:\/\/ecoshop.ee\/lt\/wp-json\/wp\/v2\/media\/8503"}],"wp:attachment":[{"href":"https:\/\/ecoshop.ee\/lt\/wp-json\/wp\/v2\/media?parent=8502"}],"wp:term":[{"taxonomy":"product_brand","embeddable":true,"href":"https:\/\/ecoshop.ee\/lt\/wp-json\/wp\/v2\/product_brand?post=8502"},{"taxonomy":"product_cat","embeddable":true,"href":"https:\/\/ecoshop.ee\/lt\/wp-json\/wp\/v2\/product_cat?post=8502"},{"taxonomy":"product_tag","embeddable":true,"href":"https:\/\/ecoshop.ee\/lt\/wp-json\/wp\/v2\/product_tag?post=8502"}],"curies":[{"name":"wp","href":"https:\/\/api.w.org\/{rel}","templated":true}]}}