{"id":8506,"date":"2024-10-23T21:33:56","date_gmt":"2024-10-23T18:33:56","guid":{"rendered":"https:\/\/ecoshop.ee\/?post_type=product&#038;p=8506"},"modified":"2025-12-25T20:16:14","modified_gmt":"2025-12-25T17:16:14","slug":"ekologiskas-japoniskas-shoyu-soju-padazas-500-ml","status":"publish","type":"product","link":"https:\/\/ecoshop.ee\/lt\/piimad-ja-maarded\/mahe-jaapani-shoyu-sojakaste-500ml\/","title":{"rendered":"Ekologi\u0161kas japoni\u0161kas \u201eshoyu\u201c soj\u0173 pada\u017eas, 500 ml"},"content":{"rendered":"<p>\u0160is apdovanojimus peln\u0119s soj\u0173 pada\u017eas i\u0161siskiria i\u0161 daugumos rinkoje esan\u010di\u0173 produkt\u0173. Jis yra auk\u0161\u010diausios kokyb\u0117s, pagamintas m\u016bs\u0173 meistro pagal tradicin\u012f recept\u0105. Pada\u017ee naudojamos ekologi\u0161kos neskaldytos soj\u0173 pupel\u0117s (ne soj\u0173 izoliatai) ir skrudinti pilno gr\u016bdo kvie\u010diai, kurie l\u0117tai brandinami kedro statin\u0117se nat\u016bralios fermentacijos b\u016bdu.<\/p>","protected":false},"excerpt":{"rendered":"<p>See auhinnatud sojakaste eristub selgelt enamikust turul olevatest toodetest. See on parima kvaliteediga, valmistatud meie k\u00e4sit\u00f6\u00f6meistri poolt traditsioonilise retsepti j\u00e4rgi. Kaste sisaldab&hellip;<\/p>","protected":false},"featured_media":8510,"comment_status":"open","ping_status":"closed","template":"","meta":{"wprm-recipe-roundup-name":"","wprm-recipe-roundup-description":""},"product_brand":[],"product_cat":[325,303],"product_tag":[362,297,361,353],"class_list":{"0":"post-8506","1":"product","2":"type-product","3":"status-publish","4":"has-post-thumbnail","6":"product_cat-piimad-ja-maarded","7":"product_cat-mahetooted","8":"product_tag-clearspring","9":"product_tag-mahe","10":"product_tag-shoyu","11":"product_tag-sojakaste","12":"j79_wcxd_expiry_type-expiry-date","14":"first","15":"instock","16":"taxable","17":"shipping-taxable","18":"purchasable","19":"product-type-simple"},"supplier_id":9160,"supplier_sku":"","barcode":"5021554002192","atum_controlled":true,"out_stock_date":null,"out_stock_threshold":null,"inheritable":false,"inbound_stock":0,"stock_on_hold":0,"sold_today":0,"sales_last_days":0,"reserved_stock":0,"customer_returns":0,"warehouse_damage":0,"lost_in_post":0,"other_logs":0,"out_stock_days":0,"lost_sales":0,"has_location":false,"update_date":"2026-03-07T01:16:11","atum_locations":[],"atum_stock_status":"instock","restock_status":false,"low_stock_amount":"","sales_update_date":"2026-03-07T01:16:11","calc_backorders":null,"aioseo_notices":[],"_links":{"self":[{"href":"https:\/\/ecoshop.ee\/lt\/wp-json\/wp\/v2\/product\/8506","targetHints":{"allow":["GET"]}}],"collection":[{"href":"https:\/\/ecoshop.ee\/lt\/wp-json\/wp\/v2\/product"}],"about":[{"href":"https:\/\/ecoshop.ee\/lt\/wp-json\/wp\/v2\/types\/product"}],"replies":[{"embeddable":true,"href":"https:\/\/ecoshop.ee\/lt\/wp-json\/wp\/v2\/comments?post=8506"}],"version-history":[{"count":0,"href":"https:\/\/ecoshop.ee\/lt\/wp-json\/wp\/v2\/product\/8506\/revisions"}],"wp:featuredmedia":[{"embeddable":true,"href":"https:\/\/ecoshop.ee\/lt\/wp-json\/wp\/v2\/media\/8510"}],"wp:attachment":[{"href":"https:\/\/ecoshop.ee\/lt\/wp-json\/wp\/v2\/media?parent=8506"}],"wp:term":[{"taxonomy":"product_brand","embeddable":true,"href":"https:\/\/ecoshop.ee\/lt\/wp-json\/wp\/v2\/product_brand?post=8506"},{"taxonomy":"product_cat","embeddable":true,"href":"https:\/\/ecoshop.ee\/lt\/wp-json\/wp\/v2\/product_cat?post=8506"},{"taxonomy":"product_tag","embeddable":true,"href":"https:\/\/ecoshop.ee\/lt\/wp-json\/wp\/v2\/product_tag?post=8506"}],"curies":[{"name":"wp","href":"https:\/\/api.w.org\/{rel}","templated":true}]}}