{"id":8517,"date":"2024-10-24T00:02:34","date_gmt":"2024-10-23T21:02:34","guid":{"rendered":"https:\/\/ecoshop.ee\/?post_type=product&#038;p=8517"},"modified":"2025-12-25T20:16:14","modified_gmt":"2025-12-25T17:16:14","slug":"be-glitimo-rudieji-ryziai-is-pilno-grudo-makaronu-su-kinoa-ir-amarantu","status":"publish","type":"product","link":"https:\/\/ecoshop.ee\/lt\/pastad-ja-nuudlid\/gluteenivaba-pruuni-riisi-taisterapasta-kinoa-ja-amarantiga\/","title":{"rendered":"Begliuteniai rudieji ry\u017eiai i\u0161 pilno gr\u016bdo makaron\u0173 su kinoa ir amarantu, 250 g"},"content":{"rendered":"<p>Ekologi\u0161ki viso gr\u016bdo penne makaronai Clearspringi gaminami i\u0161 rud\u0173j\u0173 ry\u017ei\u0173 milt\u0173, nat\u016braliai be glitimo senovini\u0173 gr\u016bd\u0173 kinoa ir amaranto mi\u0161inio, taip pat i\u0161 ekologi\u0161k\u0173 europieti\u0161k\u0173 kukur\u016bz\u0173. Pagaminti Italijoje antros kartos mal\u016bninink\u0173 \u0161eim\u0173, \u0161ie subtilaus skonio penne makaronai yra tvirtos tekst\u016bros ir puikiai dera su j\u016bs\u0173 m\u0117gstamiausiais pada\u017eais.<\/p>\n<ul>\n<li>Be glitimo<\/li>\n<li>Skaidul\u0173 \u0161altinis<\/li>\n<li>Ma\u017eai riebal\u0173<\/li>\n<li>Ma\u017eas druskos kiekis<\/li>\n<li>Be GMO<\/li>\n<\/ul>\n<p><strong>Paruo\u0161imas:<\/strong><\/p>\n<p>U\u017evirinkite daug vandens su \u017eiupsneliu druskos. \u012eberkite 80 g makaron\u0173 vienai porcijai. Virkite 7 minutes, retkar\u010diais pamai\u0161ydami, kad gautum\u0117te tobulos konsistencijos \u201cal dente\u201d makaronus. Mink\u0161tesniems makaronams virkite dar minut\u0119. Nusausinkite per sietel\u012f ir nedelsdami patiekite su m\u0117gstamu pada\u017eu.<\/p>\n<p>Patiekimo pasi\u016blymas: rudieji ry\u017ei\u0173 makaronai su kinoa ir amarantu taip pat idealiai tinka kaip salot\u0173 pagrindas. I\u0161virus, nuplaukite po \u0161altu tekan\u010diu vandeniu ir sumai\u0161ykite su \u0161vie\u017eiais ingredientais bei pasirinktu pada\u017eu.**<\/p>","protected":false},"excerpt":{"rendered":"<p>Clearspringi mahe penne t\u00e4isterapasta on valmistatud pruuni riisijahu ja looduslikult gluteenivabade iidsete teraviljade kinoa ja amarandi segust ning mahedast Euroopa maisist. Valmistatud&hellip;<\/p>","protected":false},"featured_media":8519,"comment_status":"open","ping_status":"closed","template":"","meta":{"wprm-recipe-roundup-name":"","wprm-recipe-roundup-description":""},"product_brand":[],"product_cat":[363,303,302],"product_tag":[296,297,365,364,366],"class_list":{"0":"post-8517","1":"product","2":"type-product","3":"status-publish","4":"has-post-thumbnail","6":"product_cat-pastad-ja-nuudlid","7":"product_cat-mahetooted","8":"product_cat-gluteenivaba","9":"product_tag-gluteenivaba","10":"product_tag-mahe","11":"product_tag-pasta","12":"product_tag-penne","13":"product_tag-taisterapasta","14":"j79_wcxd_expiry_type-expiry-date","16":"first","17":"outofstock","18":"taxable","19":"shipping-taxable","20":"purchasable","21":"product-type-simple"},"supplier_id":9160,"supplier_sku":"","barcode":"5021554003557","atum_controlled":true,"out_stock_date":"2025-09-20 00:09:51","out_stock_threshold":null,"inheritable":false,"inbound_stock":0,"stock_on_hold":0,"sold_today":0,"sales_last_days":0,"reserved_stock":0,"customer_returns":0,"warehouse_damage":0,"lost_in_post":0,"other_logs":0,"out_stock_days":168,"lost_sales":0,"has_location":false,"update_date":"2026-03-07T01:16:11","atum_locations":[],"atum_stock_status":"outofstock","restock_status":false,"low_stock_amount":"","sales_update_date":"2026-03-07T01:16:11","calc_backorders":null,"aioseo_notices":[],"_links":{"self":[{"href":"https:\/\/ecoshop.ee\/lt\/wp-json\/wp\/v2\/product\/8517","targetHints":{"allow":["GET"]}}],"collection":[{"href":"https:\/\/ecoshop.ee\/lt\/wp-json\/wp\/v2\/product"}],"about":[{"href":"https:\/\/ecoshop.ee\/lt\/wp-json\/wp\/v2\/types\/product"}],"replies":[{"embeddable":true,"href":"https:\/\/ecoshop.ee\/lt\/wp-json\/wp\/v2\/comments?post=8517"}],"version-history":[{"count":0,"href":"https:\/\/ecoshop.ee\/lt\/wp-json\/wp\/v2\/product\/8517\/revisions"}],"wp:featuredmedia":[{"embeddable":true,"href":"https:\/\/ecoshop.ee\/lt\/wp-json\/wp\/v2\/media\/8519"}],"wp:attachment":[{"href":"https:\/\/ecoshop.ee\/lt\/wp-json\/wp\/v2\/media?parent=8517"}],"wp:term":[{"taxonomy":"product_brand","embeddable":true,"href":"https:\/\/ecoshop.ee\/lt\/wp-json\/wp\/v2\/product_brand?post=8517"},{"taxonomy":"product_cat","embeddable":true,"href":"https:\/\/ecoshop.ee\/lt\/wp-json\/wp\/v2\/product_cat?post=8517"},{"taxonomy":"product_tag","embeddable":true,"href":"https:\/\/ecoshop.ee\/lt\/wp-json\/wp\/v2\/product_tag?post=8517"}],"curies":[{"name":"wp","href":"https:\/\/api.w.org\/{rel}","templated":true}]}}