{"id":8551,"date":"2024-10-24T21:41:20","date_gmt":"2024-10-24T18:41:20","guid":{"rendered":"https:\/\/ecoshop.ee\/?post_type=product&#038;p=8551"},"modified":"2025-12-25T20:12:41","modified_gmt":"2025-12-25T17:12:41","slug":"ekologiskas-manu-kruopos-penne-rigate-500g","status":"publish","type":"product","link":"https:\/\/ecoshop.ee\/lt\/pastad-ja-nuudlid\/mahe-kovanisumanna-penne-rigate-500g\/","title":{"rendered":"Ekologi\u0161ki kietagr\u016bd\u017ei\u0173 kvie\u010di\u0173 man\u0173 kruop\u0173 penne rigate, 500 g"},"content":{"rendered":"<p>Lori Penne Rigate makaronai pagaminti i\u0161 100% ekologi\u0161k\u0173 kiet\u0173j\u0173 kvie\u010di\u0173 man\u0173 kruop\u0173, pasi\u017eymin\u010di\u0173 tobula skonio ir tekst\u016bros pusiausvyra. \u0160ie klasikiniai penne makaronai puikiai dera su \u012fvairiais pada\u017eais ir patiekalais, i\u0161virti i\u0161laiko savo form\u0105 ir \u201cal dente\u201d tekst\u016br\u0105. Idealus pasirinkimas norint sveiko ir gardaus patiekalo. Virimo laikas: 7\u20138 min.<\/p>","protected":false},"excerpt":{"rendered":"<p>Lori Penne Rigate pasta on valmistatud 100% mahep\u00f5llumajanduslikust k\u00f5vanisumannast, pakkudes t\u00e4iuslikku tasakaalu maitse ja tekstuuri vahel. See klassikaline penne pasta sobib suurep\u00e4raselt&hellip;<\/p>","protected":false},"featured_media":8552,"comment_status":"open","ping_status":"closed","template":"","meta":{"wprm-recipe-roundup-name":"","wprm-recipe-roundup-description":""},"product_brand":[],"product_cat":[363,303],"product_tag":[297,365,364],"class_list":{"0":"post-8551","1":"product","2":"type-product","3":"status-publish","4":"has-post-thumbnail","6":"product_cat-pastad-ja-nuudlid","7":"product_cat-mahetooted","8":"product_tag-mahe","9":"product_tag-pasta","10":"product_tag-penne","11":"j79_wcxd_expiry_type-expiry-date","13":"first","14":"instock","15":"taxable","16":"shipping-taxable","17":"purchasable","18":"product-type-simple"},"supplier_id":9160,"supplier_sku":"","barcode":"8020340005192","atum_controlled":true,"out_stock_date":null,"out_stock_threshold":null,"inheritable":false,"inbound_stock":0,"stock_on_hold":0,"sold_today":0,"sales_last_days":0,"reserved_stock":0,"customer_returns":0,"warehouse_damage":0,"lost_in_post":0,"other_logs":0,"out_stock_days":0,"lost_sales":0,"has_location":false,"update_date":"2026-03-07T01:16:11","atum_locations":[],"atum_stock_status":"instock","restock_status":false,"low_stock_amount":"","sales_update_date":"2026-03-07T01:16:11","calc_backorders":null,"aioseo_notices":[],"_links":{"self":[{"href":"https:\/\/ecoshop.ee\/lt\/wp-json\/wp\/v2\/product\/8551","targetHints":{"allow":["GET"]}}],"collection":[{"href":"https:\/\/ecoshop.ee\/lt\/wp-json\/wp\/v2\/product"}],"about":[{"href":"https:\/\/ecoshop.ee\/lt\/wp-json\/wp\/v2\/types\/product"}],"replies":[{"embeddable":true,"href":"https:\/\/ecoshop.ee\/lt\/wp-json\/wp\/v2\/comments?post=8551"}],"version-history":[{"count":0,"href":"https:\/\/ecoshop.ee\/lt\/wp-json\/wp\/v2\/product\/8551\/revisions"}],"wp:featuredmedia":[{"embeddable":true,"href":"https:\/\/ecoshop.ee\/lt\/wp-json\/wp\/v2\/media\/8552"}],"wp:attachment":[{"href":"https:\/\/ecoshop.ee\/lt\/wp-json\/wp\/v2\/media?parent=8551"}],"wp:term":[{"taxonomy":"product_brand","embeddable":true,"href":"https:\/\/ecoshop.ee\/lt\/wp-json\/wp\/v2\/product_brand?post=8551"},{"taxonomy":"product_cat","embeddable":true,"href":"https:\/\/ecoshop.ee\/lt\/wp-json\/wp\/v2\/product_cat?post=8551"},{"taxonomy":"product_tag","embeddable":true,"href":"https:\/\/ecoshop.ee\/lt\/wp-json\/wp\/v2\/product_tag?post=8551"}],"curies":[{"name":"wp","href":"https:\/\/api.w.org\/{rel}","templated":true}]}}