{"id":8559,"date":"2024-10-24T22:00:41","date_gmt":"2024-10-24T19:00:41","guid":{"rendered":"https:\/\/ecoshop.ee\/?post_type=product&#038;p=8559"},"modified":"2025-12-25T20:12:41","modified_gmt":"2025-12-25T17:12:41","slug":"ekologiski-manu-kruopu-kruasanai-500-g","status":"publish","type":"product","link":"https:\/\/ecoshop.ee\/lt\/pastad-ja-nuudlid\/mahe-kovanisumanna-sarvekesed-500g\/","title":{"rendered":"Ekologi\u0161ki kietagr\u016bd\u017ei\u0173 kvie\u010di\u0173 man\u0173 kruasanai, 500 g"},"content":{"rendered":"<p>Ekologi\u0161ki kietagr\u016bd\u017ei\u0173 kvie\u010di\u0173 man\u0173 kruop\u0173 makaron\u0173 kruasanai pagaminti i\u0161 100% ekologi\u0161k\u0173 kietagr\u016bd\u017ei\u0173 kvie\u010di\u0173 man\u0173 kruop\u0173, pasi\u017eymin\u010di\u0173 sodriu skoniu ir tvirta tekst\u016bra. \u0160ie klasikiniai kruasanai puikiai dera su \u012fvairiais pada\u017eais ir patiekalais, i\u0161laikant savo form\u0105 ir \u201cal dente\u201d tekst\u016br\u0105. Idealus pasirinkimas skaniam ir sveikam patiekalui visai \u0161eimai. Virimo laikas: 6\u20138 min. Laikyti v\u0117sioje ir sausoje vietoje.<\/p>","protected":false},"excerpt":{"rendered":"<p>Mahe k\u00f5vanisumanna pasta sarvekesed on valmistatud 100% mahep\u00f5llumajanduslikust k\u00f5vanisumannast, pakkudes rikkalikku maitset ja kindlat tekstuuri. Need klassikalised sarvekesed sobivad suurep\u00e4raselt erinevate kastmete&hellip;<\/p>","protected":false},"featured_media":8555,"comment_status":"open","ping_status":"closed","template":"","meta":{"wprm-recipe-roundup-name":"","wprm-recipe-roundup-description":""},"product_brand":[],"product_cat":[363,303],"product_tag":[297,365,375],"class_list":{"0":"post-8559","1":"product","2":"type-product","3":"status-publish","4":"has-post-thumbnail","6":"product_cat-pastad-ja-nuudlid","7":"product_cat-mahetooted","8":"product_tag-mahe","9":"product_tag-pasta","10":"product_tag-sarvekesed","11":"j79_wcxd_expiry_type-expiry-date","13":"first","14":"instock","15":"taxable","16":"shipping-taxable","17":"purchasable","18":"product-type-simple"},"supplier_id":9160,"supplier_sku":"","barcode":"8020340005383","atum_controlled":true,"out_stock_date":null,"out_stock_threshold":null,"inheritable":false,"inbound_stock":0,"stock_on_hold":0,"sold_today":0,"sales_last_days":0,"reserved_stock":0,"customer_returns":0,"warehouse_damage":0,"lost_in_post":0,"other_logs":0,"out_stock_days":0,"lost_sales":0,"has_location":false,"update_date":"2026-03-07T01:16:11","atum_locations":[],"atum_stock_status":"instock","restock_status":false,"low_stock_amount":"","sales_update_date":"2026-03-07T01:16:11","calc_backorders":null,"aioseo_notices":[],"_links":{"self":[{"href":"https:\/\/ecoshop.ee\/lt\/wp-json\/wp\/v2\/product\/8559","targetHints":{"allow":["GET"]}}],"collection":[{"href":"https:\/\/ecoshop.ee\/lt\/wp-json\/wp\/v2\/product"}],"about":[{"href":"https:\/\/ecoshop.ee\/lt\/wp-json\/wp\/v2\/types\/product"}],"replies":[{"embeddable":true,"href":"https:\/\/ecoshop.ee\/lt\/wp-json\/wp\/v2\/comments?post=8559"}],"version-history":[{"count":0,"href":"https:\/\/ecoshop.ee\/lt\/wp-json\/wp\/v2\/product\/8559\/revisions"}],"wp:featuredmedia":[{"embeddable":true,"href":"https:\/\/ecoshop.ee\/lt\/wp-json\/wp\/v2\/media\/8555"}],"wp:attachment":[{"href":"https:\/\/ecoshop.ee\/lt\/wp-json\/wp\/v2\/media?parent=8559"}],"wp:term":[{"taxonomy":"product_brand","embeddable":true,"href":"https:\/\/ecoshop.ee\/lt\/wp-json\/wp\/v2\/product_brand?post=8559"},{"taxonomy":"product_cat","embeddable":true,"href":"https:\/\/ecoshop.ee\/lt\/wp-json\/wp\/v2\/product_cat?post=8559"},{"taxonomy":"product_tag","embeddable":true,"href":"https:\/\/ecoshop.ee\/lt\/wp-json\/wp\/v2\/product_tag?post=8559"}],"curies":[{"name":"wp","href":"https:\/\/api.w.org\/{rel}","templated":true}]}}