{"id":8749,"date":"2024-10-30T23:13:38","date_gmt":"2024-10-30T20:13:38","guid":{"rendered":"https:\/\/ecoshop.ee\/?post_type=product&#038;p=8749"},"modified":"2026-05-04T11:29:13","modified_gmt":"2026-05-04T08:29:13","slug":"ichoc-ekologiskas-ir-veganiskas-baltasis-sokoladas-su-vanile-80-g","status":"publish","type":"product","link":"https:\/\/ecoshop.ee\/lt\/sokolaadid\/ichoc-mahe-ja-vegan-valge-sokolaad-vanilliga-80g\/","title":{"rendered":"iChoc vegani\u0161kas baltasis \u0161okoladas su vanile, ekologi\u0161kas, 80 g"},"content":{"rendered":"<p>iChoc vegani\u0161kas baltasis \u0161okoladas su vanile \u2013 \u0161velnus skonio malonumas kiekvienam gurmanui. Vegani\u0161kas, be palmi\u0173 aliejaus ir kompostuojamoje medienos pluo\u0161to pakuot\u0117je. \u0160is kreminis baton\u0117lis pagamintas su kakavos sviestu ir burbono vanile, kurie sukuria ypa\u010d \u0161veln\u0173 ir malon\u0173 skonio potyr\u012f. M\u0117gaukit\u0117s grynu arba \u012fd\u0117kite \u012f savo vegani\u0161kus ar augalinius desertus \u2013 puiki alternatyva klasikiniam \u0161okoladui!<\/p>","protected":false},"excerpt":{"rendered":"<p>iChoc vegan valge \u0161okolaad vanilliga pakub mahedat maitser\u00f5\u00f5mu igale gurmaanile. Vegan, palmi\u00f5livaba ja komposteeritavas puidukiust pakendis. See kreemjas tahvel on valmistatud kakaov\u00f5ist&hellip;<\/p>","protected":false},"featured_media":8750,"comment_status":"open","ping_status":"closed","template":"","meta":{"wprm-recipe-roundup-name":"","wprm-recipe-roundup-description":""},"product_brand":[12028],"product_cat":[141,303],"product_tag":[297,142,385],"class_list":{"0":"post-8749","1":"product","2":"type-product","3":"status-publish","4":"has-post-thumbnail","6":"product_brand-ichoc","7":"product_cat-sokolaadid","8":"product_cat-mahetooted","9":"product_tag-mahe","10":"product_tag-sokolaad","11":"product_tag-valge","12":"j79_wcxd_expiry_type-best-before","14":"first","15":"instock","16":"taxable","17":"shipping-taxable","18":"purchasable","19":"product-type-simple"},"supplier_id":390160,"supplier_sku":"","barcode":"4044889004571","atum_controlled":true,"out_stock_date":null,"out_stock_threshold":null,"inheritable":false,"inbound_stock":0,"stock_on_hold":0,"sold_today":0,"sales_last_days":1,"reserved_stock":0,"customer_returns":0,"warehouse_damage":0,"lost_in_post":0,"other_logs":0,"out_stock_days":0,"lost_sales":0,"has_location":false,"update_date":"2026-05-07T14:39:18","atum_locations":[],"atum_stock_status":"instock","restock_status":false,"low_stock_amount":"","sales_update_date":"2026-05-07T14:39:18","calc_backorders":null,"aioseo_notices":[],"_links":{"self":[{"href":"https:\/\/ecoshop.ee\/lt\/wp-json\/wp\/v2\/product\/8749","targetHints":{"allow":["GET"]}}],"collection":[{"href":"https:\/\/ecoshop.ee\/lt\/wp-json\/wp\/v2\/product"}],"about":[{"href":"https:\/\/ecoshop.ee\/lt\/wp-json\/wp\/v2\/types\/product"}],"replies":[{"embeddable":true,"href":"https:\/\/ecoshop.ee\/lt\/wp-json\/wp\/v2\/comments?post=8749"}],"version-history":[{"count":0,"href":"https:\/\/ecoshop.ee\/lt\/wp-json\/wp\/v2\/product\/8749\/revisions"}],"wp:featuredmedia":[{"embeddable":true,"href":"https:\/\/ecoshop.ee\/lt\/wp-json\/wp\/v2\/media\/8750"}],"wp:attachment":[{"href":"https:\/\/ecoshop.ee\/lt\/wp-json\/wp\/v2\/media?parent=8749"}],"wp:term":[{"taxonomy":"product_brand","embeddable":true,"href":"https:\/\/ecoshop.ee\/lt\/wp-json\/wp\/v2\/product_brand?post=8749"},{"taxonomy":"product_cat","embeddable":true,"href":"https:\/\/ecoshop.ee\/lt\/wp-json\/wp\/v2\/product_cat?post=8749"},{"taxonomy":"product_tag","embeddable":true,"href":"https:\/\/ecoshop.ee\/lt\/wp-json\/wp\/v2\/product_tag?post=8749"}],"curies":[{"name":"wp","href":"https:\/\/api.w.org\/{rel}","templated":true}]}}