{"id":8763,"date":"2024-10-31T00:26:24","date_gmt":"2024-10-30T21:26:24","guid":{"rendered":"https:\/\/ecoshop.ee\/?post_type=product&#038;p=8763"},"modified":"2026-01-09T21:29:34","modified_gmt":"2026-01-09T18:29:34","slug":"garam-masala-prieskoniu-misinys-100-g","status":"publish","type":"product","link":"https:\/\/ecoshop.ee\/lt\/maitseained\/garam-masala-vurtsisegu-100g\/","title":{"rendered":"Garam Masala prieskoni\u0173 mi\u0161inys, 100 g"},"content":{"rendered":"<p>NGR Garam Masala prieskoni\u0173 mi\u0161inys atne\u0161a autenti\u0161k\u0105 indi\u0161kos virtuv\u0117s skon\u012f \u012f j\u016bs\u0173 namus. Vegani\u0161kas ir auk\u0161tos kokyb\u0117s mi\u0161inys su kalendra, imbiero, cinamono, kmyn\u0173, pipir\u0173 ir kt. ingredientais sukuria harmoning\u0105 a\u0161trumo ir aromato derin\u012f. Puikus pasirinkimas ruo\u0161iant autenti\u0161kus indi\u0161kus patiekalus \u2013 m\u0117gaukit\u0117s paprastumu ir skoni\u0173 sodrumu tiesiog savo namuose!<\/p>","protected":false},"excerpt":{"rendered":"<p>NGR Garam Masala v\u00fcrtsisegu toob India k\u00f6\u00f6gi ehtsa maitse Sinu koju. Vegan ja k\u00f5rgekvaliteediline segu sisaldab koriandrit, ingverit, kaneeli, v\u00fcrtsk\u00f6\u00f6mneid, pipart ja&hellip;<\/p>","protected":false},"featured_media":8764,"comment_status":"open","ping_status":"closed","template":"","meta":{"wprm-recipe-roundup-name":"","wprm-recipe-roundup-description":""},"product_brand":[],"product_cat":[388],"product_tag":[394],"class_list":{"0":"post-8763","1":"product","2":"type-product","3":"status-publish","4":"has-post-thumbnail","6":"product_cat-maitseained","7":"product_tag-garam-masala","8":"j79_wcxd_expiry_type-best-before","10":"first","11":"instock","12":"taxable","13":"shipping-taxable","14":"purchasable","15":"product-type-simple"},"supplier_id":9137,"supplier_sku":"","barcode":"4260028480055","atum_controlled":true,"out_stock_date":null,"out_stock_threshold":null,"inheritable":false,"inbound_stock":0,"stock_on_hold":0,"sold_today":0,"sales_last_days":0,"reserved_stock":0,"customer_returns":0,"warehouse_damage":0,"lost_in_post":0,"other_logs":0,"out_stock_days":0,"lost_sales":0,"has_location":false,"update_date":"2026-03-07T01:16:14","atum_locations":[],"atum_stock_status":"instock","restock_status":false,"low_stock_amount":"","sales_update_date":"2026-03-07T01:16:14","calc_backorders":null,"aioseo_notices":[],"_links":{"self":[{"href":"https:\/\/ecoshop.ee\/lt\/wp-json\/wp\/v2\/product\/8763","targetHints":{"allow":["GET"]}}],"collection":[{"href":"https:\/\/ecoshop.ee\/lt\/wp-json\/wp\/v2\/product"}],"about":[{"href":"https:\/\/ecoshop.ee\/lt\/wp-json\/wp\/v2\/types\/product"}],"replies":[{"embeddable":true,"href":"https:\/\/ecoshop.ee\/lt\/wp-json\/wp\/v2\/comments?post=8763"}],"version-history":[{"count":0,"href":"https:\/\/ecoshop.ee\/lt\/wp-json\/wp\/v2\/product\/8763\/revisions"}],"wp:featuredmedia":[{"embeddable":true,"href":"https:\/\/ecoshop.ee\/lt\/wp-json\/wp\/v2\/media\/8764"}],"wp:attachment":[{"href":"https:\/\/ecoshop.ee\/lt\/wp-json\/wp\/v2\/media?parent=8763"}],"wp:term":[{"taxonomy":"product_brand","embeddable":true,"href":"https:\/\/ecoshop.ee\/lt\/wp-json\/wp\/v2\/product_brand?post=8763"},{"taxonomy":"product_cat","embeddable":true,"href":"https:\/\/ecoshop.ee\/lt\/wp-json\/wp\/v2\/product_cat?post=8763"},{"taxonomy":"product_tag","embeddable":true,"href":"https:\/\/ecoshop.ee\/lt\/wp-json\/wp\/v2\/product_tag?post=8763"}],"curies":[{"name":"wp","href":"https:\/\/api.w.org\/{rel}","templated":true}]}}