{"id":8821,"date":"2024-11-01T18:09:51","date_gmt":"2024-11-01T15:09:51","guid":{"rendered":"https:\/\/ecoshop.ee\/?post_type=product&#038;p=8821"},"modified":"2025-12-25T19:40:50","modified_gmt":"2025-12-25T16:40:50","slug":"modernus-kamstinis-nesiojamojo-kompiuterio-krepsys","status":"publish","type":"product","link":"https:\/\/ecoshop.ee\/lt\/kotid\/korgist-moodne-sulearvutikott\/","title":{"rendered":"Modernus kam\u0161tinis ne\u0161iojamojo kompiuterio krep\u0161ys"},"content":{"rendered":"<div class=\"flex max-w-full flex-col flex-grow\">\n<div class=\"min-h-8 text-message flex w-full flex-col items-end gap-2 whitespace-normal break-words [.text-message+&amp;]:mt-5\" dir=\"auto\" data-message-author-role=\"assistant\" data-message-id=\"eb253403-3164-4613-a469-7e91b4ba4219\" data-message-model-slug=\"gpt-4o\">\n<div class=\"flex w-full flex-col gap-1 empty:hidden first:pt-[3px]\">\n<div class=\"markdown prose w-full break-words dark:prose-invert dark\">\n<p>Mugav ja vastupidav korgist s\u00fclearvutikott, mis pakub turvalist hoiustamist t\u00e4nu t\u00e4ielikult polsterdatud s\u00fclearvutisahtlile. Mahutab enamikke MacBooke ja kuni 15-tolliseid s\u00fclearvuteid, samuti on sisemuses eraldi tasku tahvelarvutile. Valmistatud korgikangast, mis on vegan, vastupidav ja veekindel, pakkudes kaitset ka niiskemates oludes.<\/p>\n<p><strong>M\u00f5\u00f5dud:<\/strong><\/p>\n<ul>\n<li>Pikkus: 36 cm<\/li>\n<li>Laius 27 cm<\/li>\n<li>Paksus: 2 cm<\/li>\n<li>Sangade pikkus: 28-68 cm<\/li>\n<\/ul>\n<\/div>\n<\/div>\n<\/div>\n<\/div>\n","protected":false},"excerpt":{"rendered":"<p>Mugav ja vastupidav korgist s\u00fclearvutikott, mis pakub turvalist hoiustamist t\u00e4nu t\u00e4ielikult polsterdatud s\u00fclearvutisahtlile. Mahutab enamikke MacBooke ja kuni 15-tolliseid s\u00fclearvuteid, samuti on&hellip;<\/p>","protected":false},"featured_media":8830,"comment_status":"open","ping_status":"closed","template":"","meta":{"wprm-recipe-roundup-name":"","wprm-recipe-roundup-description":""},"product_brand":[],"product_cat":[242],"product_tag":[397,202,399,398],"class_list":{"0":"post-8821","1":"product","2":"type-product","3":"status-publish","4":"has-post-thumbnail","6":"product_cat-kotid","7":"product_tag-arvutikott","8":"product_tag-kott","9":"product_tag-sulearvuti","10":"product_tag-tahvelarvuti","12":"first","13":"instock","14":"taxable","15":"shipping-taxable","16":"purchasable","17":"product-type-variable"},"supplier_id":null,"supplier_sku":"","barcode":null,"atum_controlled":true,"out_stock_date":null,"out_stock_threshold":null,"inheritable":false,"inbound_stock":0,"stock_on_hold":0,"sold_today":0,"sales_last_days":0,"reserved_stock":0,"customer_returns":0,"warehouse_damage":0,"lost_in_post":0,"other_logs":0,"out_stock_days":0,"lost_sales":0,"has_location":false,"update_date":"2026-03-07T01:16:03","atum_locations":[],"atum_stock_status":"instock","restock_status":false,"low_stock_amount":"","sales_update_date":"2026-03-07T01:16:03","calc_backorders":null,"aioseo_notices":[],"_links":{"self":[{"href":"https:\/\/ecoshop.ee\/lt\/wp-json\/wp\/v2\/product\/8821","targetHints":{"allow":["GET"]}}],"collection":[{"href":"https:\/\/ecoshop.ee\/lt\/wp-json\/wp\/v2\/product"}],"about":[{"href":"https:\/\/ecoshop.ee\/lt\/wp-json\/wp\/v2\/types\/product"}],"replies":[{"embeddable":true,"href":"https:\/\/ecoshop.ee\/lt\/wp-json\/wp\/v2\/comments?post=8821"}],"version-history":[{"count":0,"href":"https:\/\/ecoshop.ee\/lt\/wp-json\/wp\/v2\/product\/8821\/revisions"}],"wp:featuredmedia":[{"embeddable":true,"href":"https:\/\/ecoshop.ee\/lt\/wp-json\/wp\/v2\/media\/8830"}],"wp:attachment":[{"href":"https:\/\/ecoshop.ee\/lt\/wp-json\/wp\/v2\/media?parent=8821"}],"wp:term":[{"taxonomy":"product_brand","embeddable":true,"href":"https:\/\/ecoshop.ee\/lt\/wp-json\/wp\/v2\/product_brand?post=8821"},{"taxonomy":"product_cat","embeddable":true,"href":"https:\/\/ecoshop.ee\/lt\/wp-json\/wp\/v2\/product_cat?post=8821"},{"taxonomy":"product_tag","embeddable":true,"href":"https:\/\/ecoshop.ee\/lt\/wp-json\/wp\/v2\/product_tag?post=8821"}],"curies":[{"name":"wp","href":"https:\/\/api.w.org\/{rel}","templated":true}]}}