{"id":8835,"date":"2024-11-01T18:42:02","date_gmt":"2024-11-01T15:42:02","guid":{"rendered":"https:\/\/ecoshop.ee\/?post_type=product&#038;p=8835"},"modified":"2025-12-25T19:40:50","modified_gmt":"2025-12-25T16:40:50","slug":"stilingas-kamstinis-peciu-krepsys-su-uztrauktukais-uztrauktukais","status":"publish","type":"product","link":"https:\/\/ecoshop.ee\/lt\/kotid\/stiilne-korgist-olakott-lukustiga-taskutega\/","title":{"rendered":"Stilinga kam\u0161tin\u0117 rankin\u0117 su u\u017etrauktukais per pet\u012f"},"content":{"rendered":"<p>Ekologi\u0161kas ir stilingas kam\u0161tinis pe\u010di\u0173 krep\u0161ys, kuriame dera tvarumas ir funkcionalumas. Galima rinktis i\u0161 \u012fvairi\u0173 stili\u0173. U\u017etrauktuku u\u017esegamos ki\u0161en\u0117s abiejose pus\u0117se, erdvus pagrindinis skyrius ir vidinis skirtukas, padedantis tvarkingai laikyti daiktus. Reguliuojamas dir\u017eelis ne\u0161iojimui per pet\u012f arba rankoje. Pagaminta i\u0161 auk\u0161tos kokyb\u0117s kam\u0161tinio audinio, kuris yra lengvas, patvarus ir atsparus vandeniui \u2013 idealiai tinka kasdieniam d\u0117v\u0117jimui. *G stiliaus krep\u0161io nugar\u0117l\u0117 pagaminta i\u0161 vientisos juodos kam\u0161tin\u0117s med\u017eiagos*.<\/p>\n<p><strong>Matmenys:<\/strong><\/p>\n<ul>\n<li>Ilgis: 30 cm<\/li>\n<li>Auk\u0161tis: 23 cm<\/li>\n<li>Storis: 8 cm<\/li>\n<\/ul>","protected":false},"excerpt":{"rendered":"<p>Keskkonnas\u00f5bralik ja stiilne korgist \u00f5lakott, mis \u00fchendab j\u00e4tkusuutlikkuse ja funktsionaalsuse. Saadaval erinevates stiilides. M\u00f5lemal k\u00fcljel lukuga taskud, mahukas p\u00f5hiosa ja sisemine vahesein,&hellip;<\/p>","protected":false},"featured_media":8842,"comment_status":"open","ping_status":"closed","template":"","meta":{"wprm-recipe-roundup-name":"","wprm-recipe-roundup-description":""},"product_brand":[],"product_cat":[242],"product_tag":[202,400],"class_list":{"0":"post-8835","1":"product","2":"type-product","3":"status-publish","4":"has-post-thumbnail","6":"product_cat-kotid","7":"product_tag-kott","8":"product_tag-olakott","10":"first","11":"instock","12":"taxable","13":"shipping-taxable","14":"purchasable","15":"product-type-variable"},"supplier_id":null,"supplier_sku":"","barcode":null,"atum_controlled":true,"out_stock_date":null,"out_stock_threshold":null,"inheritable":false,"inbound_stock":0,"stock_on_hold":0,"sold_today":0,"sales_last_days":0,"reserved_stock":0,"customer_returns":0,"warehouse_damage":0,"lost_in_post":0,"other_logs":0,"out_stock_days":0,"lost_sales":0,"has_location":false,"update_date":"2026-03-07T01:16:03","atum_locations":[],"atum_stock_status":"instock","restock_status":false,"low_stock_amount":"","sales_update_date":"2026-03-07T01:16:03","calc_backorders":null,"aioseo_notices":[],"_links":{"self":[{"href":"https:\/\/ecoshop.ee\/lt\/wp-json\/wp\/v2\/product\/8835","targetHints":{"allow":["GET"]}}],"collection":[{"href":"https:\/\/ecoshop.ee\/lt\/wp-json\/wp\/v2\/product"}],"about":[{"href":"https:\/\/ecoshop.ee\/lt\/wp-json\/wp\/v2\/types\/product"}],"replies":[{"embeddable":true,"href":"https:\/\/ecoshop.ee\/lt\/wp-json\/wp\/v2\/comments?post=8835"}],"version-history":[{"count":0,"href":"https:\/\/ecoshop.ee\/lt\/wp-json\/wp\/v2\/product\/8835\/revisions"}],"wp:featuredmedia":[{"embeddable":true,"href":"https:\/\/ecoshop.ee\/lt\/wp-json\/wp\/v2\/media\/8842"}],"wp:attachment":[{"href":"https:\/\/ecoshop.ee\/lt\/wp-json\/wp\/v2\/media?parent=8835"}],"wp:term":[{"taxonomy":"product_brand","embeddable":true,"href":"https:\/\/ecoshop.ee\/lt\/wp-json\/wp\/v2\/product_brand?post=8835"},{"taxonomy":"product_cat","embeddable":true,"href":"https:\/\/ecoshop.ee\/lt\/wp-json\/wp\/v2\/product_cat?post=8835"},{"taxonomy":"product_tag","embeddable":true,"href":"https:\/\/ecoshop.ee\/lt\/wp-json\/wp\/v2\/product_tag?post=8835"}],"curies":[{"name":"wp","href":"https:\/\/api.w.org\/{rel}","templated":true}]}}