{"id":8856,"date":"2024-11-01T19:34:29","date_gmt":"2024-11-01T16:34:29","guid":{"rendered":"https:\/\/ecoshop.ee\/?post_type=product&#038;p=8856"},"modified":"2025-12-25T19:40:51","modified_gmt":"2025-12-25T16:40:51","slug":"geletas-kamstinis-krepsys-per-peti","status":"publish","type":"product","link":"https:\/\/ecoshop.ee\/lt\/kotid\/lillemustriga-korgist-crossbody-barrel-kott\/","title":{"rendered":"G\u0117li\u0173 kam\u0161tinis krep\u0161ys per pet\u012f"},"content":{"rendered":"<p>Atskleiskite savo vasari\u0161k\u0105 stili\u0173 su \u0161iuo prakti\u0161ku ir stilingu g\u0117l\u0117tu kam\u0161tiniu krep\u0161iu per pet\u012f! Galima rinktis i\u0161 \u012fvairi\u0173 stili\u0173, su patvariu, knied\u0117mis pritvirtintu dugnu ir patogiai telpan\u010diais kasdieniais daiktais, tokiais kaip i\u0161manusis telefonas ir pinigin\u0117. Pagamintas i\u0161 mink\u0161tos kam\u0161tin\u0117s med\u017eiagos ir dirbtin\u0117s odos, nuimamas ir reguliuojamas pe\u010di\u0173 dir\u017eelis leid\u017eia j\u012f patogiai ne\u0161ioti. Stilingas aksesuaras, puikiai tinkantis kasdieniam naudojimui ir vasaros nuotykiams!<\/p>\n<p><strong>Matmenys:<\/strong><\/p>\n<ul>\n<li>Ilgis: 20 cm<\/li>\n<li>Auk\u0161tis: 17 cm<\/li>\n<li>Storis: 10 cm<\/li>\n<\/ul>\n<p>&nbsp;<\/p>","protected":false},"excerpt":{"rendered":"<p>Tooge oma suve stiil esile selle praktilise ja stiilse lillemustriga korgist crossbody kotiga! Saadaval erinevates stiilides, vastupidava needitud p\u00f5hjaga ja mahutab mugavalt&hellip;<\/p>","protected":false},"featured_media":8862,"comment_status":"open","ping_status":"closed","template":"","meta":{"wprm-recipe-roundup-name":"","wprm-recipe-roundup-description":""},"product_brand":[],"product_cat":[242],"product_tag":[401,202],"class_list":{"0":"post-8856","1":"product","2":"type-product","3":"status-publish","4":"has-post-thumbnail","6":"product_cat-kotid","7":"product_tag-crossbody","8":"product_tag-kott","10":"first","11":"instock","12":"taxable","13":"shipping-taxable","14":"purchasable","15":"product-type-variable"},"supplier_id":null,"supplier_sku":"","barcode":null,"atum_controlled":true,"out_stock_date":null,"out_stock_threshold":null,"inheritable":false,"inbound_stock":0,"stock_on_hold":0,"sold_today":0,"sales_last_days":0,"reserved_stock":0,"customer_returns":0,"warehouse_damage":0,"lost_in_post":0,"other_logs":0,"out_stock_days":0,"lost_sales":0,"has_location":false,"update_date":"2026-03-07T01:16:03","atum_locations":[],"atum_stock_status":"instock","restock_status":false,"low_stock_amount":"","sales_update_date":"2026-03-07T01:16:03","calc_backorders":null,"aioseo_notices":[],"_links":{"self":[{"href":"https:\/\/ecoshop.ee\/lt\/wp-json\/wp\/v2\/product\/8856","targetHints":{"allow":["GET"]}}],"collection":[{"href":"https:\/\/ecoshop.ee\/lt\/wp-json\/wp\/v2\/product"}],"about":[{"href":"https:\/\/ecoshop.ee\/lt\/wp-json\/wp\/v2\/types\/product"}],"replies":[{"embeddable":true,"href":"https:\/\/ecoshop.ee\/lt\/wp-json\/wp\/v2\/comments?post=8856"}],"version-history":[{"count":0,"href":"https:\/\/ecoshop.ee\/lt\/wp-json\/wp\/v2\/product\/8856\/revisions"}],"wp:featuredmedia":[{"embeddable":true,"href":"https:\/\/ecoshop.ee\/lt\/wp-json\/wp\/v2\/media\/8862"}],"wp:attachment":[{"href":"https:\/\/ecoshop.ee\/lt\/wp-json\/wp\/v2\/media?parent=8856"}],"wp:term":[{"taxonomy":"product_brand","embeddable":true,"href":"https:\/\/ecoshop.ee\/lt\/wp-json\/wp\/v2\/product_brand?post=8856"},{"taxonomy":"product_cat","embeddable":true,"href":"https:\/\/ecoshop.ee\/lt\/wp-json\/wp\/v2\/product_cat?post=8856"},{"taxonomy":"product_tag","embeddable":true,"href":"https:\/\/ecoshop.ee\/lt\/wp-json\/wp\/v2\/product_tag?post=8856"}],"curies":[{"name":"wp","href":"https:\/\/api.w.org\/{rel}","templated":true}]}}