{"id":8884,"date":"2024-11-01T21:04:16","date_gmt":"2024-11-01T18:04:16","guid":{"rendered":"https:\/\/ecoshop.ee\/?post_type=product&#038;p=8884"},"modified":"2024-11-07T21:24:34","modified_gmt":"2024-11-07T18:24:34","slug":"naturalaus-kamscio-laikrodis-dovanu-dezuteje","status":"publish","type":"product","link":"https:\/\/ecoshop.ee\/lt\/kaekellad-ja-ehted\/looduslikust-korgist-kaekell-kinkekarbis\/","title":{"rendered":"Nat\u016bralaus kam\u0161\u010dio laikrodis dovan\u0173 d\u0117\u017eut\u0117je"},"content":{"rendered":"<p>Nat\u016bralaus kam\u0161\u010dio laikrodis derina tvarum\u0105 ir minimalistin\u012f stili\u0173. Mink\u0161tas kam\u0161tinis dir\u017eelis u\u017etikrina patog\u0173 ir lengv\u0105 laikrod\u017eio prigludim\u0105, o korpusas suteikia modernumo ir stilingumo. Kam\u0161tis yra patvarus, atsparus vandeniui ir puikiai tinka kasdieniam ne\u0161iojimui, tod\u0117l yra ir ekologi\u0161kas, ir nesenstantis aksesuaras. \u0160is i\u0161 nat\u016bralios med\u017eiagos pagamintas laikrodis tinka bet kokiai progai, idealiai tinka tiek laisvalaikiui, tiek biurui. Jis tiekiamas su dviem kei\u010diamais laikrod\u017eio dir\u017eeliais.<\/p>\n<p><strong>Didelisused:<\/strong><\/p>\n<ul>\n<li>Ilgis: 23 cm<\/li>\n<li>Ciferblato plotis: 4 cm<\/li>\n<li>Dir\u017eelio plotis: 2 cm<\/li>\n<\/ul>","protected":false},"excerpt":{"rendered":"<p>Looduslikust korgist k\u00e4ekell \u00fchendab j\u00e4tkusuutlikkuse ja minimalistliku stiili. Kella pehme korgirihm tagab mugava ja kerge kandmise ning kellakorpus lisab sellele kaasaegse ja&hellip;<\/p>","protected":false},"featured_media":8887,"comment_status":"open","ping_status":"closed","template":"","meta":{"wprm-recipe-roundup-name":"","wprm-recipe-roundup-description":""},"product_brand":[],"product_cat":[243],"product_tag":[403],"class_list":{"0":"post-8884","1":"product","2":"type-product","3":"status-publish","4":"has-post-thumbnail","6":"product_cat-kaekellad-ja-ehted","7":"product_tag-kaekell","9":"first","10":"instock","11":"taxable","12":"shipping-taxable","13":"purchasable","14":"product-type-simple"},"supplier_id":9159,"supplier_sku":"","barcode":null,"atum_controlled":true,"out_stock_date":null,"out_stock_threshold":null,"inheritable":false,"inbound_stock":0,"stock_on_hold":0,"sold_today":0,"sales_last_days":0,"reserved_stock":0,"customer_returns":0,"warehouse_damage":0,"lost_in_post":0,"other_logs":0,"out_stock_days":0,"lost_sales":0,"has_location":false,"update_date":"2026-03-07T01:16:03","atum_locations":[],"atum_stock_status":"instock","restock_status":false,"low_stock_amount":"","sales_update_date":"2026-03-07T01:16:03","calc_backorders":null,"aioseo_notices":[],"_links":{"self":[{"href":"https:\/\/ecoshop.ee\/lt\/wp-json\/wp\/v2\/product\/8884","targetHints":{"allow":["GET"]}}],"collection":[{"href":"https:\/\/ecoshop.ee\/lt\/wp-json\/wp\/v2\/product"}],"about":[{"href":"https:\/\/ecoshop.ee\/lt\/wp-json\/wp\/v2\/types\/product"}],"replies":[{"embeddable":true,"href":"https:\/\/ecoshop.ee\/lt\/wp-json\/wp\/v2\/comments?post=8884"}],"version-history":[{"count":0,"href":"https:\/\/ecoshop.ee\/lt\/wp-json\/wp\/v2\/product\/8884\/revisions"}],"wp:featuredmedia":[{"embeddable":true,"href":"https:\/\/ecoshop.ee\/lt\/wp-json\/wp\/v2\/media\/8887"}],"wp:attachment":[{"href":"https:\/\/ecoshop.ee\/lt\/wp-json\/wp\/v2\/media?parent=8884"}],"wp:term":[{"taxonomy":"product_brand","embeddable":true,"href":"https:\/\/ecoshop.ee\/lt\/wp-json\/wp\/v2\/product_brand?post=8884"},{"taxonomy":"product_cat","embeddable":true,"href":"https:\/\/ecoshop.ee\/lt\/wp-json\/wp\/v2\/product_cat?post=8884"},{"taxonomy":"product_tag","embeddable":true,"href":"https:\/\/ecoshop.ee\/lt\/wp-json\/wp\/v2\/product_tag?post=8884"}],"curies":[{"name":"wp","href":"https:\/\/api.w.org\/{rel}","templated":true}]}}