{"id":8934,"date":"2024-11-02T19:45:50","date_gmt":"2024-11-02T16:45:50","guid":{"rendered":"https:\/\/ecoshop.ee\/?post_type=product&#038;p=8934"},"modified":"2026-02-17T03:00:17","modified_gmt":"2026-02-17T00:00:17","slug":"ivairiaspalvis-kinoa-ekologiskas-250g","status":"publish","type":"product","link":"https:\/\/ecoshop.ee\/lt\/kupsetussegud-ja-kuivained\/mitmevarviline-kinoa-mahe-250g\/","title":{"rendered":"\u012evairiaspalvis kinoa, ekologi\u0161kas, 250g"},"content":{"rendered":"<p>Inca kinoa, spalvingas baltos ir raudonos kinoa mi\u0161inys, suteikia daug mineral\u0173 ir baltym\u0173 ir yra itin maistingas.<\/p>\n<p>\u0160is spalvingas kinoa patrauks ak\u012f bet kuriame patiekale \u2013 puikiai tinka su dar\u017eov\u0117mis, tyr\u0117se, apkepuose, keptoje ar p\u016bstoje dar\u017eov\u0117je. Lengvo rie\u0161ut\u0173 skonio kinoa yra universalus priedas, praturtinantis bet kok\u012f patiekal\u0105.<\/p>\n<p><strong>Paruo\u0161imas:<\/strong><\/p>\n<p>Nuplaukite kinoa. Virkite 250 g kinoat 625 ml vandens 15 minu\u010di\u0173 ir palikite 5 minut\u0117ms.<\/p>","protected":false},"excerpt":{"rendered":"<p>Inkade kinoa, v\u00e4rvikas segu valgest ja punasest kinoast, pakub rikkalikult mineraale ja valku ning on \u00e4\u00e4rmiselt toitev. See v\u00e4rvikas kinoa on iga&hellip;<\/p>","protected":false},"featured_media":8936,"comment_status":"open","ping_status":"closed","template":"","meta":{"wprm-recipe-roundup-name":"","wprm-recipe-roundup-description":""},"product_brand":[],"product_cat":[323],"product_tag":[373,297],"class_list":{"0":"post-8934","1":"product","2":"type-product","3":"status-publish","4":"has-post-thumbnail","6":"product_cat-kupsetussegud-ja-kuivained","7":"product_tag-kinoa","8":"product_tag-mahe","9":"j79_wcxd_expiry_type-best-before","11":"first","12":"outofstock","13":"taxable","14":"shipping-taxable","15":"purchasable","16":"product-type-simple"},"supplier_id":9137,"supplier_sku":"","barcode":"4006040024217","atum_controlled":true,"out_stock_date":null,"out_stock_threshold":null,"inheritable":false,"inbound_stock":0,"stock_on_hold":0,"sold_today":0,"sales_last_days":0,"reserved_stock":0,"customer_returns":0,"warehouse_damage":0,"lost_in_post":0,"other_logs":0,"out_stock_days":0,"lost_sales":0,"has_location":false,"update_date":"2026-03-07T01:16:10","atum_locations":[],"atum_stock_status":"outofstock","restock_status":false,"low_stock_amount":"","sales_update_date":"2026-03-07T01:16:10","calc_backorders":null,"aioseo_notices":[],"_links":{"self":[{"href":"https:\/\/ecoshop.ee\/lt\/wp-json\/wp\/v2\/product\/8934","targetHints":{"allow":["GET"]}}],"collection":[{"href":"https:\/\/ecoshop.ee\/lt\/wp-json\/wp\/v2\/product"}],"about":[{"href":"https:\/\/ecoshop.ee\/lt\/wp-json\/wp\/v2\/types\/product"}],"replies":[{"embeddable":true,"href":"https:\/\/ecoshop.ee\/lt\/wp-json\/wp\/v2\/comments?post=8934"}],"version-history":[{"count":0,"href":"https:\/\/ecoshop.ee\/lt\/wp-json\/wp\/v2\/product\/8934\/revisions"}],"wp:featuredmedia":[{"embeddable":true,"href":"https:\/\/ecoshop.ee\/lt\/wp-json\/wp\/v2\/media\/8936"}],"wp:attachment":[{"href":"https:\/\/ecoshop.ee\/lt\/wp-json\/wp\/v2\/media?parent=8934"}],"wp:term":[{"taxonomy":"product_brand","embeddable":true,"href":"https:\/\/ecoshop.ee\/lt\/wp-json\/wp\/v2\/product_brand?post=8934"},{"taxonomy":"product_cat","embeddable":true,"href":"https:\/\/ecoshop.ee\/lt\/wp-json\/wp\/v2\/product_cat?post=8934"},{"taxonomy":"product_tag","embeddable":true,"href":"https:\/\/ecoshop.ee\/lt\/wp-json\/wp\/v2\/product_tag?post=8934"}],"curies":[{"name":"wp","href":"https:\/\/api.w.org\/{rel}","templated":true}]}}