{"id":9038,"date":"2024-11-04T19:03:21","date_gmt":"2024-11-04T16:03:21","guid":{"rendered":"https:\/\/ecoshop.ee\/?post_type=product&#038;p=9038"},"modified":"2026-05-11T22:27:08","modified_gmt":"2026-05-11T19:27:08","slug":"ypac-stipraus-smulkinto-cili-pipiro-100-g","status":"publish","type":"product","link":"https:\/\/ecoshop.ee\/lt\/maitseained\/purustatud-tsilli-ekstra-tugev-100g\/","title":{"rendered":"Smulkintas \u010dili pipiras, labai a\u0161trus, 100 g"},"content":{"rendered":"<p>A\u0161trioji indi\u0161kos virtuv\u0117s \u0161irdis slypi smulkintose aitriosios paprikose, kurios patiekalams suteikia ypatingo aitrumo ir sodrumo. \u0160ios auk\u0161tos kokyb\u0117s indi\u0161kos aitriosios paprikos suteikia autenti\u0161kumo ir pikanti\u0161kumo tiek kariams, tiek marinatams ir dera su beveik viskuo, kam reikia a\u0161tresnio skonio.<\/p>\n<p>\u010cili yra vienas i\u0161 pla\u010diausiai pasaulyje naudojam\u0173 prieskoni\u0173, ypa\u010d populiarus Indijoje. \u012ed\u0117kite jo \u012f savo patiekalus, kad patirtum\u0117te tikr\u0105j\u0105 indi\u0161kos virtuv\u0117s gali\u0105 ir turtingum\u0105. Visi\u0161kai vegani\u0161kas ir puikiai tinka a\u0161tri\u0173 patiekal\u0173 m\u0117g\u0117jams!<\/p>","protected":false},"excerpt":{"rendered":"<p>India k\u00f6\u00f6gi v\u00fcrtsikas s\u00fcda peitub purustatud t\u0161illis, mis toob roogadesse erilise kuumuse ja s\u00fcgavuse. See k\u00f5rgekvaliteediline India t\u0161illi lisab autentsust ja s\u00e4rtsu&hellip;<\/p>","protected":false},"featured_media":9042,"comment_status":"open","ping_status":"closed","template":"","meta":{"wprm-recipe-roundup-name":"","wprm-recipe-roundup-description":""},"product_brand":[],"product_cat":[388],"product_tag":[409,427],"class_list":{"0":"post-9038","1":"product","2":"type-product","3":"status-publish","4":"has-post-thumbnail","6":"product_cat-maitseained","7":"product_tag-maitseaine","8":"product_tag-tsilli","9":"j79_wcxd_expiry_type-best-before","11":"first","12":"instock","13":"taxable","14":"shipping-taxable","15":"purchasable","16":"product-type-simple"},"supplier_id":9137,"supplier_sku":"","barcode":"4260028480017","atum_controlled":true,"out_stock_date":null,"out_stock_threshold":null,"inheritable":false,"inbound_stock":0,"stock_on_hold":0,"sold_today":0,"sales_last_days":1,"reserved_stock":0,"customer_returns":0,"warehouse_damage":0,"lost_in_post":0,"other_logs":0,"out_stock_days":0,"lost_sales":0,"has_location":false,"update_date":"2026-05-13T15:06:55","atum_locations":[],"atum_stock_status":"instock","restock_status":false,"low_stock_amount":"","sales_update_date":"2026-05-13T15:06:55","calc_backorders":null,"aioseo_notices":[],"_links":{"self":[{"href":"https:\/\/ecoshop.ee\/lt\/wp-json\/wp\/v2\/product\/9038","targetHints":{"allow":["GET"]}}],"collection":[{"href":"https:\/\/ecoshop.ee\/lt\/wp-json\/wp\/v2\/product"}],"about":[{"href":"https:\/\/ecoshop.ee\/lt\/wp-json\/wp\/v2\/types\/product"}],"replies":[{"embeddable":true,"href":"https:\/\/ecoshop.ee\/lt\/wp-json\/wp\/v2\/comments?post=9038"}],"version-history":[{"count":0,"href":"https:\/\/ecoshop.ee\/lt\/wp-json\/wp\/v2\/product\/9038\/revisions"}],"wp:featuredmedia":[{"embeddable":true,"href":"https:\/\/ecoshop.ee\/lt\/wp-json\/wp\/v2\/media\/9042"}],"wp:attachment":[{"href":"https:\/\/ecoshop.ee\/lt\/wp-json\/wp\/v2\/media?parent=9038"}],"wp:term":[{"taxonomy":"product_brand","embeddable":true,"href":"https:\/\/ecoshop.ee\/lt\/wp-json\/wp\/v2\/product_brand?post=9038"},{"taxonomy":"product_cat","embeddable":true,"href":"https:\/\/ecoshop.ee\/lt\/wp-json\/wp\/v2\/product_cat?post=9038"},{"taxonomy":"product_tag","embeddable":true,"href":"https:\/\/ecoshop.ee\/lt\/wp-json\/wp\/v2\/product_tag?post=9038"}],"curies":[{"name":"wp","href":"https:\/\/api.w.org\/{rel}","templated":true}]}}