{"id":9043,"date":"2024-11-04T19:41:37","date_gmt":"2024-11-04T16:41:37","guid":{"rendered":"https:\/\/ecoshop.ee\/?post_type=product&#038;p=9043"},"modified":"2025-12-25T19:11:15","modified_gmt":"2025-12-25T16:11:15","slug":"kvapiuju-pipiru-100-g","status":"publish","type":"product","link":"https:\/\/ecoshop.ee\/lt\/maitseained\/vurtskoomen-100g\/","title":{"rendered":"Kmynai, 100 g"},"content":{"rendered":"<p>Klasikinis indi\u0161kas prieskonis kmynai patiekalams suteikia gil\u0173, aromating\u0105 skon\u012f. Auk\u0161tos kokyb\u0117s kmynai yra nepakei\u010diamas daugelio kari\u0173 ingredientas ir suteikia papildomo skonio paprastiems patiekalams, pavyzd\u017eiui, ry\u017eiams. Jie da\u017enai naudojami kartu su cinamonu arba kalendra, suteikdami patiekalams sodr\u0173, rytieti\u0161k\u0105 skon\u012f.<\/p>\n<p>\u0160is prieskonis \u2013 puikus pasirinkimas tiems, kurie vertina autenti\u0161k\u0105 indi\u0161k\u0105 virtuv\u0119 ir ie\u0161ko veganams tinkamo skonio pli\u016bpsnio savo receptuose!<\/p>","protected":false},"excerpt":{"rendered":"<p>India k\u00f6\u00f6gi klassikaline v\u00fcrtsk\u00f6\u00f6men lisab roogadele s\u00fcgavat ja aromaatset maitset. K\u00f5rgekvaliteediline k\u00f6\u00f6men on asendamatu koostisosa enamikes karrides ja toob lihtsatele roogadele, nagu&hellip;<\/p>","protected":false},"featured_media":9044,"comment_status":"open","ping_status":"closed","template":"","meta":{"wprm-recipe-roundup-name":"","wprm-recipe-roundup-description":""},"product_brand":[],"product_cat":[388],"product_tag":[428,409],"class_list":{"0":"post-9043","1":"product","2":"type-product","3":"status-publish","4":"has-post-thumbnail","6":"product_cat-maitseained","7":"product_tag-koomned","8":"product_tag-maitseaine","9":"j79_wcxd_expiry_type-expiry-date","11":"first","12":"instock","13":"taxable","14":"shipping-taxable","15":"purchasable","16":"product-type-simple"},"supplier_id":9137,"supplier_sku":"","barcode":"4260028480123","atum_controlled":true,"out_stock_date":null,"out_stock_threshold":null,"inheritable":false,"inbound_stock":0,"stock_on_hold":0,"sold_today":0,"sales_last_days":0,"reserved_stock":0,"customer_returns":0,"warehouse_damage":0,"lost_in_post":0,"other_logs":0,"out_stock_days":0,"lost_sales":0,"has_location":false,"update_date":"2026-03-07T01:16:04","atum_locations":[],"atum_stock_status":"instock","restock_status":false,"low_stock_amount":"","sales_update_date":"2026-03-07T01:16:04","calc_backorders":null,"aioseo_notices":[],"_links":{"self":[{"href":"https:\/\/ecoshop.ee\/lt\/wp-json\/wp\/v2\/product\/9043","targetHints":{"allow":["GET"]}}],"collection":[{"href":"https:\/\/ecoshop.ee\/lt\/wp-json\/wp\/v2\/product"}],"about":[{"href":"https:\/\/ecoshop.ee\/lt\/wp-json\/wp\/v2\/types\/product"}],"replies":[{"embeddable":true,"href":"https:\/\/ecoshop.ee\/lt\/wp-json\/wp\/v2\/comments?post=9043"}],"version-history":[{"count":0,"href":"https:\/\/ecoshop.ee\/lt\/wp-json\/wp\/v2\/product\/9043\/revisions"}],"wp:featuredmedia":[{"embeddable":true,"href":"https:\/\/ecoshop.ee\/lt\/wp-json\/wp\/v2\/media\/9044"}],"wp:attachment":[{"href":"https:\/\/ecoshop.ee\/lt\/wp-json\/wp\/v2\/media?parent=9043"}],"wp:term":[{"taxonomy":"product_brand","embeddable":true,"href":"https:\/\/ecoshop.ee\/lt\/wp-json\/wp\/v2\/product_brand?post=9043"},{"taxonomy":"product_cat","embeddable":true,"href":"https:\/\/ecoshop.ee\/lt\/wp-json\/wp\/v2\/product_cat?post=9043"},{"taxonomy":"product_tag","embeddable":true,"href":"https:\/\/ecoshop.ee\/lt\/wp-json\/wp\/v2\/product_tag?post=9043"}],"curies":[{"name":"wp","href":"https:\/\/api.w.org\/{rel}","templated":true}]}}