{"id":9074,"date":"2024-11-05T18:26:59","date_gmt":"2024-11-05T15:26:59","guid":{"rendered":"https:\/\/ecoshop.ee\/?post_type=product&#038;p=9074"},"modified":"2026-04-14T00:45:09","modified_gmt":"2026-04-13T21:45:09","slug":"antakiu-kirptuvas-ir-dermaplanerimise-peiliukai-20-vnt","status":"publish","type":"product","link":"https:\/\/ecoshop.ee\/lt\/raseerimistarvikud\/kulmude-piiraja-ja-dermaplaneerimise-terad-20tk\/","title":{"rendered":"Antaki\u0173 kirpimo peiliukas ir dermaplanerimise peiliukai, 20 vnt."},"content":{"rendered":"<p>\u0160ie specialiai sukurti antaki\u0173 skutimosi peiliukai puikiai telpa \u012f m\u016bs\u0173 antaki\u0173 kirptuv\u0105 ir si\u016blo unikal\u0173 sprendim\u0105 be plastiko. Pagaminti i\u0161 auk\u0161tos kokyb\u0117s \u0161vedi\u0161ko ner\u016bdijan\u010dio plieno, peiliukai tarnauja iki 10 kart\u0173, u\u017etikrindami maksimal\u0173 tikslum\u0105 ir patvarum\u0105.<\/p>\n<p><strong>\u012e rinkin\u012f \u012feina:<\/strong><\/p>\n<ul>\n<li>20 antaki\u0173 ir dermaplanerimistera (supakuoti keturiomis pakuot\u0117mis po penkis didesn\u0117je d\u0117\u017eut\u0117je).<\/li>\n<\/ul>\n<p><strong>Pastaba!<\/strong> \u0160ie peiliukai netinka naudoti su m\u016bs\u0173 \u012fprastais skustuvais ar kit\u0173 gamintoj\u0173 antaki\u0173 kirpimo ma\u0161in\u0117l\u0117mis.<\/p>","protected":false},"excerpt":{"rendered":"<p>Need spetsiaalselt disainitud kulmude raseerimise terad sobivad sujuvalt meie kulmupiirajasse, pakkudes ainulaadset plastikuvaba lahendust. K\u00f5rge kvaliteediga Rootsi roostevabast terasest valmistatud terad kestavad&hellip;<\/p>","protected":false},"featured_media":9075,"comment_status":"open","ping_status":"closed","template":"","meta":{"wprm-recipe-roundup-name":"","wprm-recipe-roundup-description":""},"product_brand":[12064],"product_cat":[281],"product_tag":[430,431,191],"class_list":{"0":"post-9074","1":"product","2":"type-product","3":"status-publish","4":"has-post-thumbnail","6":"product_brand-jungle-culture","7":"product_cat-raseerimistarvikud","8":"product_tag-dermaplaneerimine","9":"product_tag-kulmud","10":"product_tag-terad","12":"first","13":"instock","14":"taxable","15":"shipping-taxable","16":"purchasable","17":"product-type-simple"},"supplier_id":9133,"supplier_sku":"","barcode":null,"atum_controlled":true,"out_stock_date":null,"out_stock_threshold":null,"inheritable":false,"inbound_stock":0,"stock_on_hold":0,"sold_today":0,"sales_last_days":0,"reserved_stock":0,"customer_returns":0,"warehouse_damage":0,"lost_in_post":0,"other_logs":0,"out_stock_days":0,"lost_sales":0,"has_location":false,"update_date":"2026-04-13T21:45:10","atum_locations":[],"atum_stock_status":"instock","restock_status":false,"low_stock_amount":"","sales_update_date":"2026-03-07T01:16:14","calc_backorders":null,"aioseo_notices":[],"_links":{"self":[{"href":"https:\/\/ecoshop.ee\/lt\/wp-json\/wp\/v2\/product\/9074","targetHints":{"allow":["GET"]}}],"collection":[{"href":"https:\/\/ecoshop.ee\/lt\/wp-json\/wp\/v2\/product"}],"about":[{"href":"https:\/\/ecoshop.ee\/lt\/wp-json\/wp\/v2\/types\/product"}],"replies":[{"embeddable":true,"href":"https:\/\/ecoshop.ee\/lt\/wp-json\/wp\/v2\/comments?post=9074"}],"version-history":[{"count":0,"href":"https:\/\/ecoshop.ee\/lt\/wp-json\/wp\/v2\/product\/9074\/revisions"}],"wp:featuredmedia":[{"embeddable":true,"href":"https:\/\/ecoshop.ee\/lt\/wp-json\/wp\/v2\/media\/9075"}],"wp:attachment":[{"href":"https:\/\/ecoshop.ee\/lt\/wp-json\/wp\/v2\/media?parent=9074"}],"wp:term":[{"taxonomy":"product_brand","embeddable":true,"href":"https:\/\/ecoshop.ee\/lt\/wp-json\/wp\/v2\/product_brand?post=9074"},{"taxonomy":"product_cat","embeddable":true,"href":"https:\/\/ecoshop.ee\/lt\/wp-json\/wp\/v2\/product_cat?post=9074"},{"taxonomy":"product_tag","embeddable":true,"href":"https:\/\/ecoshop.ee\/lt\/wp-json\/wp\/v2\/product_tag?post=9074"}],"curies":[{"name":"wp","href":"https:\/\/api.w.org\/{rel}","templated":true}]}}