{"id":9078,"date":"2024-11-05T18:51:09","date_gmt":"2024-11-05T15:51:09","guid":{"rendered":"https:\/\/ecoshop.ee\/?post_type=product&#038;p=9078"},"modified":"2026-04-14T00:43:06","modified_gmt":"2026-04-13T21:43:06","slug":"antakiu-kirptuvas-ir-dermaplaneris-su-5-asmenimis","status":"publish","type":"product","link":"https:\/\/ecoshop.ee\/lt\/raseerijad\/kulmude-piiraja-ja-dermaplaneerija-5-tera\/","title":{"rendered":"Antaki\u0173 kirptuvas ir dermaplaneris + 5 peiliukai"},"content":{"rendered":"<p>M\u016bs\u0173 daugkartinio naudojimo metalinis antaki\u0173 kirptuvas puikiai tinka lengvai pa\u0161alinti arba suformuoti veido plaukelius. Jis taip pat tinka dermaplaning (odos \u0161veitimui), tod\u0117l yra veiksmingas ir universalus \u012frankis. Antaki\u0173 kirptuvas turi penkis ner\u016bdijan\u010dio plieno peiliukus, be plastikini\u0173 pried\u0173, tod\u0117l gaminys 100% yra be plastiko, neribotai perdirbamas ir draugi\u0161kas aplinkai.<\/p>\n<p>Galima \u012fsigyti papildom\u0173 peili\u0173 <a href=\"https:\/\/ecoshop.ee\/lt\/nesciarimipriedai\/antakiu-kirptuvas-ir-dermaplanerimise-peiliukai-20-vnt\/\" target=\"_blank\" rel=\"noopener\"><strong>\u010dia.<\/strong><\/a><\/p>\n<p><strong>\u012e rinkin\u012f \u012feina:<\/strong><\/p>\n<ul>\n<li>1 x metalinis antaki\u0173 kirpimo \u012frankis<\/li>\n<li>1 x 5 a\u0161men\u0173 pakuot\u0117 (be plastiko)<\/li>\n<li>1 x silikonin\u0117 a\u0161men\u0173 apsauga<\/li>\n<\/ul>\n<p><strong>Produkto specifikacijos:<\/strong><\/p>\n<ul>\n<li>Svoris: 80 g<\/li>\n<li>Matmenys: 16 cm x 6,7 cm x 1,9 cm<\/li>\n<\/ul>\n<p><strong>Med\u017eiagos<\/strong>:<\/p>\n<ul>\n<li>\u017dalvario lydinys, chromuota apdaila<\/li>\n<\/ul>","protected":false},"excerpt":{"rendered":"<p>Meie korduvkasutatav metallist kulmude piiraja sobib t\u00e4iuslikult n\u00e4okarvade lihtsaks eemaldamiseks v\u00f5i kujundamiseks. Lisaks sobib see ka dermaplaneerimiseks (naha koorimiseks), olles t\u00f5hus ja&hellip;<\/p>","protected":false},"featured_media":9081,"comment_status":"open","ping_status":"closed","template":"","meta":{"wprm-recipe-roundup-name":"","wprm-recipe-roundup-description":""},"product_brand":[12064],"product_cat":[280],"product_tag":[431,432],"class_list":{"0":"post-9078","1":"product","2":"type-product","3":"status-publish","4":"has-post-thumbnail","6":"product_brand-jungle-culture","7":"product_cat-raseerijad","8":"product_tag-kulmud","9":"product_tag-kulmude-piiraja","11":"first","12":"instock","13":"taxable","14":"shipping-taxable","15":"purchasable","16":"product-type-variable"},"supplier_id":null,"supplier_sku":"","barcode":null,"atum_controlled":true,"out_stock_date":null,"out_stock_threshold":null,"inheritable":true,"inbound_stock":0,"stock_on_hold":0,"sold_today":0,"sales_last_days":0,"reserved_stock":0,"customer_returns":0,"warehouse_damage":0,"lost_in_post":0,"other_logs":0,"out_stock_days":0,"lost_sales":0,"has_location":false,"update_date":"2026-04-13T21:43:07","atum_locations":[],"atum_stock_status":"instock","restock_status":false,"low_stock_amount":"","sales_update_date":"2026-03-07T01:16:14","calc_backorders":null,"aioseo_notices":[],"_links":{"self":[{"href":"https:\/\/ecoshop.ee\/lt\/wp-json\/wp\/v2\/product\/9078","targetHints":{"allow":["GET"]}}],"collection":[{"href":"https:\/\/ecoshop.ee\/lt\/wp-json\/wp\/v2\/product"}],"about":[{"href":"https:\/\/ecoshop.ee\/lt\/wp-json\/wp\/v2\/types\/product"}],"replies":[{"embeddable":true,"href":"https:\/\/ecoshop.ee\/lt\/wp-json\/wp\/v2\/comments?post=9078"}],"version-history":[{"count":0,"href":"https:\/\/ecoshop.ee\/lt\/wp-json\/wp\/v2\/product\/9078\/revisions"}],"wp:featuredmedia":[{"embeddable":true,"href":"https:\/\/ecoshop.ee\/lt\/wp-json\/wp\/v2\/media\/9081"}],"wp:attachment":[{"href":"https:\/\/ecoshop.ee\/lt\/wp-json\/wp\/v2\/media?parent=9078"}],"wp:term":[{"taxonomy":"product_brand","embeddable":true,"href":"https:\/\/ecoshop.ee\/lt\/wp-json\/wp\/v2\/product_brand?post=9078"},{"taxonomy":"product_cat","embeddable":true,"href":"https:\/\/ecoshop.ee\/lt\/wp-json\/wp\/v2\/product_cat?post=9078"},{"taxonomy":"product_tag","embeddable":true,"href":"https:\/\/ecoshop.ee\/lt\/wp-json\/wp\/v2\/product_tag?post=9078"}],"curies":[{"name":"wp","href":"https:\/\/api.w.org\/{rel}","templated":true}]}}