{"id":9096,"date":"2024-11-05T21:33:40","date_gmt":"2024-11-05T18:33:40","guid":{"rendered":"https:\/\/ecoshop.ee\/?post_type=product&#038;p=9096"},"modified":"2026-04-14T00:43:01","modified_gmt":"2026-04-13T21:43:01","slug":"ergonoominis-metalinis-skustuvas-10-asmenu","status":"publish","type":"product","link":"https:\/\/ecoshop.ee\/lt\/raseerijad\/ergonoomiline-metallist-raseerija-10-tera\/","title":{"rendered":"Ergonoominis metalinis skustuvas + 10 peiliuk\u0173"},"content":{"rendered":"<p>M\u016bs\u0173 daugkartinio naudojimo ro\u017einio aukso spalvos metalinis skustuvas skirtas tiek vyrams, tiek moterims, si\u016blydamas tiksliai pagamint\u0105 ir patogi\u0105 skutimosi patirt\u012f be atliek\u0173. Tai tvarus ir be plastiko sprendimas visiems, kurie vertina auk\u0161tos kokyb\u0117s ir ekologi\u0161k\u0105 skutim\u0105si. Kiekvienas skustuvas turi tekst\u016bruot\u0105 ranken\u0105 ir ergonomi\u0161k\u0105 dizain\u0105, kuris u\u017etikrina saug\u0173 sukibim\u0105 ir palengvina skutim\u0105si net sunkiai pasiekiamose vietose. Taip pat galite \u012fsigyti \u0161\u012f stov\u0105 patogiam laikymui: <a href=\"https:\/\/ecoshop.ee\/lt\/skustuvai\/metallist-raseerija-alus-jamedam\/\" target=\"_blank\" rel=\"noopener\">spustel\u0117kite \u010dia!<\/a><\/p>\n<p>&nbsp;<\/p>\n<p><strong>\u012e rinkin\u012f \u012feina:<\/strong><\/p>\n<ul>\n<li>1 x metalinis skustuvas (ro\u017einio aukso spalvos)<\/li>\n<li>10 peiliuk\u0173 rinkinys<\/li>\n<li>1 x kraftpopierin\u0117 laikymo d\u0117\u017e\u0117<\/li>\n<\/ul>\n<p><strong>Produkto specifikacijos:<\/strong><\/p>\n<ul>\n<li>Svoris: 210 g<\/li>\n<li>Matmenys: 15 cm x 7,1 cm x 4,6 cm<\/li>\n<\/ul>\n<p><strong>Med\u017eiagos<\/strong>:<\/p>\n<ul>\n<li>\u017dalvario lydinys, chromuotas<\/li>\n<\/ul>","protected":false},"excerpt":{"rendered":"<p>Meie korduvkasutatav roosakuldne metallist raseerija on m\u00f5eldud nii meestele kui naistele, pakkudes t\u00e4pselt viimistletud ja mugavat nullj\u00e4\u00e4tmete raseerimiskogemust. Kestlik ja plastivaba lahendus&hellip;<\/p>","protected":false},"featured_media":9097,"comment_status":"open","ping_status":"closed","template":"","meta":{"wprm-recipe-roundup-name":"","wprm-recipe-roundup-description":""},"product_brand":[12064],"product_cat":[280],"product_tag":[190],"class_list":{"0":"post-9096","1":"product","2":"type-product","3":"status-publish","4":"has-post-thumbnail","6":"product_brand-jungle-culture","7":"product_cat-raseerijad","8":"product_tag-raseerija","10":"first","11":"outofstock","12":"taxable","13":"shipping-taxable","14":"purchasable","15":"product-type-simple"},"supplier_id":9133,"supplier_sku":"","barcode":null,"atum_controlled":true,"out_stock_date":"2025-12-14 19:56:02","out_stock_threshold":null,"inheritable":false,"inbound_stock":0,"stock_on_hold":0,"sold_today":0,"sales_last_days":0,"reserved_stock":0,"customer_returns":0,"warehouse_damage":0,"lost_in_post":0,"other_logs":0,"out_stock_days":120,"lost_sales":350,"has_location":false,"update_date":"2026-04-13T21:43:02","atum_locations":[],"atum_stock_status":"outofstock","restock_status":false,"low_stock_amount":"","sales_update_date":"2026-03-07T01:16:14","calc_backorders":null,"aioseo_notices":[],"_links":{"self":[{"href":"https:\/\/ecoshop.ee\/lt\/wp-json\/wp\/v2\/product\/9096","targetHints":{"allow":["GET"]}}],"collection":[{"href":"https:\/\/ecoshop.ee\/lt\/wp-json\/wp\/v2\/product"}],"about":[{"href":"https:\/\/ecoshop.ee\/lt\/wp-json\/wp\/v2\/types\/product"}],"replies":[{"embeddable":true,"href":"https:\/\/ecoshop.ee\/lt\/wp-json\/wp\/v2\/comments?post=9096"}],"version-history":[{"count":0,"href":"https:\/\/ecoshop.ee\/lt\/wp-json\/wp\/v2\/product\/9096\/revisions"}],"wp:featuredmedia":[{"embeddable":true,"href":"https:\/\/ecoshop.ee\/lt\/wp-json\/wp\/v2\/media\/9097"}],"wp:attachment":[{"href":"https:\/\/ecoshop.ee\/lt\/wp-json\/wp\/v2\/media?parent=9096"}],"wp:term":[{"taxonomy":"product_brand","embeddable":true,"href":"https:\/\/ecoshop.ee\/lt\/wp-json\/wp\/v2\/product_brand?post=9096"},{"taxonomy":"product_cat","embeddable":true,"href":"https:\/\/ecoshop.ee\/lt\/wp-json\/wp\/v2\/product_cat?post=9096"},{"taxonomy":"product_tag","embeddable":true,"href":"https:\/\/ecoshop.ee\/lt\/wp-json\/wp\/v2\/product_tag?post=9096"}],"curies":[{"name":"wp","href":"https:\/\/api.w.org\/{rel}","templated":true}]}}