{"id":9112,"date":"2024-11-05T22:18:19","date_gmt":"2024-11-05T19:18:19","guid":{"rendered":"https:\/\/ecoshop.ee\/?post_type=product&#038;p=9112"},"modified":"2025-12-14T20:14:58","modified_gmt":"2025-12-14T17:14:58","slug":"platesnis-metalinis-skustuvo-pagrindas","status":"publish","type":"product","link":"https:\/\/ecoshop.ee\/lt\/raseerijad\/metallist-raseerija-alus-laiem\/","title":{"rendered":"Metalinis skustuvo stovas (platesn\u0117 anga)"},"content":{"rendered":"<p>M\u016bs\u0173 metalinis skustuvo stovas padeda palaikyti tvark\u0105 ir tvark\u0105 j\u016bs\u0173 vonios kambaryje, suteikdamas stabili\u0105 ir stiling\u0105 viet\u0105 j\u016bs\u0173 skustuvui. Stovas yra tiksliai suprojektuotas pagal spalv\u0105 ir dyd\u012f, o jo svoris u\u017etikrina saug\u0173 laikym\u0105. Alused supakuotas paprastoje ir ekologi\u0161koje kraftpopieriaus d\u0117\u017eut\u0117je. Pastaba! Skustuv\u0105 reikia \u012fsigyti atskirai. Stovas tinka... <strong><a href=\"https:\/\/ecoshop.ee\/lt\/skustuvai\/ergonoominis-metalinis-skustuvas-10-asmenu\/?_gl=1*1belosa*_up*MQ..*_ga*MTY3MjE1OTIxLjE3MzA4MzA3NjM.*_ga_Y9PRLEL9G3*MTczMDgzMDc2My4xLjEuMTczMDgzMzg4Ni4wLjAuMzgyNDAwNDk3\" target=\"_blank\" rel=\"noopener\">prie skustuvo modelio.<\/a><\/strong><\/p>\n<p><strong>\u012e rinkin\u012f \u012feina:<\/strong><\/p>\n<ul>\n<li>1 x skustuvo stovas (juodas\/ro\u017einis)<\/li>\n<li>1 x kraftpopierin\u0117 d\u0117\u017eut\u0117<\/li>\n<\/ul>\n<p><strong>Produkto specifikacijos:<\/strong><\/p>\n<ul>\n<li>Svoris: 68 g<\/li>\n<li>Matmenys: 5 cm x 5 cm x 5 cm<\/li>\n<\/ul>\n<p><strong>Med\u017eiagos<\/strong>:<\/p>\n<ul>\n<li>\u017dalvario lydinys, chromuotas<\/li>\n<\/ul>","protected":false},"excerpt":{"rendered":"<p>Meie metallist raseerija alus aitab hoida vannitoa korras ja organiseerituna, pakkudes stabiilset ja stiilset paika sinu raseerijale. Alus on v\u00e4rvi ja suuruse&hellip;<\/p>","protected":false},"featured_media":9114,"comment_status":"open","ping_status":"closed","template":"","meta":{"wprm-recipe-roundup-name":"","wprm-recipe-roundup-description":""},"product_brand":[],"product_cat":[280],"product_tag":[290],"class_list":{"0":"post-9112","1":"product","2":"type-product","3":"status-publish","4":"has-post-thumbnail","6":"product_cat-raseerijad","7":"product_tag-raseerija-alus","9":"first","10":"instock","11":"taxable","12":"shipping-taxable","13":"purchasable","14":"product-type-variable"},"supplier_id":null,"supplier_sku":"","barcode":null,"atum_controlled":true,"out_stock_date":null,"out_stock_threshold":null,"inheritable":false,"inbound_stock":0,"stock_on_hold":0,"sold_today":0,"sales_last_days":0,"reserved_stock":0,"customer_returns":0,"warehouse_damage":0,"lost_in_post":0,"other_logs":0,"out_stock_days":0,"lost_sales":0,"has_location":false,"update_date":"2026-03-07T01:16:14","atum_locations":[],"atum_stock_status":"instock","restock_status":false,"low_stock_amount":"","sales_update_date":"2026-03-07T01:16:14","calc_backorders":null,"aioseo_notices":[],"_links":{"self":[{"href":"https:\/\/ecoshop.ee\/lt\/wp-json\/wp\/v2\/product\/9112","targetHints":{"allow":["GET"]}}],"collection":[{"href":"https:\/\/ecoshop.ee\/lt\/wp-json\/wp\/v2\/product"}],"about":[{"href":"https:\/\/ecoshop.ee\/lt\/wp-json\/wp\/v2\/types\/product"}],"replies":[{"embeddable":true,"href":"https:\/\/ecoshop.ee\/lt\/wp-json\/wp\/v2\/comments?post=9112"}],"version-history":[{"count":0,"href":"https:\/\/ecoshop.ee\/lt\/wp-json\/wp\/v2\/product\/9112\/revisions"}],"wp:featuredmedia":[{"embeddable":true,"href":"https:\/\/ecoshop.ee\/lt\/wp-json\/wp\/v2\/media\/9114"}],"wp:attachment":[{"href":"https:\/\/ecoshop.ee\/lt\/wp-json\/wp\/v2\/media?parent=9112"}],"wp:term":[{"taxonomy":"product_brand","embeddable":true,"href":"https:\/\/ecoshop.ee\/lt\/wp-json\/wp\/v2\/product_brand?post=9112"},{"taxonomy":"product_cat","embeddable":true,"href":"https:\/\/ecoshop.ee\/lt\/wp-json\/wp\/v2\/product_cat?post=9112"},{"taxonomy":"product_tag","embeddable":true,"href":"https:\/\/ecoshop.ee\/lt\/wp-json\/wp\/v2\/product_tag?post=9112"}],"curies":[{"name":"wp","href":"https:\/\/api.w.org\/{rel}","templated":true}]}}