{"id":9612,"date":"2024-11-30T22:44:49","date_gmt":"2024-11-30T19:44:49","guid":{"rendered":"https:\/\/ecoshop.ee\/?post_type=product&#038;p=9612"},"modified":"2026-02-06T19:46:30","modified_gmt":"2026-02-06T16:46:30","slug":"bettr-daug-baltymu-turinti-bulviu-sriuba-30-g","status":"publish","type":"product","link":"https:\/\/ecoshop.ee\/lt\/kupsetussegud-ja-kuivained\/bettr-proteiinirohke-kartulisupp-30g\/","title":{"rendered":"Bett&#039;r daug baltym\u0173 turinti bulvi\u0173 sriuba, 30 g"},"content":{"rendered":"<p>Sveikas ir skanus sprendimas greitam patiekalui! \u201eBett&#039;r\u201c bulvi\u0173 sriuba si\u016blo tobul\u0105 \u0161velnios kokyb\u0117s, didelio skaidul\u0173 ir baltym\u0173 kiekio derin\u012f. Vegani\u0161ka, be glitimo ir be dirbtini\u0173 kvapi\u0173j\u0173 med\u017eiag\u0173 bei da\u017eikli\u0173 \u2013 sveikas pasirinkimas, tinkantis kiekvienai dienai.<\/p>\n<p>Kompakti\u0161kas ir patogus \u2013 idealiai tinka biurui, \u017eygiui ar greitam pasiruo\u0161imui namuose. Paruo\u0161iamas per kelias minutes ir suteikia energijos visai dienai.<\/p>","protected":false},"excerpt":{"rendered":"<p>Tervislik ja maitsev lahendus kiireks eineks! Bett\u2019r kartulisupp pakub ideaalset kombinatsiooni mahedast kvaliteedist, kiudainerikkusest ja k\u00f5rgest valgusisaldusest. Vegan, gluteenivaba ning ilma kunstlike&hellip;<\/p>","protected":false},"featured_media":9613,"comment_status":"open","ping_status":"closed","template":"","meta":{"wprm-recipe-roundup-name":"","wprm-recipe-roundup-description":""},"product_brand":[11995],"product_cat":[323,514],"product_tag":[296,297,522],"class_list":{"0":"post-9612","1":"product","2":"type-product","3":"status-publish","4":"has-post-thumbnail","6":"product_brand-bettr","7":"product_cat-kupsetussegud-ja-kuivained","8":"product_cat-hommikusook-ja-granolad","9":"product_tag-gluteenivaba","10":"product_tag-mahe","11":"product_tag-supp","12":"j79_wcxd_expiry_type-best-before","14":"first","15":"instock","16":"taxable","17":"shipping-taxable","18":"purchasable","19":"product-type-simple"},"supplier_id":9165,"supplier_sku":"","barcode":"3800233782745","atum_controlled":true,"out_stock_date":null,"out_stock_threshold":null,"inheritable":false,"inbound_stock":0,"stock_on_hold":0,"sold_today":0,"sales_last_days":0,"reserved_stock":0,"customer_returns":0,"warehouse_damage":0,"lost_in_post":0,"other_logs":0,"out_stock_days":0,"lost_sales":0,"has_location":false,"update_date":"2026-04-06T20:23:10","atum_locations":[],"atum_stock_status":"instock","restock_status":false,"low_stock_amount":"","sales_update_date":"2026-04-06T20:23:10","calc_backorders":null,"aioseo_notices":[],"_links":{"self":[{"href":"https:\/\/ecoshop.ee\/lt\/wp-json\/wp\/v2\/product\/9612","targetHints":{"allow":["GET"]}}],"collection":[{"href":"https:\/\/ecoshop.ee\/lt\/wp-json\/wp\/v2\/product"}],"about":[{"href":"https:\/\/ecoshop.ee\/lt\/wp-json\/wp\/v2\/types\/product"}],"replies":[{"embeddable":true,"href":"https:\/\/ecoshop.ee\/lt\/wp-json\/wp\/v2\/comments?post=9612"}],"version-history":[{"count":0,"href":"https:\/\/ecoshop.ee\/lt\/wp-json\/wp\/v2\/product\/9612\/revisions"}],"wp:featuredmedia":[{"embeddable":true,"href":"https:\/\/ecoshop.ee\/lt\/wp-json\/wp\/v2\/media\/9613"}],"wp:attachment":[{"href":"https:\/\/ecoshop.ee\/lt\/wp-json\/wp\/v2\/media?parent=9612"}],"wp:term":[{"taxonomy":"product_brand","embeddable":true,"href":"https:\/\/ecoshop.ee\/lt\/wp-json\/wp\/v2\/product_brand?post=9612"},{"taxonomy":"product_cat","embeddable":true,"href":"https:\/\/ecoshop.ee\/lt\/wp-json\/wp\/v2\/product_cat?post=9612"},{"taxonomy":"product_tag","embeddable":true,"href":"https:\/\/ecoshop.ee\/lt\/wp-json\/wp\/v2\/product_tag?post=9612"}],"curies":[{"name":"wp","href":"https:\/\/api.w.org\/{rel}","templated":true}]}}