{"id":9639,"date":"2024-12-01T01:42:56","date_gmt":"2024-11-30T22:42:56","guid":{"rendered":"https:\/\/ecoshop.ee\/?post_type=product&#038;p=9639"},"modified":"2026-05-05T15:59:42","modified_gmt":"2026-05-05T12:59:42","slug":"bettr-ekologiskas-begliutenis-meduoliu-teslos-misinys-350-g","status":"publish","type":"product","link":"https:\/\/ecoshop.ee\/lt\/kupsetussegud-ja-kuivained\/bettr-gluteenivaba-piparkoogitainasegu-mahe-350g\/","title":{"rendered":"Bett&#039;r ekologi\u0161kas meduoli\u0173 te\u0161los mi\u0161inys be glitimo, 350 g"},"content":{"rendered":"<p>\u012esileiskite Kal\u0117d\u0173 magij\u0105 \u012f savo namus! \u201eBett&#039;r\u201c begliutenis meduolinis te\u0161los mi\u0161inys pripildys j\u016bs\u0173 namus nenugalimai sald\u017eiu ir a\u0161triu aromatu. Ekologi\u0161kas, vegani\u0161kas ir be glitimo mi\u0161inys neturi rafinuoto cukraus ar konservant\u0173, tod\u0117l yra sveika alternatyva tradiciniams meduoliams.<\/p>\n<p>Karamel\u0117s skonio kokos\u0173 cukrus ir aromatingi prieskoniai paver\u010dia sausainius tikrai magi\u0161ku malonumu. Paruo\u0161kite te\u0161l\u0105 vos keliais paprastais \u017eingsniais: \u012fpilkite vandens, augalinio pieno ir riebal\u0173, suformuokite meduolius ir kepkite.<\/p>\n<p><strong>Paruo\u0161imas:<\/strong><\/p>\n<ol>\n<li>\u012ekaitinkite orkait\u0119 iki 185 \u00b0C (orkait\u0117 su ventiliatoriumi \u2013 165 \u00b0C). Kepimo skard\u0105 i\u0161klokite kepimo popieriumi.<\/li>\n<li>Supilkite te\u0161los mi\u0161in\u012f \u012f duben\u012f ir \u012fpilkite 55 ml aliejaus arba i\u0161tirpinto sviesto ir 105 ml vandens arba augalinio pieno.<\/li>\n<li>Mai\u0161ykite, kol susidarys te\u0161la. I\u0161ko\u010diokite te\u0161l\u0105 iki ma\u017edaug 5 mm storio ir i\u0161spauskite norimas formas.<\/li>\n<li>Kepkite 185 \u00b0C temperat\u016broje (orkait\u0117je su ventiliatoriumi 165 \u00b0C) 10\u201312 minu\u010di\u0173.<\/li>\n<\/ol>\n<p>Taip paprasta pasigaminti savo meduoli\u0173 ir prad\u017eiuginti artimuosius namin\u0117s gamybos kal\u0117dine magija!<\/p>","protected":false},"excerpt":{"rendered":"<p>Too j\u00f5ulumaagia oma koju! Bett\u2019r gluteenivaba piparkoogitainasegu t\u00e4idab su kodu vastupandamatult magusa ja v\u00fcrtsika aroomiga. Mahe, vegan ja gluteenivaba segu ei sisalda&hellip;<\/p>","protected":false},"featured_media":9640,"comment_status":"open","ping_status":"closed","template":"","meta":{"wprm-recipe-roundup-name":"","wprm-recipe-roundup-description":""},"product_brand":[],"product_cat":[323,303,302],"product_tag":[296,330,297,527],"class_list":{"0":"post-9639","1":"product","2":"type-product","3":"status-publish","4":"has-post-thumbnail","6":"product_cat-kupsetussegud-ja-kuivained","7":"product_cat-mahetooted","8":"product_cat-gluteenivaba","9":"product_tag-gluteenivaba","10":"product_tag-kupsetussegu","11":"product_tag-mahe","12":"product_tag-piparkook","13":"j79_wcxd_expiry_type-best-before","15":"first","16":"instock","17":"taxable","18":"shipping-taxable","19":"purchasable","20":"product-type-simple"},"supplier_id":9165,"supplier_sku":"","barcode":"3800233782547","atum_controlled":true,"out_stock_date":null,"out_stock_threshold":null,"inheritable":false,"inbound_stock":0,"stock_on_hold":0,"sold_today":0,"sales_last_days":1,"reserved_stock":0,"customer_returns":0,"warehouse_damage":0,"lost_in_post":0,"other_logs":0,"out_stock_days":0,"lost_sales":0,"has_location":false,"update_date":"2026-05-07T13:09:48","atum_locations":[],"atum_stock_status":"instock","restock_status":false,"low_stock_amount":"","sales_update_date":"2026-05-07T13:09:48","calc_backorders":null,"aioseo_notices":[],"_links":{"self":[{"href":"https:\/\/ecoshop.ee\/lt\/wp-json\/wp\/v2\/product\/9639","targetHints":{"allow":["GET"]}}],"collection":[{"href":"https:\/\/ecoshop.ee\/lt\/wp-json\/wp\/v2\/product"}],"about":[{"href":"https:\/\/ecoshop.ee\/lt\/wp-json\/wp\/v2\/types\/product"}],"replies":[{"embeddable":true,"href":"https:\/\/ecoshop.ee\/lt\/wp-json\/wp\/v2\/comments?post=9639"}],"version-history":[{"count":0,"href":"https:\/\/ecoshop.ee\/lt\/wp-json\/wp\/v2\/product\/9639\/revisions"}],"wp:featuredmedia":[{"embeddable":true,"href":"https:\/\/ecoshop.ee\/lt\/wp-json\/wp\/v2\/media\/9640"}],"wp:attachment":[{"href":"https:\/\/ecoshop.ee\/lt\/wp-json\/wp\/v2\/media?parent=9639"}],"wp:term":[{"taxonomy":"product_brand","embeddable":true,"href":"https:\/\/ecoshop.ee\/lt\/wp-json\/wp\/v2\/product_brand?post=9639"},{"taxonomy":"product_cat","embeddable":true,"href":"https:\/\/ecoshop.ee\/lt\/wp-json\/wp\/v2\/product_cat?post=9639"},{"taxonomy":"product_tag","embeddable":true,"href":"https:\/\/ecoshop.ee\/lt\/wp-json\/wp\/v2\/product_tag?post=9639"}],"curies":[{"name":"wp","href":"https:\/\/api.w.org\/{rel}","templated":true}]}}