{"id":17,"date":"2024-05-09T16:36:28","date_gmt":"2024-05-09T16:36:28","guid":{"rendered":"https:\/\/ecoshop.ee\/about\/"},"modified":"2026-04-18T22:42:09","modified_gmt":"2026-04-18T19:42:09","slug":"par-mums","status":"publish","type":"page","link":"https:\/\/ecoshop.ee\/lv\/meist\/","title":{"rendered":"Par mums"},"content":{"rendered":"<div data-elementor-type=\"wp-page\" data-elementor-id=\"17\" class=\"elementor elementor-17\">\n\t\t\t\t<div class=\"elementor-element elementor-element-b86ba8a e-flex e-con-boxed e-con e-parent\" data-id=\"b86ba8a\" data-element_type=\"container\">\n\t\t\t\t\t<div class=\"e-con-inner\">\n\t\t\t\t<div class=\"elementor-element elementor-element-172cca8 elementor-widget elementor-widget-spacer\" data-id=\"172cca8\" data-element_type=\"widget\" data-widget_type=\"spacer.default\">\n\t\t\t\t\t\t\t<div class=\"elementor-spacer\">\n\t\t\t<div class=\"elementor-spacer-inner\"><\/div>\n\t\t<\/div>\n\t\t\t\t\t\t<\/div>\n\t\t\t\t<div class=\"elementor-element elementor-element-0194182 elementor-widget elementor-widget-heading\" data-id=\"0194182\" data-element_type=\"widget\" data-widget_type=\"heading.default\">\n\t\t\t\t\t<h1 class=\"elementor-heading-title elementor-size-default\">Ecoshop m\u0113r\u0137is ir atbalst\u012bt ilgtsp\u0113j\u012bgu un apzin\u012bgu pat\u0113r\u0113t\u0101ju kult\u016bru.<\/h1>\t\t\t\t<\/div>\n\t\t\t\t<div class=\"elementor-element elementor-element-48f0cd3 elementor-widget elementor-widget-spacer\" data-id=\"48f0cd3\" data-element_type=\"widget\" data-widget_type=\"spacer.default\">\n\t\t\t\t\t\t\t<div class=\"elementor-spacer\">\n\t\t\t<div class=\"elementor-spacer-inner\"><\/div>\n\t\t<\/div>\n\t\t\t\t\t\t<\/div>\n\t\t<div class=\"elementor-element elementor-element-503e906 e-grid e-con-full e-con e-child\" data-id=\"503e906\" data-element_type=\"container\">\n\t\t\t\t<div class=\"elementor-element elementor-element-fe202df elementor-widget elementor-widget-text-editor\" data-id=\"fe202df\" data-element_type=\"widget\" data-widget_type=\"text-editor.default\">\n\t\t\t\t\t\t\t\t\t<h3 class=\"elementor-heading-title elementor-size-default\" style=\"text-align: left;\">Par lab\u0101ku n\u0101kotni!<\/h3><h6 style=\"text-align: left;\">Ecoshop ir ap\u0146\u0113mies padar\u012bt videi draudz\u012bgus un \u0113tiski ra\u017eotus produktus vienk\u0101r\u0161\u0101kus ikvienam, lai kop\u0101 m\u0113s var\u0113tu redz\u0113t liel\u0101kas p\u0101rmai\u0146as ilgtsp\u0113j\u012bg\u0101kas un emp\u0101tisk\u0101kas sabiedr\u012bbas att\u012bst\u012bbas virzien\u0101. M\u0113s v\u0113lamies, lai visi cilv\u0113ki un dz\u012bvnieki mums apk\u0101rt b\u016btu veseli un laim\u012bgi, un lai vide, kur\u0101 dz\u012bvojam, b\u016btu labi uztur\u0113ta m\u016bsu p\u0113cn\u0101c\u0113jiem. T\u0101p\u0113c m\u0113s sev izvirz\u0101m augstus standartus gan produktu kvalit\u0101tes, gan izcelsmes zi\u0146\u0101.<\/h6><h6>Ieg\u0101d\u0101joties no mums, j\u016bs varat b\u016bt apmierin\u0101ti gan ar preci, gan ar sevi!<\/h6>\t\t\t\t\t\t\t\t<\/div>\n\t\t<div class=\"elementor-element elementor-element-c6371da e-grid e-con-full e-con e-child\" data-id=\"c6371da\" data-element_type=\"container\">\n\t\t\t\t<div class=\"elementor-element elementor-element-c6e3208 elementor-widget elementor-widget-image\" data-id=\"c6e3208\" data-element_type=\"widget\" data-widget_type=\"image.default\">\n\t\t\t\t\t\t\t\t\t\t\t\t\t\t\t<img decoding=\"async\" src=\"https:\/\/ecoshop.ee\/wp-content\/uploads\/2024\/12\/child-8676534_1280.webp\" title=\"child-8676534_1280\" alt=\"child-8676534_1280\" loading=\"lazy\" data-no-translation=\"\" \/>\t\t\t\t\t\t\t\t\t\t\t\t\t\t\t<\/div>\n\t\t\t\t<\/div>\n\t\t\t\t<\/div>\n\t\t\t\t<div class=\"elementor-element elementor-element-5e46b19 elementor-widget elementor-widget-spacer\" data-id=\"5e46b19\" data-element_type=\"widget\" data-widget_type=\"spacer.default\">\n\t\t\t\t\t\t\t<div class=\"elementor-spacer\">\n\t\t\t<div class=\"elementor-spacer-inner\"><\/div>\n\t\t<\/div>\n\t\t\t\t\t\t<\/div>\n\t\t\t\t<div class=\"elementor-element elementor-element-5e31e6b elementor-widget elementor-widget-text-editor\" data-id=\"5e31e6b\" data-element_type=\"widget\" data-widget_type=\"text-editor.default\">\n\t\t\t\t\t\t\t\t\t<h3>V\u0113rt\u012bbas<\/h3>\n<h6>Ar saviem v\u0101rdiem un darbiem m\u0113s atbalst\u0101m pat\u0113r\u0113t\u0101ju virz\u012bbu uz atjaunojam\u0101m, videi ilgtsp\u0113j\u012bg\u0101m un \u0113tisk\u0101m izv\u0113l\u0113m.<\/h6>\n<h6>M\u0113s vienm\u0113r mekl\u0113jam veidus, k\u0101 papla\u0161in\u0101t savu produktu katalogu, uzlabot lieto\u0161anas \u0113rtumu un pilnveidot pakalpojumu kvalit\u0101ti.<\/h6>\t\t\t\t\t\t\t\t<\/div>\n\t\t\t\t<div class=\"elementor-element elementor-element-d6a4451 elementor-widget elementor-widget-spacer\" data-id=\"d6a4451\" data-element_type=\"widget\" data-widget_type=\"spacer.default\">\n\t\t\t\t\t\t\t<div class=\"elementor-spacer\">\n\t\t\t<div class=\"elementor-spacer-inner\"><\/div>\n\t\t<\/div>\n\t\t\t\t\t\t<\/div>\n\t\t\t\t<div class=\"elementor-element elementor-element-41d4688 elementor-align-center elementor-widget elementor-widget-ideapark-button\" data-id=\"41d4688\" data-element_type=\"widget\" data-widget_type=\"ideapark-button.default\">\n\t\t\t\t<div class=\"elementor-widget-container\">\n\t\t\t\t\t\t\t<div class=\"c-ip-button__wrap\">\n\t\t\t<a href=\"https:\/\/ecoshop.ee\/lv\/apzinata-pateresana\/\" class=\"c-button c-ip-button c-button--outline\" role=\"button\">\n\t\t\t\t\t\t\t\t<span class=\"c-ip-button__text\">Lasiet vair\u0101k par m\u016bsu produktu kl\u0101stu<\/span>\n\t\t\t\t\t\t\t<\/a>\n\t\t<\/div>\n\t\t\t\t\t\t<\/div>\n\t\t\t\t<\/div>\n\t\t\t\t<div class=\"elementor-element elementor-element-1517a88 elementor-widget elementor-widget-spacer\" data-id=\"1517a88\" data-element_type=\"widget\" data-widget_type=\"spacer.default\">\n\t\t\t\t\t\t\t<div class=\"elementor-spacer\">\n\t\t\t<div class=\"elementor-spacer-inner\"><\/div>\n\t\t<\/div>\n\t\t\t\t\t\t<\/div>\n\t\t\t\t\t<\/div>\n\t\t\t\t<\/div>\n\t\t\t\t<\/div>","protected":false},"excerpt":{"rendered":"<p>Ecoshopi eesm\u00e4rk on toetada j\u00e4tkusuutlikku ja teadlikku tarbimiskultuuri Ilusama tuleviku nimel! Ecoshopi p\u00fchendumus on teha keskkonnas\u00f5bralikul ja eetilisel teel valmistatud toodete k\u00e4ttesaadavus&hellip;<\/p>","protected":false},"author":1,"featured_media":0,"parent":0,"menu_order":0,"comment_status":"closed","ping_status":"closed","template":"elementor_header_footer","meta":{"wprm-recipe-roundup-name":"","wprm-recipe-roundup-description":"","footnotes":""},"class_list":["post-17","page","type-page","status-publish","hentry"],"aioseo_notices":[],"_links":{"self":[{"href":"https:\/\/ecoshop.ee\/lv\/wp-json\/wp\/v2\/pages\/17","targetHints":{"allow":["GET"]}}],"collection":[{"href":"https:\/\/ecoshop.ee\/lv\/wp-json\/wp\/v2\/pages"}],"about":[{"href":"https:\/\/ecoshop.ee\/lv\/wp-json\/wp\/v2\/types\/page"}],"author":[{"embeddable":true,"href":"https:\/\/ecoshop.ee\/lv\/wp-json\/wp\/v2\/users\/1"}],"replies":[{"embeddable":true,"href":"https:\/\/ecoshop.ee\/lv\/wp-json\/wp\/v2\/comments?post=17"}],"version-history":[{"count":4,"href":"https:\/\/ecoshop.ee\/lv\/wp-json\/wp\/v2\/pages\/17\/revisions"}],"predecessor-version":[{"id":395972,"href":"https:\/\/ecoshop.ee\/lv\/wp-json\/wp\/v2\/pages\/17\/revisions\/395972"}],"wp:attachment":[{"href":"https:\/\/ecoshop.ee\/lv\/wp-json\/wp\/v2\/media?parent=17"}],"curies":[{"name":"wp","href":"https:\/\/api.w.org\/{rel}","templated":true}]}}