{"id":3310,"date":"2024-05-11T21:14:00","date_gmt":"2024-05-11T18:14:00","guid":{"rendered":"https:\/\/ecoshop.ee\/?page_id=3310"},"modified":"2025-12-07T18:05:13","modified_gmt":"2025-12-07T15:05:13","slug":"privatuma-politika","status":"publish","type":"page","link":"https:\/\/ecoshop.ee\/lv\/privaatsuspoliitika\/","title":{"rendered":"Priv\u0101tuma politika"},"content":{"rendered":"<div data-elementor-type=\"wp-page\" data-elementor-id=\"3310\" class=\"elementor elementor-3310\">\n\t\t\t\t<div class=\"elementor-element elementor-element-2d8891d e-flex e-con-boxed e-con e-parent\" data-id=\"2d8891d\" data-element_type=\"container\">\n\t\t\t\t\t<div class=\"e-con-inner\">\n\t\t\t\t<div class=\"elementor-element elementor-element-3e96c6b elementor-widget elementor-widget-heading\" data-id=\"3e96c6b\" data-element_type=\"widget\" data-widget_type=\"heading.default\">\n\t\t\t\t\t<h2 class=\"elementor-heading-title elementor-size-default\">Priv\u0101tuma politika<\/h2>\t\t\t\t<\/div>\n\t\t\t\t<div class=\"elementor-element elementor-element-1544e86 elementor-widget elementor-widget-spacer\" data-id=\"1544e86\" data-element_type=\"widget\" data-widget_type=\"spacer.default\">\n\t\t\t\t\t\t\t<div class=\"elementor-spacer\">\n\t\t\t<div class=\"elementor-spacer-inner\"><\/div>\n\t\t<\/div>\n\t\t\t\t\t\t<\/div>\n\t\t\t\t<div class=\"elementor-element elementor-element-91d63ac elementor-widget elementor-widget-text-editor\" data-id=\"91d63ac\" data-element_type=\"widget\" data-widget_type=\"text-editor.default\">\n\t\t\t\t\t\t\t\t\t<p>\u0160aj\u0101 priv\u0101tuma politik\u0101 ir paskaidrots, k\u0101 PlantBased O\u00dc (p\u0101rzinis), kas p\u0101rvalda t\u012bmek\u013ca vietni ecoshop.ee, v\u0101c, izmanto un aizsarg\u0101 j\u016bsu personas datus, kad j\u016bs izmantojat t\u012bmek\u013ca vietni vai veicat pirkumus. PlantBased O\u00dc apstr\u0101d\u0101 personas datus saska\u0146\u0101 ar Eiropas Savien\u012bbas Visp\u0101r\u012bgo datu aizsardz\u012bbas regulu (VDAR) un Igaunijas ties\u012bbu aktiem.<\/p>\t\t\t\t\t\t\t\t<\/div>\n\t\t\t\t<div class=\"elementor-element elementor-element-46de130 elementor-widget elementor-widget-spacer\" data-id=\"46de130\" data-element_type=\"widget\" data-widget_type=\"spacer.default\">\n\t\t\t\t\t\t\t<div class=\"elementor-spacer\">\n\t\t\t<div class=\"elementor-spacer-inner\"><\/div>\n\t\t<\/div>\n\t\t\t\t\t\t<\/div>\n\t\t\t\t<div class=\"elementor-element elementor-element-9c1ca19 elementor-widget elementor-widget-heading\" data-id=\"9c1ca19\" data-element_type=\"widget\" data-widget_type=\"heading.default\">\n\t\t\t\t\t<h2 class=\"elementor-heading-title elementor-size-default\">Personas datu v\u0101k\u0161ana<\/h2>\t\t\t\t<\/div>\n\t\t\t\t\t<\/div>\n\t\t\t\t<\/div>\n\t\t<div class=\"elementor-element elementor-element-39206bd e-flex e-con-boxed e-con e-parent\" data-id=\"39206bd\" data-element_type=\"container\">\n\t\t\t\t\t<div class=\"e-con-inner\">\n\t\t\t\t<div class=\"elementor-element elementor-element-d65afc8 elementor-widget elementor-widget-spacer\" data-id=\"d65afc8\" data-element_type=\"widget\" data-widget_type=\"spacer.default\">\n\t\t\t\t\t\t\t<div class=\"elementor-spacer\">\n\t\t\t<div class=\"elementor-spacer-inner\"><\/div>\n\t\t<\/div>\n\t\t\t\t\t\t<\/div>\n\t\t\t\t<div class=\"elementor-element elementor-element-7f0657e elementor-widget elementor-widget-text-editor\" data-id=\"7f0657e\" data-element_type=\"widget\" data-widget_type=\"text-editor.default\">\n\t\t\t\t\t\t\t\t\t<p>Izmantojot T\u012bmek\u013ca vietni un veicot dar\u012bjumus, j\u016bs piekr\u012btat pamata personas inform\u0101cijas v\u0101k\u0161anai un apstr\u0101dei. Personas inform\u0101cijas v\u0101k\u0161ana var ietvert t\u0101du inform\u0101ciju k\u0101 j\u016bsu v\u0101rds, uzv\u0101rds, adrese, e-pasta adrese, t\u0101lru\u0146a numurs, maks\u0101juma inform\u0101cija un cita inform\u0101cija, ko j\u016bs mums br\u012bvpr\u0101t\u012bgi sniedzat. J\u016bsu maks\u0101juma inform\u0101cija netiek glab\u0101ta m\u016bsu datub\u0101z\u0113s.<\/p>\t\t\t\t\t\t\t\t<\/div>\n\t\t\t\t<div class=\"elementor-element elementor-element-abf6f05 elementor-widget elementor-widget-spacer\" data-id=\"abf6f05\" data-element_type=\"widget\" data-widget_type=\"spacer.default\">\n\t\t\t\t\t\t\t<div class=\"elementor-spacer\">\n\t\t\t<div class=\"elementor-spacer-inner\"><\/div>\n\t\t<\/div>\n\t\t\t\t\t\t<\/div>\n\t\t\t\t<div class=\"elementor-element elementor-element-2d27dac elementor-widget elementor-widget-heading\" data-id=\"2d27dac\" data-element_type=\"widget\" data-widget_type=\"heading.default\">\n\t\t\t\t\t<h2 class=\"elementor-heading-title elementor-size-default\">M\u0113s izmantojam j\u016bsu personas datus \u0161\u0101diem m\u0113r\u0137iem:<\/h2>\t\t\t\t<\/div>\n\t\t\t\t\t<\/div>\n\t\t\t\t<\/div>\n\t\t<div class=\"elementor-element elementor-element-1641898 e-flex e-con-boxed e-con e-parent\" data-id=\"1641898\" data-element_type=\"container\">\n\t\t\t\t\t<div class=\"e-con-inner\">\n\t\t\t\t<div class=\"elementor-element elementor-element-9411d7e elementor-widget elementor-widget-spacer\" data-id=\"9411d7e\" data-element_type=\"widget\" data-widget_type=\"spacer.default\">\n\t\t\t\t\t\t\t<div class=\"elementor-spacer\">\n\t\t\t<div class=\"elementor-spacer-inner\"><\/div>\n\t\t<\/div>\n\t\t\t\t\t\t<\/div>\n\t\t\t\t<div class=\"elementor-element elementor-element-d9654bf elementor-widget elementor-widget-text-editor\" data-id=\"d9654bf\" data-element_type=\"widget\" data-widget_type=\"text-editor.default\">\n\t\t\t\t\t\t\t\t\t<ul><li>Pas\u016bt\u012bjumu izpilde un m\u016bsu pakalpojumu snieg\u0161ana.<\/li><li>Sazi\u0146a ar jums par pas\u016bt\u012bjumiem un jaut\u0101jumiem.<\/li><li>J\u016bsu konta p\u0101rvald\u012bba un piek\u013cuves nodro\u0161in\u0101\u0161ana tam.<\/li><li>Tie\u0161saistes veikala lietot\u0101ju pieredzes uzlabo\u0161ana<\/li><li>M\u0101rketinga un rekl\u0101mas nol\u016bkos, ja esat tam piekritis.<\/li><\/ul><div>Datu glab\u0101\u0161anas un apstr\u0101des juridiskais pamats ir <strong>GDPR 6. pants<\/strong><\/div>\t\t\t\t\t\t\t\t<\/div>\n\t\t\t\t<div class=\"elementor-element elementor-element-8579632 elementor-widget elementor-widget-spacer\" data-id=\"8579632\" data-element_type=\"widget\" data-widget_type=\"spacer.default\">\n\t\t\t\t\t\t\t<div class=\"elementor-spacer\">\n\t\t\t<div class=\"elementor-spacer-inner\"><\/div>\n\t\t<\/div>\n\t\t\t\t\t\t<\/div>\n\t\t\t\t<div class=\"elementor-element elementor-element-fdf0d82 elementor-widget elementor-widget-heading\" data-id=\"fdf0d82\" data-element_type=\"widget\" data-widget_type=\"heading.default\">\n\t\t\t\t\t<h2 class=\"elementor-heading-title elementor-size-default\">Personas datu kop\u012bgo\u0161ana<\/h2>\t\t\t\t<\/div>\n\t\t\t\t<div class=\"elementor-element elementor-element-1ed30c1 elementor-widget elementor-widget-spacer\" data-id=\"1ed30c1\" data-element_type=\"widget\" data-widget_type=\"spacer.default\">\n\t\t\t\t\t\t\t<div class=\"elementor-spacer\">\n\t\t\t<div class=\"elementor-spacer-inner\"><\/div>\n\t\t<\/div>\n\t\t\t\t\t\t<\/div>\n\t\t\t\t\t<\/div>\n\t\t\t\t<\/div>\n\t\t<div class=\"elementor-element elementor-element-681f414 e-con-full e-flex e-con e-parent\" data-id=\"681f414\" data-element_type=\"container\">\n\t\t\t\t<div class=\"elementor-element elementor-element-1e5dafc elementor-widget elementor-widget-text-editor\" data-id=\"1e5dafc\" data-element_type=\"widget\" data-widget_type=\"text-editor.default\">\n\t\t\t\t\t\t\t\t\t<p><span style=\"text-align: var(--text-align-left); letter-spacing: 0.28px; font-family: var(--font-text); color: var(--text-color);\">Tie\u0161saistes veikala \u012bpa\u0161nieks var izmantot tre\u0161o pu\u0161u pakalpojumus personas datu apstr\u0101dei vai glab\u0101\u0161anai.<\/span><\/p><p><span style=\"text-align: var(--text-align-left); letter-spacing: 0.28px; font-family: var(--font-text); color: var(--text-color);\">Maks\u0101jumu veik\u0161anai un pas\u016bt\u012bjumu pieg\u0101dei nepiecie\u0161amos personas datus nododam pilnvarotajiem apstr\u0101d\u0101t\u0101jiem Montonio Finance UAB, Smartposti O\u00dc, AS Eesti Post (Omniva), DPD Eesti AS, Venipak Eesti O\u00dc.\u00a0<\/span><\/p><p><span style=\"text-align: var(--text-align-left); letter-spacing: 0.28px; font-family: var(--font-text); color: var(--text-color);\"> M\u0113s pied\u0101v\u0101jam iesp\u0113ju izveidot kontu vai pieteikties, izmantojot Google vai Facebooki. Izmantojot \u0161o funkciju, j\u016bsu izv\u0113l\u0113tais pakalpojumu sniedz\u0113js sniegs mums pamatinform\u0101ciju (piem\u0113ram, j\u016bsu v\u0101rdu un e-pasta adresi). M\u0113s izmantosim \u0161o inform\u0101ciju tikai j\u016bsu izveidei vai identific\u0113\u0161anai ecoshop.ee vid\u0113.<br data-start=\"486\" data-end=\"489\" \/>M\u0113s nepiek\u013c\u016bstam nek\u0101dai citai inform\u0101cijai no j\u016bsu soci\u0101lo mediju konta, un visi dati tiek apstr\u0101d\u0101ti saska\u0146\u0101 ar \u0161o Priv\u0101tuma politiku.<\/span><\/p><p>M\u0113s neizpaud\u012bsim j\u016bsu personas datus cit\u0101m tre\u0161aj\u0101m person\u0101m bez j\u016bsu piekri\u0161anas, ja vien to nepieprasa likums.<\/p>\t\t\t\t\t\t\t\t<\/div>\n\t\t\t\t<div class=\"elementor-element elementor-element-b990b51 elementor-widget elementor-widget-spacer\" data-id=\"b990b51\" data-element_type=\"widget\" data-widget_type=\"spacer.default\">\n\t\t\t\t\t\t\t<div class=\"elementor-spacer\">\n\t\t\t<div class=\"elementor-spacer-inner\"><\/div>\n\t\t<\/div>\n\t\t\t\t\t\t<\/div>\n\t\t\t\t<div class=\"elementor-element elementor-element-23e69ef elementor-widget elementor-widget-heading\" data-id=\"23e69ef\" data-element_type=\"widget\" data-widget_type=\"heading.default\">\n\t\t\t\t\t<h2 class=\"elementor-heading-title elementor-size-default\">Ar cie\u0146uused<\/h2>\t\t\t\t<\/div>\n\t\t\t\t<div class=\"elementor-element elementor-element-73b8e25 elementor-widget elementor-widget-spacer\" data-id=\"73b8e25\" data-element_type=\"widget\" data-widget_type=\"spacer.default\">\n\t\t\t\t\t\t\t<div class=\"elementor-spacer\">\n\t\t\t<div class=\"elementor-spacer-inner\"><\/div>\n\t\t<\/div>\n\t\t\t\t\t\t<\/div>\n\t\t\t\t<div class=\"elementor-element elementor-element-46bf955 elementor-widget elementor-widget-text-editor\" data-id=\"46bf955\" data-element_type=\"widget\" data-widget_type=\"text-editor.default\">\n\t\t\t\t\t\t\t\t\t<p data-start=\"3303\" data-end=\"3345\">Saska\u0146\u0101 ar GDPR 15.\u201322. pantu jums ir ties\u012bbas:<\/p><ul data-start=\"3347\" data-end=\"3644\"><li data-start=\"3347\" data-end=\"3386\"><p data-start=\"3349\" data-end=\"3386\">Ieg\u016bstiet piek\u013cuvi saviem personas datiem<\/p><\/li><li data-start=\"3387\" data-end=\"3435\"><p data-start=\"3389\" data-end=\"3435\">Piepras\u012bt datu labo\u0161anu vai dz\u0113\u0161anu<\/p><\/li><li data-start=\"3436\" data-end=\"3466\"><p data-start=\"3438\" data-end=\"3466\">Ierobe\u017eot datu apstr\u0101di<\/p><\/li><li data-start=\"3467\" data-end=\"3512\"><p data-start=\"3469\" data-end=\"3512\">Iebilst pret datu apstr\u0101di<\/p><\/li><li data-start=\"3513\" data-end=\"3546\"><p data-start=\"3515\" data-end=\"3546\">Atsaukt m\u0101rketinga piekri\u0161anu<\/p><\/li><li data-start=\"3547\" data-end=\"3579\"><p data-start=\"3549\" data-end=\"3579\">Piepras\u012bt datu p\u0101rnesam\u012bbu<\/p><\/li><li data-start=\"3580\" data-end=\"3644\"><p data-start=\"3582\" data-end=\"3644\">Iesniegt s\u016bdz\u012bbu <strong data-start=\"3597\" data-end=\"3628\">Datu aizsardz\u012bbas inspekcijai<\/strong> (<a class=\"decorated-link cursor-pointer\" rel=\"noopener\" data-start=\"3630\" data-end=\"3641\">info@aki.ee<\/a>)<\/p><\/li><\/ul>\t\t\t\t\t\t\t\t<\/div>\n\t\t\t\t<div class=\"elementor-element elementor-element-d6fcd76 elementor-widget elementor-widget-spacer\" data-id=\"d6fcd76\" data-element_type=\"widget\" data-widget_type=\"spacer.default\">\n\t\t\t\t\t\t\t<div class=\"elementor-spacer\">\n\t\t\t<div class=\"elementor-spacer-inner\"><\/div>\n\t\t<\/div>\n\t\t\t\t\t\t<\/div>\n\t\t\t\t<\/div>\n\t\t<div class=\"elementor-element elementor-element-c41fa2f e-flex e-con-boxed e-con e-parent\" data-id=\"c41fa2f\" data-element_type=\"container\">\n\t\t\t\t\t<div class=\"e-con-inner\">\n\t\t\t\t<div class=\"elementor-element elementor-element-d90fa30 elementor-widget elementor-widget-heading\" data-id=\"d90fa30\" data-element_type=\"widget\" data-widget_type=\"heading.default\">\n\t\t\t\t\t<h2 class=\"elementor-heading-title elementor-size-default\">S\u012bkfailu izmanto\u0161ana<\/h2>\t\t\t\t<\/div>\n\t\t\t\t<div class=\"elementor-element elementor-element-8741d14 elementor-widget elementor-widget-spacer\" data-id=\"8741d14\" data-element_type=\"widget\" data-widget_type=\"spacer.default\">\n\t\t\t\t\t\t\t<div class=\"elementor-spacer\">\n\t\t\t<div class=\"elementor-spacer-inner\"><\/div>\n\t\t<\/div>\n\t\t\t\t\t\t<\/div>\n\t\t\t\t\t<\/div>\n\t\t\t\t<\/div>\n\t\t<div class=\"elementor-element elementor-element-01fe085 e-flex e-con-boxed e-con e-parent\" data-id=\"01fe085\" data-element_type=\"container\">\n\t\t\t\t\t<div class=\"e-con-inner\">\n\t\t\t\t<div class=\"elementor-element elementor-element-1553a7d elementor-widget elementor-widget-text-editor\" data-id=\"1553a7d\" data-element_type=\"widget\" data-widget_type=\"text-editor.default\">\n\t\t\t\t\t\t\t\t\t<p>M\u0113s izmantojam s\u012bkfailus, lai nodro\u0161in\u0101tu tie\u0161saistes veikala darb\u012bbu un saglab\u0101tu personiskos iepirkumu grozus. M\u0113s varam izmantot s\u012bkfailus ar\u012b, lai analiz\u0113tu datpl\u016bsmu un uzlabotu iepirk\u0161an\u0101s pieredzi. Ar j\u016bsu piekri\u0161anu m\u0113s varam izmantot s\u012bkfailus ar\u012b m\u0101rketinga nol\u016bkos.<\/p>\t\t\t\t\t\t\t\t<\/div>\n\t\t\t\t<div class=\"elementor-element elementor-element-17be749 elementor-widget elementor-widget-spacer\" data-id=\"17be749\" data-element_type=\"widget\" data-widget_type=\"spacer.default\">\n\t\t\t\t\t\t\t<div class=\"elementor-spacer\">\n\t\t\t<div class=\"elementor-spacer-inner\"><\/div>\n\t\t<\/div>\n\t\t\t\t\t\t<\/div>\n\t\t\t\t<div class=\"elementor-element elementor-element-ed6f9fb elementor-widget elementor-widget-heading\" data-id=\"ed6f9fb\" data-element_type=\"widget\" data-widget_type=\"heading.default\">\n\t\t\t\t\t<h2 class=\"elementor-heading-title elementor-size-default\">Datu saglab\u0101\u0161ana<\/h2>\t\t\t\t<\/div>\n\t\t\t\t<div class=\"elementor-element elementor-element-d8c08c3 elementor-widget elementor-widget-spacer\" data-id=\"d8c08c3\" data-element_type=\"widget\" data-widget_type=\"spacer.default\">\n\t\t\t\t\t\t\t<div class=\"elementor-spacer\">\n\t\t\t<div class=\"elementor-spacer-inner\"><\/div>\n\t\t<\/div>\n\t\t\t\t\t\t<\/div>\n\t\t\t\t<div class=\"elementor-element elementor-element-87f52ae elementor-widget elementor-widget-text-editor\" data-id=\"87f52ae\" data-element_type=\"widget\" data-widget_type=\"text-editor.default\">\n\t\t\t\t\t\t\t\t\t<p data-start=\"2992\" data-end=\"3051\">M\u0113s glab\u0101jam personas datus tikai tik ilgi, cik nepiecie\u0161ams:<\/p><ul data-start=\"3053\" data-end=\"3273\"><li data-start=\"3053\" data-end=\"3113\"><p data-start=\"3055\" data-end=\"3113\">Pas\u016bt\u012bjuma inform\u0101cija: <strong data-start=\"3072\" data-end=\"3086\">7 gadi<\/strong> (gr\u0101matved\u012bbas pien\u0101kums)<\/p><\/li><li data-start=\"3114\" data-end=\"3164\"><p data-start=\"3116\" data-end=\"3164\">Lietot\u0101ja konta dati: l\u012bdz konta dz\u0113\u0161anai<\/p><\/li><li data-start=\"3165\" data-end=\"3213\"><p data-start=\"3167\" data-end=\"3213\">M\u0101rketinga piekri\u0161ana: l\u012bdz atsauk\u0161anai<\/p><\/li><li data-start=\"3214\" data-end=\"3273\"><p data-start=\"3216\" data-end=\"3273\">Soci\u0101lo t\u012bklu pieteik\u0161an\u0101s dati: ja vien konts ir akt\u012bvs<\/p><\/li><\/ul>\t\t\t\t\t\t\t\t<\/div>\n\t\t\t\t<div class=\"elementor-element elementor-element-e1a0944 elementor-widget elementor-widget-spacer\" data-id=\"e1a0944\" data-element_type=\"widget\" data-widget_type=\"spacer.default\">\n\t\t\t\t\t\t\t<div class=\"elementor-spacer\">\n\t\t\t<div class=\"elementor-spacer-inner\"><\/div>\n\t\t<\/div>\n\t\t\t\t\t\t<\/div>\n\t\t\t\t<div class=\"elementor-element elementor-element-7aeb6d1 elementor-widget elementor-widget-heading\" data-id=\"7aeb6d1\" data-element_type=\"widget\" data-widget_type=\"heading.default\">\n\t\t\t\t\t<h2 class=\"elementor-heading-title elementor-size-default\">Changeused konfidencialit\u0101tes politika<\/h2>\t\t\t\t<\/div>\n\t\t\t\t<div class=\"elementor-element elementor-element-5a37598 elementor-widget elementor-widget-spacer\" data-id=\"5a37598\" data-element_type=\"widget\" data-widget_type=\"spacer.default\">\n\t\t\t\t\t\t\t<div class=\"elementor-spacer\">\n\t\t\t<div class=\"elementor-spacer-inner\"><\/div>\n\t\t<\/div>\n\t\t\t\t\t\t<\/div>\n\t\t\t\t<div class=\"elementor-element elementor-element-ab37e7e elementor-widget elementor-widget-text-editor\" data-id=\"ab37e7e\" data-element_type=\"widget\" data-widget_type=\"text-editor.default\">\n\t\t\t\t\t\t\t\t\t<p>M\u0113s paturam ties\u012bbas jebkur\u0101 laik\u0101 main\u012bt m\u016bsu priv\u0101tuma politiku. M\u0113s aicin\u0101m j\u016bs to regul\u0101ri p\u0101rskat\u012bt. Izmai\u0146as tiks public\u0113tas t\u012bmek\u013ca vietn\u0113 un st\u0101sies sp\u0113k\u0101 nekav\u0113joties.<\/p>\t\t\t\t\t\t\t\t<\/div>\n\t\t\t\t<div class=\"elementor-element elementor-element-f858add elementor-widget elementor-widget-spacer\" data-id=\"f858add\" data-element_type=\"widget\" data-widget_type=\"spacer.default\">\n\t\t\t\t\t\t\t<div class=\"elementor-spacer\">\n\t\t\t<div class=\"elementor-spacer-inner\"><\/div>\n\t\t<\/div>\n\t\t\t\t\t\t<\/div>\n\t\t\t\t\t<\/div>\n\t\t\t\t<\/div>\n\t\t<div class=\"elementor-element elementor-element-11dc2ff e-flex e-con-boxed e-con e-parent\" data-id=\"11dc2ff\" data-element_type=\"container\">\n\t\t\t\t\t<div class=\"e-con-inner\">\n\t\t\t\t<div class=\"elementor-element elementor-element-4e9da99 elementor-widget elementor-widget-heading\" data-id=\"4e9da99\" data-element_type=\"widget\" data-widget_type=\"heading.default\">\n\t\t\t\t\t<h2 class=\"elementor-heading-title elementor-size-default\">Kontaktinform\u0101cija<\/h2>\t\t\t\t<\/div>\n\t\t\t\t<div class=\"elementor-element elementor-element-d05c477 elementor-widget elementor-widget-spacer\" data-id=\"d05c477\" data-element_type=\"widget\" data-widget_type=\"spacer.default\">\n\t\t\t\t\t\t\t<div class=\"elementor-spacer\">\n\t\t\t<div class=\"elementor-spacer-inner\"><\/div>\n\t\t<\/div>\n\t\t\t\t\t\t<\/div>\n\t\t\t\t<div class=\"elementor-element elementor-element-ccbf9c9 elementor-widget elementor-widget-text-editor\" data-id=\"ccbf9c9\" data-element_type=\"widget\" data-widget_type=\"text-editor.default\">\n\t\t\t\t\t\t\t\t\t<p>Ja jums ir k\u0101di jaut\u0101jumi vai ba\u017eas par m\u016bsu priv\u0101tuma politiku, l\u016bdzu, sazinieties ar mums, izmantojot m\u016bsu <a href=\"http:\/\/ecoshop.ee\/lv\/kontakts\/\">kontaktforma<\/a> caur vai rakstot info@ecoshop.ee<\/p>\t\t\t\t\t\t\t\t<\/div>\n\t\t\t\t<div class=\"elementor-element elementor-element-5b62275 elementor-widget elementor-widget-spacer\" data-id=\"5b62275\" data-element_type=\"widget\" data-widget_type=\"spacer.default\">\n\t\t\t\t\t\t\t<div class=\"elementor-spacer\">\n\t\t\t<div class=\"elementor-spacer-inner\"><\/div>\n\t\t<\/div>\n\t\t\t\t\t\t<\/div>\n\t\t\t\t<div class=\"elementor-element elementor-element-cde2e4b elementor-widget elementor-widget-text-editor\" data-id=\"cde2e4b\" data-element_type=\"widget\" data-widget_type=\"text-editor.default\">\n\t\t\t\t\t\t\t\t\t<p>P\u0113d\u0113joreiz modific\u0113ts: 07.12.2025<\/p>\t\t\t\t\t\t\t\t<\/div>\n\t\t\t\t\t<\/div>\n\t\t\t\t<\/div>\n\t\t\t\t<\/div>","protected":false},"excerpt":{"rendered":"<p>Privaatsuspoliitika K\u00e4esolev privaatsuspoliitika selgitab, kuidas ecoshop.ee veebilehte haldav PlantBased O\u00dc (vastutav t\u00f6\u00f6tleja) kogub, kasutab ja kaitseb teie isikuandmeid veebilehe kasutamisel v\u00f5i ostude&hellip;<\/p>","protected":false},"author":1,"featured_media":0,"parent":0,"menu_order":0,"comment_status":"closed","ping_status":"closed","template":"","meta":{"wprm-recipe-roundup-name":"","wprm-recipe-roundup-description":"","footnotes":""},"class_list":["post-3310","page","type-page","status-publish","hentry"],"aioseo_notices":[],"_links":{"self":[{"href":"https:\/\/ecoshop.ee\/lv\/wp-json\/wp\/v2\/pages\/3310","targetHints":{"allow":["GET"]}}],"collection":[{"href":"https:\/\/ecoshop.ee\/lv\/wp-json\/wp\/v2\/pages"}],"about":[{"href":"https:\/\/ecoshop.ee\/lv\/wp-json\/wp\/v2\/types\/page"}],"author":[{"embeddable":true,"href":"https:\/\/ecoshop.ee\/lv\/wp-json\/wp\/v2\/users\/1"}],"replies":[{"embeddable":true,"href":"https:\/\/ecoshop.ee\/lv\/wp-json\/wp\/v2\/comments?post=3310"}],"version-history":[{"count":0,"href":"https:\/\/ecoshop.ee\/lv\/wp-json\/wp\/v2\/pages\/3310\/revisions"}],"wp:attachment":[{"href":"https:\/\/ecoshop.ee\/lv\/wp-json\/wp\/v2\/media?parent=3310"}],"curies":[{"name":"wp","href":"https:\/\/api.w.org\/{rel}","templated":true}]}}