{"id":3325,"date":"2024-05-11T21:54:55","date_gmt":"2024-05-11T18:54:55","guid":{"rendered":"https:\/\/ecoshop.ee\/?page_id=3325"},"modified":"2025-02-08T03:21:38","modified_gmt":"2025-02-08T01:21:38","slug":"atgriesanasused","status":"publish","type":"page","link":"https:\/\/ecoshop.ee\/lv\/tagastused\/","title":{"rendered":"Atpaka\u013cused"},"content":{"rendered":"<div data-elementor-type=\"wp-page\" data-elementor-id=\"3325\" class=\"elementor elementor-3325\">\n\t\t\t\t<div class=\"elementor-element elementor-element-2d8891d e-flex e-con-boxed e-con e-parent\" data-id=\"2d8891d\" data-element_type=\"container\">\n\t\t\t\t\t<div class=\"e-con-inner\">\n\t\t\t\t<div class=\"elementor-element elementor-element-3e96c6b elementor-widget elementor-widget-heading\" data-id=\"3e96c6b\" data-element_type=\"widget\" data-widget_type=\"heading.default\">\n\t\t\t\t\t<h2 class=\"elementor-heading-title elementor-size-default\">Atgrie\u0161anas politika<\/h2>\t\t\t\t<\/div>\n\t\t\t\t<div class=\"elementor-element elementor-element-1544e86 elementor-widget elementor-widget-spacer\" data-id=\"1544e86\" data-element_type=\"widget\" data-widget_type=\"spacer.default\">\n\t\t\t\t\t\t\t<div class=\"elementor-spacer\">\n\t\t\t<div class=\"elementor-spacer-inner\"><\/div>\n\t\t<\/div>\n\t\t\t\t\t\t<\/div>\n\t\t\t\t<div class=\"elementor-element elementor-element-91d63ac elementor-widget elementor-widget-text-editor\" data-id=\"91d63ac\" data-element_type=\"widget\" data-widget_type=\"text-editor.default\">\n\t\t\t\t\t\t\t\t\t<p>Laipni l\u016bdzam m\u016bsu atgrie\u0161anas politikas lap\u0101. Pirms preces atgrie\u0161anas, l\u016bdzu, uzman\u012bgi izlasiet t\u0101l\u0101k sniegtos nor\u0101d\u012bjumus.<\/p>\t\t\t\t\t\t\t\t<\/div>\n\t\t\t\t<div class=\"elementor-element elementor-element-46de130 elementor-widget elementor-widget-spacer\" data-id=\"46de130\" data-element_type=\"widget\" data-widget_type=\"spacer.default\">\n\t\t\t\t\t\t\t<div class=\"elementor-spacer\">\n\t\t\t<div class=\"elementor-spacer-inner\"><\/div>\n\t\t<\/div>\n\t\t\t\t\t\t<\/div>\n\t\t\t\t<div class=\"elementor-element elementor-element-9c1ca19 elementor-widget elementor-widget-heading\" data-id=\"9c1ca19\" data-element_type=\"widget\" data-widget_type=\"heading.default\">\n\t\t\t\t\t<h2 class=\"elementor-heading-title elementor-size-default\">Atgrie\u0161anas politikaused:<\/h2>\t\t\t\t<\/div>\n\t\t\t\t\t<\/div>\n\t\t\t\t<\/div>\n\t\t<div class=\"elementor-element elementor-element-39206bd e-flex e-con-boxed e-con e-parent\" data-id=\"39206bd\" data-element_type=\"container\">\n\t\t\t\t\t<div class=\"e-con-inner\">\n\t\t\t\t<div class=\"elementor-element elementor-element-d65afc8 elementor-widget elementor-widget-spacer\" data-id=\"d65afc8\" data-element_type=\"widget\" data-widget_type=\"spacer.default\">\n\t\t\t\t\t\t\t<div class=\"elementor-spacer\">\n\t\t\t<div class=\"elementor-spacer-inner\"><\/div>\n\t\t<\/div>\n\t\t\t\t\t\t<\/div>\n\t\t\t\t<div class=\"elementor-element elementor-element-7f0657e elementor-widget elementor-widget-text-editor\" data-id=\"7f0657e\" data-element_type=\"widget\" data-widget_type=\"text-editor.default\">\n\t\t\t\t\t\t\t\t\t<ul><li><p>Atv\u0113rtu p\u0101rtiku nevar atgriezt.<\/p><\/li><li>Dz\u012bvus augus nevar atgriezt (<a href=\"https:\/\/www.riigiteataja.ee\/akt\/106072023116\" target=\"_blank\" rel=\"noopener\">Likuma par personu ar invalidit\u0101ti ties\u012bbu aizsardz\u012bbu 53. panta 4. punkta 4. apak\u0161punkts<\/a>)<\/li><li><p>Atgrieztaj\u0101m prec\u0113m j\u0101b\u016bt ori\u0123in\u0101laj\u0101 iepakojum\u0101 un t\u0101s nedr\u012bkst b\u016bt boj\u0101tas.<\/p><\/li><li><p>Preci var atgriezt 14 dienu laik\u0101 no sa\u0146em\u0161anas datuma.<\/p><\/li><li><p><span style=\"font-size: 1.05em; color: var(--text-color); letter-spacing: 0.02em; text-align: var(--text-align-left); font-family: var(--font-text);\">Atgrieztaj\u0101m prec\u0113m j\u0101b\u016bt iepakot\u0101m atbilsto\u0161i kurjera uz\u0146\u0113muma pras\u012bb\u0101m.<\/span><\/p><\/li><li><p><span style=\"font-size: 1.05em; color: var(--text-color); letter-spacing: 0.02em; text-align: var(--text-align-left); font-family: var(--font-text);\">Ja atgrieztajai precei ir boj\u0101jumi, kuru s\u0101kotn\u0113ji nebija, no atmaks\u0101jam\u0101s summas tiks atskait\u012btas preces atjauno\u0161anas izmaksas.<\/span><\/p><\/li><\/ul>\t\t\t\t\t\t\t\t<\/div>\n\t\t\t\t<div class=\"elementor-element elementor-element-abf6f05 elementor-widget elementor-widget-spacer\" data-id=\"abf6f05\" data-element_type=\"widget\" data-widget_type=\"spacer.default\">\n\t\t\t\t\t\t\t<div class=\"elementor-spacer\">\n\t\t\t<div class=\"elementor-spacer-inner\"><\/div>\n\t\t<\/div>\n\t\t\t\t\t\t<\/div>\n\t\t\t\t<div class=\"elementor-element elementor-element-2d27dac elementor-widget elementor-widget-heading\" data-id=\"2d27dac\" data-element_type=\"widget\" data-widget_type=\"heading.default\">\n\t\t\t\t\t<h2 class=\"elementor-heading-title elementor-size-default\">Atgrie\u0161anas process:<\/h2>\t\t\t\t<\/div>\n\t\t\t\t\t<\/div>\n\t\t\t\t<\/div>\n\t\t<div class=\"elementor-element elementor-element-1641898 e-flex e-con-boxed e-con e-parent\" data-id=\"1641898\" data-element_type=\"container\">\n\t\t\t\t\t<div class=\"e-con-inner\">\n\t\t\t\t<div class=\"elementor-element elementor-element-9411d7e elementor-widget elementor-widget-spacer\" data-id=\"9411d7e\" data-element_type=\"widget\" data-widget_type=\"spacer.default\">\n\t\t\t\t\t\t\t<div class=\"elementor-spacer\">\n\t\t\t<div class=\"elementor-spacer-inner\"><\/div>\n\t\t<\/div>\n\t\t\t\t\t\t<\/div>\n\t\t\t\t<div class=\"elementor-element elementor-element-d9654bf elementor-widget elementor-widget-text-editor\" data-id=\"d9654bf\" data-element_type=\"widget\" data-widget_type=\"text-editor.default\">\n\t\t\t\t\t\t\t\t\t<ul><li><p>Pirms preces atgrie\u0161anas, l\u016bdzu, sazinieties ar <strong>noteikti<\/strong> sazinieties ar mums, lai pazi\u0146otu mums par atgrie\u0161anu un sa\u0146emtu papildu nor\u0101d\u012bjumus<\/p><\/li><li><p>Ja sa\u0146emtajam produktam ir k\u0101di boj\u0101jumi vai defekti, l\u016bdzu, nofotograf\u0113jiet vai nofilm\u0113jiet to un nos\u016btiet to mums info@ecoshop.ee.<\/p><\/li><li><p>Atgrieziet produktus to ori\u0123in\u0101laj\u0101 iepakojum\u0101 un p\u0101rliecinieties, ka tie nav boj\u0101ti.<\/p><\/li><li><p>P\u0113c pre\u010du sa\u0146em\u0161anas un p\u0101rbaudes m\u0113s atmaks\u0101sim naudu ne v\u0113l\u0101k k\u0101 divu dienu laik\u0101.<\/p><\/li><li>P\u0101rdev\u0113js segs ar preces atgrie\u0161anu saist\u012bt\u0101s izmaksas, bet tikai tad, ja atgrie\u0161anas summa ir iepriek\u0161 saska\u0146ota ar p\u0101rdev\u0113ju un nep\u0101rsniedz s\u0101kotn\u0113j\u0101s pieg\u0101des izmaksas.<\/li><\/ul>\t\t\t\t\t\t\t\t<\/div>\n\t\t\t\t<div class=\"elementor-element elementor-element-8579632 elementor-widget elementor-widget-spacer\" data-id=\"8579632\" data-element_type=\"widget\" data-widget_type=\"spacer.default\">\n\t\t\t\t\t\t\t<div class=\"elementor-spacer\">\n\t\t\t<div class=\"elementor-spacer-inner\"><\/div>\n\t\t<\/div>\n\t\t\t\t\t\t<\/div>\n\t\t\t\t<div class=\"elementor-element elementor-element-fdf0d82 elementor-widget elementor-widget-heading\" data-id=\"fdf0d82\" data-element_type=\"widget\" data-widget_type=\"heading.default\">\n\t\t\t\t\t<h2 class=\"elementor-heading-title elementor-size-default\">Kontaktinform\u0101cija<\/h2>\t\t\t\t<\/div>\n\t\t\t\t<div class=\"elementor-element elementor-element-1ed30c1 elementor-widget elementor-widget-spacer\" data-id=\"1ed30c1\" data-element_type=\"widget\" data-widget_type=\"spacer.default\">\n\t\t\t\t\t\t\t<div class=\"elementor-spacer\">\n\t\t\t<div class=\"elementor-spacer-inner\"><\/div>\n\t\t<\/div>\n\t\t\t\t\t\t<\/div>\n\t\t\t\t\t<\/div>\n\t\t\t\t<\/div>\n\t\t<div class=\"elementor-element elementor-element-681f414 e-flex e-con-boxed e-con e-parent\" data-id=\"681f414\" data-element_type=\"container\">\n\t\t\t\t\t<div class=\"e-con-inner\">\n\t\t\t\t<div class=\"elementor-element elementor-element-1e5dafc elementor-widget elementor-widget-text-editor\" data-id=\"1e5dafc\" data-element_type=\"widget\" data-widget_type=\"text-editor.default\">\n\t\t\t\t\t\t\t\t\t<p>Ja jums ir v\u0113l k\u0101di jaut\u0101jumi vai neskaidr\u012bbas par m\u016bsu atgrie\u0161anas politiku vai v\u0113laties uzs\u0101kt atgrie\u0161anas procesu, l\u016bdzu, sazinieties ar mums, izmantojot m\u016bsu <a href=\"http:\/\/ecoshop.ee\/lv\/kontakts\/\">kontaktforma<\/a> caur vai rakstiet mums uz adresi info@ecoshop.ee<\/p>\t\t\t\t\t\t\t\t<\/div>\n\t\t\t\t<div class=\"elementor-element elementor-element-b990b51 elementor-widget elementor-widget-spacer\" data-id=\"b990b51\" data-element_type=\"widget\" data-widget_type=\"spacer.default\">\n\t\t\t\t\t\t\t<div class=\"elementor-spacer\">\n\t\t\t<div class=\"elementor-spacer-inner\"><\/div>\n\t\t<\/div>\n\t\t\t\t\t\t<\/div>\n\t\t\t\t<div class=\"elementor-element elementor-element-2d1e161 elementor-widget elementor-widget-text-editor\" data-id=\"2d1e161\" data-element_type=\"widget\" data-widget_type=\"text-editor.default\">\n\t\t\t\t\t\t\t\t\t<p>P\u0113d\u0113joreiz modific\u0113ts: 08.02.2025<\/p>\t\t\t\t\t\t\t\t<\/div>\n\t\t\t\t<div class=\"elementor-element elementor-element-a506df7 elementor-widget elementor-widget-spacer\" data-id=\"a506df7\" data-element_type=\"widget\" data-widget_type=\"spacer.default\">\n\t\t\t\t\t\t\t<div class=\"elementor-spacer\">\n\t\t\t<div class=\"elementor-spacer-inner\"><\/div>\n\t\t<\/div>\n\t\t\t\t\t\t<\/div>\n\t\t\t\t\t<\/div>\n\t\t\t\t<\/div>\n\t\t\t\t<\/div>","protected":false},"excerpt":{"rendered":"<p>Tagastamispoliitika Tere tulemast meie tagastamispoliitika lehele. Palun lugege hoolikalt l\u00e4bi j\u00e4rgnevad juhised enne toote tagastamist. Tagastamise tingimused: Avatud pakendiga toiduaineid ei saa&hellip;<\/p>","protected":false},"author":1,"featured_media":0,"parent":0,"menu_order":0,"comment_status":"closed","ping_status":"closed","template":"","meta":{"wprm-recipe-roundup-name":"","wprm-recipe-roundup-description":"","footnotes":""},"class_list":["post-3325","page","type-page","status-publish","hentry"],"aioseo_notices":[],"_links":{"self":[{"href":"https:\/\/ecoshop.ee\/lv\/wp-json\/wp\/v2\/pages\/3325","targetHints":{"allow":["GET"]}}],"collection":[{"href":"https:\/\/ecoshop.ee\/lv\/wp-json\/wp\/v2\/pages"}],"about":[{"href":"https:\/\/ecoshop.ee\/lv\/wp-json\/wp\/v2\/types\/page"}],"author":[{"embeddable":true,"href":"https:\/\/ecoshop.ee\/lv\/wp-json\/wp\/v2\/users\/1"}],"replies":[{"embeddable":true,"href":"https:\/\/ecoshop.ee\/lv\/wp-json\/wp\/v2\/comments?post=3325"}],"version-history":[{"count":0,"href":"https:\/\/ecoshop.ee\/lv\/wp-json\/wp\/v2\/pages\/3325\/revisions"}],"wp:attachment":[{"href":"https:\/\/ecoshop.ee\/lv\/wp-json\/wp\/v2\/media?parent=3325"}],"curies":[{"name":"wp","href":"https:\/\/api.w.org\/{rel}","templated":true}]}}