{"id":3487,"date":"2024-05-15T22:54:20","date_gmt":"2024-05-15T19:54:20","guid":{"rendered":"https:\/\/ecoshop.ee\/?page_id=3487"},"modified":"2026-02-16T19:21:29","modified_gmt":"2026-02-16T16:21:29","slug":"muugitingimused","status":"publish","type":"page","link":"https:\/\/ecoshop.ee\/lv\/muugitingimused\/","title":{"rendered":"P\u0101rdo\u0161anas noteikumiused"},"content":{"rendered":"<div data-elementor-type=\"wp-page\" data-elementor-id=\"3487\" class=\"elementor elementor-3487\">\n\t\t\t\t<div class=\"elementor-element elementor-element-488a1bc e-flex e-con-boxed e-con e-parent\" data-id=\"488a1bc\" data-element_type=\"container\">\n\t\t\t\t\t<div class=\"e-con-inner\">\n\t\t\t\t<div class=\"elementor-element elementor-element-6564d95 elementor-widget elementor-widget-heading\" data-id=\"6564d95\" data-element_type=\"widget\" data-widget_type=\"heading.default\">\n\t\t\t\t\t<h2 class=\"elementor-heading-title elementor-size-default\">Tie\u0161saistes veikala noteikumi un nosac\u012bjumiused<\/h2>\t\t\t\t<\/div>\n\t\t\t\t<div class=\"elementor-element elementor-element-9ef4474 elementor-widget elementor-widget-spacer\" data-id=\"9ef4474\" data-element_type=\"widget\" data-widget_type=\"spacer.default\">\n\t\t\t\t\t\t\t<div class=\"elementor-spacer\">\n\t\t\t<div class=\"elementor-spacer-inner\"><\/div>\n\t\t<\/div>\n\t\t\t\t\t\t<\/div>\n\t\t\t\t<div class=\"elementor-element elementor-element-fb2574c elementor-widget elementor-widget-text-editor\" data-id=\"fb2574c\" data-element_type=\"widget\" data-widget_type=\"text-editor.default\">\n\t\t\t\t\t\t\t\t\t<p><span style=\"color: var(--text-color); font-size: 14px; font-weight: 400; letter-spacing: 0.02em; text-align: var(--text-align-left); font-family: var(--font-text);\">Interneta veikala ecoshop.ee \u012bpa\u0161nieks ir PlantBased O\u00dc (re\u0123istr\u0101cijas kods 17045194<\/span><span style=\"color: var(--text-color); font-size: 14px; font-weight: 400; letter-spacing: 0.02em; text-align: var(--text-align-left); font-family: var(--font-text);\">).<\/span><\/p>\t\t\t\t\t\t\t\t<\/div>\n\t\t\t\t<div class=\"elementor-element elementor-element-2ef49ae elementor-widget elementor-widget-spacer\" data-id=\"2ef49ae\" data-element_type=\"widget\" data-widget_type=\"spacer.default\">\n\t\t\t\t\t\t\t<div class=\"elementor-spacer\">\n\t\t\t<div class=\"elementor-spacer-inner\"><\/div>\n\t\t<\/div>\n\t\t\t\t\t\t<\/div>\n\t\t\t\t<div class=\"elementor-element elementor-element-5b99c36 elementor-widget elementor-widget-heading\" data-id=\"5b99c36\" data-element_type=\"widget\" data-widget_type=\"heading.default\">\n\t\t\t\t\t<h2 class=\"elementor-heading-title elementor-size-default\">P\u0101rdo\u0161anas l\u012bguma, preces un cenas inform\u0101cijas der\u012bgums<\/h2>\t\t\t\t<\/div>\n\t\t\t\t<div class=\"elementor-element elementor-element-5f658a3 elementor-widget elementor-widget-spacer\" data-id=\"5f658a3\" data-element_type=\"widget\" data-widget_type=\"spacer.default\">\n\t\t\t\t\t\t\t<div class=\"elementor-spacer\">\n\t\t\t<div class=\"elementor-spacer-inner\"><\/div>\n\t\t<\/div>\n\t\t\t\t\t\t<\/div>\n\t\t\t\t<div class=\"elementor-element elementor-element-bfc24cb elementor-widget elementor-widget-text-editor\" data-id=\"bfc24cb\" data-element_type=\"widget\" data-widget_type=\"text-editor.default\">\n\t\t\t\t\t\t\t\t\t<p>Pre\u010du ieg\u0101dei no Interneta veikala piem\u0113ro p\u0101rdo\u0161anas noteikumus un nosac\u012bjumusused.<\/p><p>Interneta veikal\u0101 p\u0101rdoto pre\u010du cenas ir nor\u0101d\u012btas blakus prec\u0113m. Cenai tiek pievienota pieg\u0101des maksa. Visas interneta veikal\u0101 p\u0101rdoto pre\u010du cenas ir nor\u0101d\u012btas eiro.<\/p><p>Pieg\u0101des maksa ir atkar\u012bga no pirc\u0113ja atra\u0161an\u0101s vietas un pieg\u0101des metodes. Pieg\u0101des maksa tiek par\u0101d\u012bta pirc\u0113jam, veicot pas\u016bt\u012bjumu.<\/p><p>Inform\u0101cija par produktu ir sniegta tie\u0161saistes veikal\u0101 tie\u0161i blakus produktam.<\/p>\t\t\t\t\t\t\t\t<\/div>\n\t\t\t\t<div class=\"elementor-element elementor-element-83b24d8 elementor-widget elementor-widget-spacer\" data-id=\"83b24d8\" data-element_type=\"widget\" data-widget_type=\"spacer.default\">\n\t\t\t\t\t\t\t<div class=\"elementor-spacer\">\n\t\t\t<div class=\"elementor-spacer-inner\"><\/div>\n\t\t<\/div>\n\t\t\t\t\t\t<\/div>\n\t\t\t\t<div class=\"elementor-element elementor-element-3ed3db8 elementor-widget elementor-widget-heading\" data-id=\"3ed3db8\" data-element_type=\"widget\" data-widget_type=\"heading.default\">\n\t\t\t\t\t<h2 class=\"elementor-heading-title elementor-size-default\">Pas\u016bt\u012bjumu apstr\u0101de<\/h2>\t\t\t\t<\/div>\n\t\t\t\t<div class=\"elementor-element elementor-element-658bdc4 elementor-widget elementor-widget-spacer\" data-id=\"658bdc4\" data-element_type=\"widget\" data-widget_type=\"spacer.default\">\n\t\t\t\t\t\t\t<div class=\"elementor-spacer\">\n\t\t\t<div class=\"elementor-spacer-inner\"><\/div>\n\t\t<\/div>\n\t\t\t\t\t\t<\/div>\n\t\t\t\t<div class=\"elementor-element elementor-element-148a99c elementor-widget elementor-widget-text-editor\" data-id=\"148a99c\" data-element_type=\"widget\" data-widget_type=\"text-editor.default\">\n\t\t\t\t\t\t\t\t\t<p>Lai pas\u016bt\u012btu preces, v\u0113lam\u0101s preces j\u0101pievieno iepirkumu grozam. Lai pabeigtu pas\u016bt\u012bjumu, j\u0101aizpilda oblig\u0101tie datu lauki un j\u0101izv\u0113las atbilsto\u0161ais pre\u010du pieg\u0101des veids. P\u0113c tam ekr\u0101n\u0101 tiks par\u0101d\u012bta maks\u0101juma summa, ko var dro\u0161i apmaks\u0101t, izmantojot \u0161\u0101dus maks\u0101juma veidus:<\/p><ul><li>Igaunijas banku maks\u0101jumi: Swedbank, SEB, Luminor, LHV, Coop Pank, Citadele u.c.<\/li><li>Visa\/Mastercard\/Apple pay\/Google maks\u0101jumu kar\u0161u maks\u0101jumi<\/li><li>Pirkumus no 75 eiro var apmaks\u0101t l\u012bdz pat tr\u012bs maks\u0101jumos bez procentiem, izmantojot Inbank.<\/li><li>Pirkumus virs 100 eiro var apmaks\u0101t pa da\u013c\u0101m l\u012bdz 72 m\u0113ne\u0161iem, izmantojot Inbank.<\/li><\/ul><p>NB! Maks\u0101jot ar bankas saiti, noteikti noklik\u0161\u0137iniet uz pogas \u201eAtgriezties pie tirgot\u0101ja\u201c bankas lap\u0101.<\/p><p>Maks\u0101jumus veic <a href=\"https:\/\/montonio.ee\/\" target=\"_blank\" rel=\"noopener\">Montonio Finance UAB<\/a>. Maks\u0101jums notiek \u0101rpus Interneta veikala dro\u0161\u0101 vid\u0113 \u2013 maks\u0101jot ar bankas saiti, attiec\u012bg\u0101s bankas dro\u0161aj\u0101 vid\u0113 un maks\u0101jot ar kred\u012btkarti, UAB \u201cMontonio Finance\u201d dro\u0161aj\u0101 vid\u0113. P\u0101rdev\u0113jam nav piek\u013cuves klienta bankas un kred\u012btkartes datiem. L\u012bgums st\u0101jas sp\u0113k\u0101 p\u0113c maks\u0101jam\u0101s summas sa\u0146em\u0161anas Interneta veikala nor\u0113\u0137inu kont\u0101.<\/p><p>Ecoshop.ee pied\u0101v\u0101 iesp\u0113ju sa\u0146emt e-r\u0113\u0137inu par pirkumu. Tas ir \u012bpa\u0161i svar\u012bgi publisk\u0101 sektora iest\u0101d\u0113m (pa\u0161vald\u012bb\u0101m, b\u0113rnud\u0101rziem, skol\u0101m utt.), kur parastie r\u0113\u0137ini netiek pie\u0146emti. Ja v\u0113laties sa\u0146emt e-r\u0113\u0137inu, l\u016bdzu, iesniedziet savu pas\u016bt\u012bjumu uz sekojo\u0161o e-pasta adresi: <a class=\"underline underline underline-offset-2 decoration-1 decoration-current\/40 hover:decoration-current focus:decoration-current\" href=\"mailto:info@ecoshop.ee\">info@ecoshop.ee<\/a>. E-past\u0101 noteikti nor\u0101diet, k\u0101dus produktus un k\u0101d\u0101 daudzum\u0101 v\u0113laties pas\u016bt\u012bt, k\u0101 ar\u012b iek\u013caujiet e-r\u0113\u0137ina sa\u0146\u0113m\u0113jas iest\u0101des datus un pieg\u0101des adresi.<\/p><p>Tie\u0161saistes veikala \u012bpa\u0161nieks ir personas datu p\u0101rzinis un nodod maks\u0101jumu veik\u0161anai nepiecie\u0161amos personas datus pilnvarotajam apstr\u0101d\u0101t\u0101jam UAB \u201cMontonio Finance\u201d.<\/p><p>Ja pas\u016bt\u012bt\u0101s preces nevar pieg\u0101d\u0101t pre\u010du tr\u016bkuma vai cita iemesla d\u0113\u013c, pirc\u0113js tiks inform\u0113ts p\u0113c iesp\u0113jas \u0101tr\u0101k un samaks\u0101t\u0101 nauda (ieskaitot pre\u010du pieg\u0101des izmaksas) tiks atmaks\u0101ta, bet ne v\u0113l\u0101k k\u0101 14 dienu laik\u0101 no pazi\u0146ojuma nos\u016bt\u012b\u0161anas dienas.<\/p>\t\t\t\t\t\t\t\t<\/div>\n\t\t\t\t<div class=\"elementor-element elementor-element-3f10d38 elementor-widget elementor-widget-spacer\" data-id=\"3f10d38\" data-element_type=\"widget\" data-widget_type=\"spacer.default\">\n\t\t\t\t\t\t\t<div class=\"elementor-spacer\">\n\t\t\t<div class=\"elementor-spacer-inner\"><\/div>\n\t\t<\/div>\n\t\t\t\t\t\t<\/div>\n\t\t\t\t<div class=\"elementor-element elementor-element-28670ec elementor-widget elementor-widget-heading\" data-id=\"28670ec\" data-element_type=\"widget\" data-widget_type=\"heading.default\">\n\t\t\t\t\t<h2 class=\"elementor-heading-title elementor-size-default\">Pieg\u0101de<\/h2>\t\t\t\t<\/div>\n\t\t\t\t<div class=\"elementor-element elementor-element-84ae915 elementor-widget elementor-widget-spacer\" data-id=\"84ae915\" data-element_type=\"widget\" data-widget_type=\"spacer.default\">\n\t\t\t\t\t\t\t<div class=\"elementor-spacer\">\n\t\t\t<div class=\"elementor-spacer-inner\"><\/div>\n\t\t<\/div>\n\t\t\t\t\t\t<\/div>\n\t\t\t\t<div class=\"elementor-element elementor-element-91219f9 elementor-widget elementor-widget-text-editor\" data-id=\"91219f9\" data-element_type=\"widget\" data-widget_type=\"text-editor.default\">\n\t\t\t\t\t\t\t\t\t<p>Preces tiek pieg\u0101d\u0101tas uz \u0161\u0101d\u0101m valst\u012bm: Igaunija<\/p><p>Pirc\u0113jam ir \u0161\u0101das pre\u010du sa\u0146em\u0161anas iesp\u0113jas: Visos Smartpost, DPD un Omniva pakom\u0101tos vis\u0101 Igaunij\u0101. Turkl\u0101t preces ir iesp\u0113jams pas\u016bt\u012bt ar\u012b uz m\u0101j\u0101m ar Venipak kurjeru.<\/p><p>Pirc\u0113js sedz pre\u010du pieg\u0101des izmaksas, un atbilsto\u0161\u0101 inform\u0101cija par cenu ir nor\u0101d\u012bta blakus pieg\u0101des metodei.<\/p><p>S\u016bt\u012bjumi Igaunij\u0101 parasti non\u0101k pirc\u0113ja nor\u0101d\u012btaj\u0101 galam\u0113r\u0137\u012b tr\u012bs darba dienu laik\u0101 no pirkuma l\u012bguma sp\u0113k\u0101 st\u0101\u0161an\u0101s dienas.<\/p><p>Iz\u0146\u0113muma gad\u012bjumos interneta veikalam ir ties\u012bbas pieg\u0101d\u0101t preces klientam v\u0113l\u0101k nek\u0101 iepriek\u0161min\u0113taj\u0101 termi\u0146\u0101. Iemesli var b\u016bt neparedz\u0113ta kurjeru uz\u0146\u0113mumu p\u0101rslodze, darbinieku slim\u012bba vai promb\u016btne personisku iemeslu d\u0113\u013c.<\/p><p>Iz\u0146\u0113muma gad\u012bjumos interneta veikalam ir ties\u012bbas atteikties pieg\u0101d\u0101t preces. Iemesls var b\u016bt augst\u0101kas pieg\u0101des izmaksas nek\u0101 parasti, piem\u0113ram, pieg\u0101de uz sal\u0101m. \u0160\u0101dos gad\u012bjumos m\u0113s iekas\u0113sim papildu maksu par pieg\u0101di vai atcelsim pas\u016bt\u012bjumu un atgriez\u012bsim naudu.<\/p>\t\t\t\t\t\t\t\t<\/div>\n\t\t\t\t<div class=\"elementor-element elementor-element-6ef61f2 elementor-widget elementor-widget-spacer\" data-id=\"6ef61f2\" data-element_type=\"widget\" data-widget_type=\"spacer.default\">\n\t\t\t\t\t\t\t<div class=\"elementor-spacer\">\n\t\t\t<div class=\"elementor-spacer-inner\"><\/div>\n\t\t<\/div>\n\t\t\t\t\t\t<\/div>\n\t\t\t\t<div class=\"elementor-element elementor-element-7808d2b elementor-widget elementor-widget-heading\" data-id=\"7808d2b\" data-element_type=\"widget\" data-widget_type=\"heading.default\">\n\t\t\t\t\t<h2 class=\"elementor-heading-title elementor-size-default\">Atteikuma ties\u012bbas<\/h2>\t\t\t\t<\/div>\n\t\t\t\t<div class=\"elementor-element elementor-element-d8b4c38 elementor-widget elementor-widget-spacer\" data-id=\"d8b4c38\" data-element_type=\"widget\" data-widget_type=\"spacer.default\">\n\t\t\t\t\t\t\t<div class=\"elementor-spacer\">\n\t\t\t<div class=\"elementor-spacer-inner\"><\/div>\n\t\t<\/div>\n\t\t\t\t\t\t<\/div>\n\t\t\t\t<div class=\"elementor-element elementor-element-0d328a4 elementor-widget elementor-widget-text-editor\" data-id=\"0d328a4\" data-element_type=\"widget\" data-widget_type=\"text-editor.default\">\n\t\t\t\t\t\t\t\t\t<p>P\u0113c pas\u016bt\u012bjuma sa\u0146em\u0161anas pirc\u0113jam ir ties\u012bbas 14 dienu laik\u0101 atteikties no interneta veikal\u0101 nosl\u0113gt\u0101 l\u012bguma.<\/p>\n<p>Atteikuma ties\u012bbas neattiecas uz gad\u012bjumiem, kad pirc\u0113js ir juridiska persona.<\/p>\n<p>Lai izmantotu 14 dienu atgrie\u0161anas ties\u012bbas, pas\u016bt\u012bt\u0101s preces nedr\u012bkst izmantot nek\u0101d\u0101 cit\u0101 veid\u0101, k\u0101 vien tas ir nepiecie\u0161ams, lai p\u0101rbaud\u012btu pre\u010du raksturu, \u012bpa\u0161\u012bbas un darb\u012bbu t\u0101d\u0101 veid\u0101, k\u0101 tas ir at\u013cauts pre\u010du test\u0113\u0161anai fizisk\u0101 veikal\u0101.<\/p>\n<p>Atgrie\u0161anas ties\u012bbas neattiecas uz prec\u0113m ar atv\u0113rtu vai boj\u0101tu iepakojumu. Atgrieztaj\u0101m prec\u0113m j\u0101b\u016bt saglab\u0101ju\u0161\u0101m s\u0101kotn\u0113jo st\u0101vokli, un t\u0101s nedr\u012bkst b\u016bt boj\u0101tas. Satura vai iepakojuma boj\u0101jumi uzglab\u0101\u0161anas apst\u0101k\u013cu vai citu ar apstr\u0101di saist\u012btu iemeslu d\u0113\u013c anul\u0113s atgrie\u0161anas ties\u012bbas. Svaigu p\u0101rtikas produktu ar \u012bsu uzglab\u0101\u0161anas laiku un produktu, kuru der\u012bguma termi\u0146\u0161 ir beidzies, atgrie\u0161ana p\u0113c pieg\u0101des nav at\u013cauta.<\/p>\n<p>Lai atgrieztu preces, Jums j\u0101iesniedz atteikuma veidlapa, izmantojot&nbsp;<a href=\"http:\/\/ecoshop.ee\/lv\/kontakts\/\">kontaktforma<\/a> vai nos\u016btot e-pastu uz info@ecoshop.ee ne v\u0113l\u0101k k\u0101 14 dienu laik\u0101 p\u0113c pre\u010du sa\u0146em\u0161anas. L\u016bdzu, pieteikum\u0101 nor\u0101diet, kuras preces v\u0113laties atcelt, savu pas\u016bt\u012bjuma numuru un kontaktinform\u0101ciju; p\u0113c tam varat veikt atgrie\u0161anu, izmantojot izv\u0113l\u0113to pakom\u0101tu. Atgrie\u0161anas prece used j\u0101nos\u016bta uz Rimi pakom\u0101tu Tartu Rebase.<\/p>\n<p>P\u0101rdev\u0113js segs pre\u010du atgrie\u0161anas izmaksas, bet tikai tad, ja atgrie\u0161anas cena ir iepriek\u0161 saska\u0146ota ar p\u0101rdev\u0113ju un t\u0101s summa nep\u0101rsniedz p\u0101rdo\u0161anas br\u012bd\u012b cenr\u0101d\u012b nor\u0101d\u012bto pieg\u0101des cenu. Nepareizi atgrieztas preces vai ar p\u0101rm\u0113r\u012bg\u0101m atgrie\u0161anas izmaks\u0101m atgrie\u0161anas izmaksas segs pirc\u0113js, un t\u0101s tiks atskait\u012btas no atmaks\u0101jam\u0101s summas.<\/p>\n<p>Pirc\u0113jam prece j\u0101atdod 14 dienu laik\u0101 p\u0113c pieteikuma iesnieg\u0161anas vai j\u0101iesniedz apliecin\u0101jums, ka vi\u0146\u0161 ir nodevis preci p\u0101rvad\u0101t\u0101jam iepriek\u0161min\u0113taj\u0101 termi\u0146\u0101.<\/p>\n<p>Interneta veikals atmaks\u0101s visas no pirc\u0113ja saska\u0146\u0101 ar l\u012bgumu sa\u0146emt\u0101s maksas p\u0113c atgriezto pre\u010du sa\u0146em\u0161anas, bet ne v\u0113l\u0101k k\u0101 14 dienu laik\u0101 p\u0113c atteikuma veidlapas sa\u0146em\u0161anas.<\/p>\n<p>Interneta veikals var atteikties veikt atmaksu, kam\u0113r nav sa\u0146\u0113mis preci, kas ir l\u012bguma priek\u0161mets.<\/p>\n<p>Ja pirc\u0113js ir skaidri izv\u0113l\u0113jies pieg\u0101des veidu, kas at\u0161\u0137iras no l\u0113t\u0101k\u0101s standarta pieg\u0101des metodes, ko pied\u0101v\u0101 Interneta veikals, Interneta veikalam nav pien\u0101kuma atmaks\u0101t pat\u0113r\u0113t\u0101jam izmaksas, kas p\u0101rsniedz ar standarta pieg\u0101des metodi saist\u012bt\u0101s izmaksas.<\/p>\n<p>Interneta veikalam ir ties\u012bbas atteikties no p\u0101rdo\u0161anas dar\u012bjuma un piepras\u012bt no pirc\u0113ja preces atgrie\u0161anu, ja preces cena interneta veikal\u0101 k\u013c\u016bdas d\u0113\u013c ir nor\u0101d\u012bta iev\u0113rojami zem\u0101ka par preces tirgus cenu vai ja k\u013c\u016bdas d\u0113\u013c ir nos\u016bt\u012bta nepareiza prece.<\/p>\t\t\t\t\t\t\t\t<\/div>\n\t\t\t\t<div class=\"elementor-element elementor-element-cc8d126 elementor-widget elementor-widget-spacer\" data-id=\"cc8d126\" data-element_type=\"widget\" data-widget_type=\"spacer.default\">\n\t\t\t\t\t\t\t<div class=\"elementor-spacer\">\n\t\t\t<div class=\"elementor-spacer-inner\"><\/div>\n\t\t<\/div>\n\t\t\t\t\t\t<\/div>\n\t\t\t\t<div class=\"elementor-element elementor-element-106bd13 elementor-widget elementor-widget-heading\" data-id=\"106bd13\" data-element_type=\"widget\" data-widget_type=\"heading.default\">\n\t\t\t\t\t<h2 class=\"elementor-heading-title elementor-size-default\">Ties\u012bbas iesniegt pras\u012bbu<\/h2>\t\t\t\t<\/div>\n\t\t\t\t<div class=\"elementor-element elementor-element-468f5fd elementor-widget elementor-widget-spacer\" data-id=\"468f5fd\" data-element_type=\"widget\" data-widget_type=\"spacer.default\">\n\t\t\t\t\t\t\t<div class=\"elementor-spacer\">\n\t\t\t<div class=\"elementor-spacer-inner\"><\/div>\n\t\t<\/div>\n\t\t\t\t\t\t<\/div>\n\t\t\t\t<div class=\"elementor-element elementor-element-51aa5ca elementor-widget elementor-widget-text-editor\" data-id=\"51aa5ca\" data-element_type=\"widget\" data-widget_type=\"text-editor.default\">\n\t\t\t\t\t\t\t\t\t<p>Interneta veikals ir atbild\u012bgs par jebk\u0101du neatbilst\u012bbu l\u012bguma noteikumiem vai jebkuru pirc\u0113jam p\u0101rdoto pre\u010du defektu, kas jau past\u0101v\u0113ja pieg\u0101des br\u012bd\u012b un kas k\u013c\u016bst redzams, veicot pre\u010du s\u0101kotn\u0113jo p\u0101rbaudi ne v\u0113l\u0101k k\u0101 divu ned\u0113\u013cu laik\u0101 p\u0113c pre\u010du pieg\u0101des pirc\u0113jam.<\/p><p>Pirc\u0113jam ir ties\u012bbas divu ned\u0113\u013cu laik\u0101 p\u0113c defekta atkl\u0101\u0161anas sazin\u0101ties ar interneta veikalu, nos\u016btot e-pastu uz info@ecoshop.ee vai zvanot pa t\u0101lruni +372 5555 1911.<\/p><p>Interneta veikals neatbild par defektiem, kas radu\u0161ies p\u0113c pre\u010du pieg\u0101des pirc\u0113jam.<\/p><p>Ja Interneta veikal\u0101 ieg\u0101d\u0101tajai precei ir defekts, par kuru ir atbild\u012bgs Interneta veikals, Interneta veikals salabos vai nomain\u012bs boj\u0101to preci. Ja preci nevar salabot vai nomain\u012bt, Interneta veikals atmaks\u0101s pirc\u0113jam visas ar pirkuma l\u012bgumu saist\u012bt\u0101s izmaksas.<\/p><p>Interneta veikals atbild\u0113s uz pat\u0113r\u0113t\u0101ja iesniegto s\u016bdz\u012bbu rakstiski vai rakstiski reproduc\u0113jam\u0101 form\u0101 14 dienu laik\u0101.<\/p>\t\t\t\t\t\t\t\t<\/div>\n\t\t\t\t<div class=\"elementor-element elementor-element-7449fef elementor-widget elementor-widget-spacer\" data-id=\"7449fef\" data-element_type=\"widget\" data-widget_type=\"spacer.default\">\n\t\t\t\t\t\t\t<div class=\"elementor-spacer\">\n\t\t\t<div class=\"elementor-spacer-inner\"><\/div>\n\t\t<\/div>\n\t\t\t\t\t\t<\/div>\n\t\t\t\t<div class=\"elementor-element elementor-element-738c776 elementor-widget elementor-widget-heading\" data-id=\"738c776\" data-element_type=\"widget\" data-widget_type=\"heading.default\">\n\t\t\t\t\t<h2 class=\"elementor-heading-title elementor-size-default\">Tie\u0161\u0101 m\u0101rketinga un personas datu apstr\u0101de\n\n<\/h2>\t\t\t\t<\/div>\n\t\t\t\t<div class=\"elementor-element elementor-element-6d4134b elementor-widget elementor-widget-spacer\" data-id=\"6d4134b\" data-element_type=\"widget\" data-widget_type=\"spacer.default\">\n\t\t\t\t\t\t\t<div class=\"elementor-spacer\">\n\t\t\t<div class=\"elementor-spacer-inner\"><\/div>\n\t\t<\/div>\n\t\t\t\t\t\t<\/div>\n\t\t\t\t<div class=\"elementor-element elementor-element-ff837cb elementor-widget elementor-widget-text-editor\" data-id=\"ff837cb\" data-element_type=\"widget\" data-widget_type=\"text-editor.default\">\n\t\t\t\t\t\t\t\t\t<p>Interneta veikals izmanto pirc\u0113ja ievad\u012btos personas datus tikai pas\u016bt\u012bjuma apstr\u0101dei un pre\u010du nos\u016bt\u012b\u0161anai pirc\u0113jam. Interneta veikals nodod personas datus uz\u0146\u0113mumam, kas sniedz pieg\u0101des pakalpojumu, lai pieg\u0101d\u0101tu preces.<\/p><p>Interneta veikals s\u016bt\u012bs jaunumus un pied\u0101v\u0101jumus uz pirc\u0113ja e-pasta adresi tikai tad, ja pirc\u0113js b\u016bs izteicis v\u0113lmi to dar\u012bt, ievadot savu e-pasta adresi t\u012bmek\u013ca vietn\u0113, un nor\u0101d\u012bjis v\u0113lmi sa\u0146emt tie\u0161\u0101 pasta pazi\u0146ojumus.<\/p><p>Pirc\u0113js jebkur\u0101 laik\u0101 var atteikties no pied\u0101v\u0101jumiem un jaunumu v\u0113stul\u0113m, kas tiek nos\u016bt\u012btas uz vi\u0146a e-pastu, pazi\u0146ojot mums pa e-pastu vai izpildot nor\u0101d\u012bjumus, kas sniegti e-past\u0101, kur\u0101 iek\u013cauti pied\u0101v\u0101jumi.<\/p>\t\t\t\t\t\t\t\t<\/div>\n\t\t\t\t<div class=\"elementor-element elementor-element-d75b36a elementor-widget elementor-widget-spacer\" data-id=\"d75b36a\" data-element_type=\"widget\" data-widget_type=\"spacer.default\">\n\t\t\t\t\t\t\t<div class=\"elementor-spacer\">\n\t\t\t<div class=\"elementor-spacer-inner\"><\/div>\n\t\t<\/div>\n\t\t\t\t\t\t<\/div>\n\t\t\t\t<div class=\"elementor-element elementor-element-a19a87a elementor-widget elementor-widget-heading\" data-id=\"a19a87a\" data-element_type=\"widget\" data-widget_type=\"heading.default\">\n\t\t\t\t\t<h2 class=\"elementor-heading-title elementor-size-default\">Str\u012bdu iz\u0161\u0137ir\u0161ana<\/h2>\t\t\t\t<\/div>\n\t\t\t\t<div class=\"elementor-element elementor-element-f381710 elementor-widget elementor-widget-spacer\" data-id=\"f381710\" data-element_type=\"widget\" data-widget_type=\"spacer.default\">\n\t\t\t\t\t\t\t<div class=\"elementor-spacer\">\n\t\t\t<div class=\"elementor-spacer-inner\"><\/div>\n\t\t<\/div>\n\t\t\t\t\t\t<\/div>\n\t\t\t\t<div class=\"elementor-element elementor-element-6f10c97 elementor-widget elementor-widget-text-editor\" data-id=\"6f10c97\" data-element_type=\"widget\" data-widget_type=\"text-editor.default\">\n\t\t\t\t\t\t\t\t\t<p>Ja pirc\u0113jam ir k\u0101das s\u016bdz\u012bbas par Interneta veikalu, t\u0101s j\u0101nos\u016bta pa e-pastu uz adresi info@ecoshop.ee vai pa t\u0101lruni: +372 5555 1911.<\/p><p>Ja pirc\u0113js un Interneta veikals nevar atrisin\u0101t str\u012bdu, pan\u0101kot vieno\u0161anos, pirc\u0113js var v\u0113rsties Pat\u0113r\u0113t\u0101ju str\u012bdu komisij\u0101. J\u016bs varat iepaz\u012bties ar procesu\u0101lajiem noteikumiem un iesniegt pieteikumu.\u00a0<a href=\"https:\/\/ttja.ee\/tarbijavaidluste-komisjon\">\u0161eit<\/a>. Pat\u0113r\u0113t\u0101ju str\u012bdu komisija ir kompetenta risin\u0101t str\u012bdus, kas izriet no l\u012bguma, kas nosl\u0113gts starp pirc\u0113ju un Interneta veikalu. Pirc\u0113ja s\u016bdz\u012bbas izskat\u012b\u0161ana komisij\u0101 ir bez maksas.<\/p><p>Pirc\u0113js var sazin\u0101ties ar Eiropas Savien\u012bbas pat\u0113r\u0113t\u0101ju str\u012bdu risin\u0101\u0161anas platformu\u00a0<a href=\"https:\/\/ec.europa.eu\/consumers\/odr\/main\/index.cfm?event=main.home2.show&amp;lng=ET\" target=\"_blank\" rel=\"noopener noreferrer\">puse<\/a>.<\/p>\t\t\t\t\t\t\t\t<\/div>\n\t\t\t\t<div class=\"elementor-element elementor-element-91a246b elementor-widget elementor-widget-spacer\" data-id=\"91a246b\" data-element_type=\"widget\" data-widget_type=\"spacer.default\">\n\t\t\t\t\t\t\t<div class=\"elementor-spacer\">\n\t\t\t<div class=\"elementor-spacer-inner\"><\/div>\n\t\t<\/div>\n\t\t\t\t\t\t<\/div>\n\t\t\t\t<div class=\"elementor-element elementor-element-6ad361c elementor-widget elementor-widget-text-editor\" data-id=\"6ad361c\" data-element_type=\"widget\" data-widget_type=\"text-editor.default\">\n\t\t\t\t\t\t\t\t\t<p>P\u0113d\u0113joreiz atjaunin\u0101ts: 28.12.2025.<\/p>\t\t\t\t\t\t\t\t<\/div>\n\t\t\t\t\t<\/div>\n\t\t\t\t<\/div>\n\t\t\t\t<\/div>","protected":false},"excerpt":{"rendered":"<p>Veebipoe m\u00fc\u00fcgitingimused Veebipoe ecoshop.ee omanik on PlantBased O\u00dc (registrikood 17045194). M\u00fc\u00fcgilepingu kehtivus, kauba- ja hinnainfo M\u00fc\u00fcgitingimused kehtivad Veebipoest kaupade ostmisel. Veebipoes m\u00fc\u00fcdavate&hellip;<\/p>","protected":false},"author":1,"featured_media":0,"parent":0,"menu_order":0,"comment_status":"closed","ping_status":"closed","template":"","meta":{"wprm-recipe-roundup-name":"","wprm-recipe-roundup-description":"","footnotes":""},"class_list":["post-3487","page","type-page","status-publish","hentry"],"aioseo_notices":[],"_links":{"self":[{"href":"https:\/\/ecoshop.ee\/lv\/wp-json\/wp\/v2\/pages\/3487","targetHints":{"allow":["GET"]}}],"collection":[{"href":"https:\/\/ecoshop.ee\/lv\/wp-json\/wp\/v2\/pages"}],"about":[{"href":"https:\/\/ecoshop.ee\/lv\/wp-json\/wp\/v2\/types\/page"}],"author":[{"embeddable":true,"href":"https:\/\/ecoshop.ee\/lv\/wp-json\/wp\/v2\/users\/1"}],"replies":[{"embeddable":true,"href":"https:\/\/ecoshop.ee\/lv\/wp-json\/wp\/v2\/comments?post=3487"}],"version-history":[{"count":0,"href":"https:\/\/ecoshop.ee\/lv\/wp-json\/wp\/v2\/pages\/3487\/revisions"}],"wp:attachment":[{"href":"https:\/\/ecoshop.ee\/lv\/wp-json\/wp\/v2\/media?parent=3487"}],"curies":[{"name":"wp","href":"https:\/\/api.w.org\/{rel}","templated":true}]}}