{"id":105240,"date":"2025-04-09T13:44:55","date_gmt":"2025-04-09T11:44:55","guid":{"rendered":"https:\/\/ecoshop.ee\/?post_type=product&#038;p=105240"},"modified":"2025-04-24T00:15:43","modified_gmt":"2025-04-23T21:15:43","slug":"zalu-viraka-konuss-ar-kritosiem-dumiemused-violeta-lilija","status":"publish","type":"product","link":"https:\/\/ecoshop.ee\/lv\/viirukid\/taimsed-langeva-suitsuga-viirukikoonused-violett-liilia\/","title":{"rendered":"Z\u0101\u013cu v\u012braka koci\u0146\u0161 ar kr\u012bto\u0161iem d\u016bmiem used \u2013 Violeta lilija"},"content":{"rendered":"<p class=\"\" data-start=\"125\" data-end=\"432\">Ar rok\u0101m darin\u0101ti v\u012braka konusiused, kas rada valdzino\u0161u d\u016bmu str\u016bklas efektu ar kr\u012bto\u0161iem d\u016bmiem. Ar sp\u0113c\u012bg\u0101ku smar\u017eas koncentr\u0101ciju, kas nodro\u0161ina intens\u012bvu un ilgsto\u0161u arom\u0101tu. Piem\u0113roti lieto\u0161anai ar kr\u012bto\u0161o d\u016bmu v\u012braka kv\u0113pin\u0101majiem traukiem. Elegantais violet\u0101s lilijas arom\u0101ts pal\u012bdz rad\u012bt nomierino\u0161u un juteklisku atmosf\u0113ru.<\/p>\n<ul>\n<li data-start=\"434\" data-end=\"578\">Izgatavots no augstas kvalit\u0101tes augu materi\u0101liem un sve\u0137iem<\/li>\n<li data-start=\"434\" data-end=\"578\">Deg\u0161anas laiks aptuveni 30 min\u016btes<\/li>\n<li data-start=\"434\" data-end=\"578\">Daudzums iepakojum\u0101: ~12 gabali<\/li>\n<\/ul>","protected":false},"excerpt":{"rendered":"<p>Roku darbs v\u012braka konuss used, kas rada valdzino\u0161u d\u016bmu str\u016bklas efektu ar kr\u012bto\u0161iem d\u016bmiem. Ar sp\u0113c\u012bg\u0101ku smar\u017eas koncentr\u0101ciju, kas nodro\u0161ina intens\u012bvu un ilgsto\u0161u arom\u0101tu. Piem\u0113rots lieto\u0161anai ar kr\u012bto\u0161o d\u016bmu v\u012braka deg\u013ciem.\u2026<\/p>","protected":false},"featured_media":105241,"comment_status":"open","ping_status":"closed","template":"","meta":{"wprm-recipe-roundup-name":"","wprm-recipe-roundup-description":""},"product_brand":[],"product_cat":[5751],"product_tag":[5752,5753],"class_list":{"0":"post-105240","1":"product","2":"type-product","3":"status-publish","4":"has-post-thumbnail","6":"product_cat-viirukid","7":"product_tag-langeva-suitsuga","8":"product_tag-viiruk","10":"first","11":"instock","12":"taxable","13":"shipping-taxable","14":"purchasable","15":"product-type-simple"},"supplier_id":105232,"supplier_sku":"","barcode":"5028769474264","atum_controlled":true,"out_stock_date":null,"out_stock_threshold":null,"inheritable":false,"inbound_stock":0,"stock_on_hold":0,"sold_today":0,"sales_last_days":0,"reserved_stock":0,"customer_returns":0,"warehouse_damage":0,"lost_in_post":0,"other_logs":0,"out_stock_days":0,"lost_sales":0,"has_location":false,"update_date":"2026-03-07T01:16:04","atum_locations":[],"atum_stock_status":"instock","restock_status":false,"low_stock_amount":"","sales_update_date":"2026-03-07T01:16:04","calc_backorders":null,"aioseo_notices":[],"_links":{"self":[{"href":"https:\/\/ecoshop.ee\/lv\/wp-json\/wp\/v2\/product\/105240","targetHints":{"allow":["GET"]}}],"collection":[{"href":"https:\/\/ecoshop.ee\/lv\/wp-json\/wp\/v2\/product"}],"about":[{"href":"https:\/\/ecoshop.ee\/lv\/wp-json\/wp\/v2\/types\/product"}],"replies":[{"embeddable":true,"href":"https:\/\/ecoshop.ee\/lv\/wp-json\/wp\/v2\/comments?post=105240"}],"version-history":[{"count":0,"href":"https:\/\/ecoshop.ee\/lv\/wp-json\/wp\/v2\/product\/105240\/revisions"}],"wp:featuredmedia":[{"embeddable":true,"href":"https:\/\/ecoshop.ee\/lv\/wp-json\/wp\/v2\/media\/105241"}],"wp:attachment":[{"href":"https:\/\/ecoshop.ee\/lv\/wp-json\/wp\/v2\/media?parent=105240"}],"wp:term":[{"taxonomy":"product_brand","embeddable":true,"href":"https:\/\/ecoshop.ee\/lv\/wp-json\/wp\/v2\/product_brand?post=105240"},{"taxonomy":"product_cat","embeddable":true,"href":"https:\/\/ecoshop.ee\/lv\/wp-json\/wp\/v2\/product_cat?post=105240"},{"taxonomy":"product_tag","embeddable":true,"href":"https:\/\/ecoshop.ee\/lv\/wp-json\/wp\/v2\/product_tag?post=105240"}],"curies":[{"name":"wp","href":"https:\/\/api.w.org\/{rel}","templated":true}]}}