{"id":105249,"date":"2025-04-09T14:25:05","date_gmt":"2025-04-09T12:25:05","guid":{"rendered":"https:\/\/ecoshop.ee\/?post_type=product&#038;p=105249"},"modified":"2025-04-24T00:14:05","modified_gmt":"2025-04-23T21:14:05","slug":"cilsu-dveseles-kritoso-dumu-viraka-konuss-used-balts-kopals","status":"publish","type":"product","link":"https:\/\/ecoshop.ee\/lv\/viirukid\/tribal-soul-langeva-suitsuga-viirukikoonused-valge-kopaal\/","title":{"rendered":"Tribal Soul V\u012braka konuss ar kr\u012bto\u0161iem d\u016bmiemused \u2013 Balts kop\u0101ls"},"content":{"rendered":"<p class=\"\" data-start=\"242\" data-end=\"588\">Centr\u0101lamerikas pamatiedz\u012bvot\u0101ju vid\u016b kop\u0101ls tiek uzskat\u012bts par sv\u0113tu sve\u0137i. Maiji un acteki to kop\u0101 ar tabaku un kakao upur\u0113ja dieviem k\u0101 visd\u0101rg\u0101ko d\u0101vanu. M\u016bsdien\u0101s kopalu izmanto \u0161ama\u0146u ritu\u0101los, lai att\u012br\u012btu un aizsarg\u0101tu ener\u0123iju. T\u0101 bag\u0101t\u012bgais, saldais prie\u017eu arom\u0101ts pal\u012bdz rad\u012bt mieru, harmoniju un veicina pozit\u012bvas p\u0101rmai\u0146as.<\/p>\n<p class=\"\" data-start=\"590\" data-end=\"717\">Roku darbs v\u012braka konuss used, kas rada efekt\u012bvu kr\u012bto\u0161u d\u016bmu str\u016bklu. Piem\u0113rots tikai kr\u012bto\u0161u d\u016bmu v\u012braka dedzin\u0101t\u0101jiem.<\/p>\n<ul>\n<li data-start=\"719\" data-end=\"863\">Izgatavots no augstas kvalit\u0101tes augu materi\u0101liem un sve\u0137iem<\/li>\n<li data-start=\"719\" data-end=\"863\">Deg\u0161anas laiks aptuveni 30 min\u016btes<\/li>\n<li data-start=\"719\" data-end=\"863\">Daudzums iepakojum\u0101: 10 gabali<\/li>\n<\/ul>\n<p class=\"\" data-start=\"865\" data-end=\"1022\"><strong data-start=\"865\" data-end=\"880\">Lietojums:<\/strong> Dedziniet konusa smailo galu 5\u201310 sekundes, l\u012bdz tas s\u0101k kv\u0113lot. Nodz\u0113siet liesmu un ievietojiet to degl\u012b. Lai ieg\u016btu lab\u0101kos rezult\u0101tus, turiet to prom no caurv\u0113ja.<\/p>","protected":false},"excerpt":{"rendered":"<p>Centr\u0101lamerikas pamatiedz\u012bvot\u0101ju vid\u016b kop\u0101ls tiek uzskat\u012bts par sv\u0113tu sve\u0137i. Maiji un acteki to kop\u0101 ar tabaku un kakao upur\u0113ja dieviem k\u0101 visv\u0113rt\u012bg\u0101ko d\u0101vanu. M\u016bsdien\u0101s\u2026<\/p>","protected":false},"featured_media":105251,"comment_status":"open","ping_status":"closed","template":"","meta":{"wprm-recipe-roundup-name":"","wprm-recipe-roundup-description":""},"product_brand":[12009],"product_cat":[5751],"product_tag":[5752,5753],"class_list":{"0":"post-105249","1":"product","2":"type-product","3":"status-publish","4":"has-post-thumbnail","6":"product_brand-tribal-soul","7":"product_cat-viirukid","8":"product_tag-langeva-suitsuga","9":"product_tag-viiruk","11":"first","12":"instock","13":"sale","14":"taxable","15":"shipping-taxable","16":"purchasable","17":"product-type-simple"},"supplier_id":105232,"supplier_sku":"","barcode":"8901684617275","atum_controlled":true,"out_stock_date":null,"out_stock_threshold":null,"inheritable":false,"inbound_stock":0,"stock_on_hold":0,"sold_today":0,"sales_last_days":0,"reserved_stock":0,"customer_returns":0,"warehouse_damage":0,"lost_in_post":0,"other_logs":0,"out_stock_days":0,"lost_sales":0,"has_location":false,"update_date":"2026-03-07T01:16:04","atum_locations":[],"atum_stock_status":"instock","restock_status":false,"low_stock_amount":"","sales_update_date":"2026-03-07T01:16:04","calc_backorders":null,"aioseo_notices":[],"_links":{"self":[{"href":"https:\/\/ecoshop.ee\/lv\/wp-json\/wp\/v2\/product\/105249","targetHints":{"allow":["GET"]}}],"collection":[{"href":"https:\/\/ecoshop.ee\/lv\/wp-json\/wp\/v2\/product"}],"about":[{"href":"https:\/\/ecoshop.ee\/lv\/wp-json\/wp\/v2\/types\/product"}],"replies":[{"embeddable":true,"href":"https:\/\/ecoshop.ee\/lv\/wp-json\/wp\/v2\/comments?post=105249"}],"version-history":[{"count":0,"href":"https:\/\/ecoshop.ee\/lv\/wp-json\/wp\/v2\/product\/105249\/revisions"}],"wp:featuredmedia":[{"embeddable":true,"href":"https:\/\/ecoshop.ee\/lv\/wp-json\/wp\/v2\/media\/105251"}],"wp:attachment":[{"href":"https:\/\/ecoshop.ee\/lv\/wp-json\/wp\/v2\/media?parent=105249"}],"wp:term":[{"taxonomy":"product_brand","embeddable":true,"href":"https:\/\/ecoshop.ee\/lv\/wp-json\/wp\/v2\/product_brand?post=105249"},{"taxonomy":"product_cat","embeddable":true,"href":"https:\/\/ecoshop.ee\/lv\/wp-json\/wp\/v2\/product_cat?post=105249"},{"taxonomy":"product_tag","embeddable":true,"href":"https:\/\/ecoshop.ee\/lv\/wp-json\/wp\/v2\/product_tag?post=105249"}],"curies":[{"name":"wp","href":"https:\/\/api.w.org\/{rel}","templated":true}]}}