{"id":105253,"date":"2025-04-09T14:41:22","date_gmt":"2025-04-09T12:41:22","guid":{"rendered":"https:\/\/ecoshop.ee\/?post_type=product&#038;p=105253"},"modified":"2025-07-21T11:40:57","modified_gmt":"2025-07-21T08:40:57","slug":"cilsu-dveseles-viraka-ikona-ar-kritosiem-dumiemused-murr","status":"publish","type":"product","link":"https:\/\/ecoshop.ee\/lv\/viirukid\/tribal-soul-langeva-suitsuga-viirukikoonused-murr\/","title":{"rendered":"Tribal Soul V\u012braka konuss ar kr\u012bto\u0161iem d\u016bmiemused \u2013 Mirre"},"content":{"rendered":"<p class=\"\" data-start=\"162\" data-end=\"616\">Mirre ir dab\u012bgi sve\u0137i, kas ieg\u016bti no <em data-start=\"200\" data-end=\"212\">Komifora<\/em> no koka. To t\u016bksto\u0161iem gadu izmanto k\u0101 smar\u017eas, v\u012braku un z\u0101les. Mirre ir min\u0113ta ar\u012b daudzos senos tekstos, tostarp B\u012bbel\u0113 un Tor\u0101, k\u0101 sv\u0113ti sve\u0137i, kas pal\u012bdz sazin\u0101ties ar augst\u0101ku sp\u0113ku. Mirrei piem\u012bt att\u012bro\u0161as un aizsarg\u0101jo\u0161as \u012bpa\u0161\u012bbas,used, kas pal\u012bdz skaidrot pr\u0101tu un dv\u0113seli un veicina gar\u012bgo l\u012bdzsvaru. T\u0101s siltais, pikantais un balzamiskais arom\u0101ts atbalsta medit\u0101ciju un iek\u0161\u0113jo mieru.<\/p>\n<p class=\"\" data-start=\"618\" data-end=\"745\">Roku darbs v\u012braka konuss used, kas rada efekt\u012bvu kr\u012bto\u0161u d\u016bmu str\u016bklu. Piem\u0113rots tikai kr\u012bto\u0161u d\u016bmu v\u012braka dedzin\u0101t\u0101jiem.<\/p>\n<ul>\n<li data-start=\"747\" data-end=\"891\">Izgatavots no augstas kvalit\u0101tes augu materi\u0101liem un sve\u0137iem<\/li>\n<li data-start=\"747\" data-end=\"891\">Deg\u0161anas laiks aptuveni 30 min\u016btes<\/li>\n<li data-start=\"747\" data-end=\"891\">Daudzums iepakojum\u0101: 10 gabali<\/li>\n<\/ul>\n<p class=\"\" data-start=\"893\" data-end=\"1050\"><strong data-start=\"893\" data-end=\"908\">Lietojums:<\/strong> Dedziniet konusa smailo galu 5\u201310 sekundes, l\u012bdz tas s\u0101k kv\u0113lot. Nodz\u0113siet liesmu un ievietojiet to degl\u012b. Lai ieg\u016btu lab\u0101kos rezult\u0101tus, turiet to prom no caurv\u0113ja.<\/p>","protected":false},"excerpt":{"rendered":"<p>Mirre ir dab\u012bgi sve\u0137i, ko ieg\u016bst no Commiphora koka. To t\u016bksto\u0161iem gadu izmanto k\u0101 smar\u017eas, v\u012braku un z\u0101les. Mirre tiek piemin\u0113ta ar\u012b daudzos\u2026<\/p>","protected":false},"featured_media":105254,"comment_status":"open","ping_status":"closed","template":"","meta":{"wprm-recipe-roundup-name":"","wprm-recipe-roundup-description":""},"product_brand":[12009],"product_cat":[5751],"product_tag":[5752,5753],"class_list":{"0":"post-105253","1":"product","2":"type-product","3":"status-publish","4":"has-post-thumbnail","6":"product_brand-tribal-soul","7":"product_cat-viirukid","8":"product_tag-langeva-suitsuga","9":"product_tag-viiruk","11":"first","12":"instock","13":"sale","14":"taxable","15":"shipping-taxable","16":"purchasable","17":"product-type-simple"},"supplier_id":105232,"supplier_sku":"","barcode":"8901684617299","atum_controlled":true,"out_stock_date":null,"out_stock_threshold":null,"inheritable":false,"inbound_stock":0,"stock_on_hold":0,"sold_today":0,"sales_last_days":0,"reserved_stock":0,"customer_returns":0,"warehouse_damage":0,"lost_in_post":0,"other_logs":0,"out_stock_days":0,"lost_sales":0,"has_location":false,"update_date":"2026-03-07T01:16:04","atum_locations":[],"atum_stock_status":"instock","restock_status":false,"low_stock_amount":"","sales_update_date":"2026-03-07T01:16:04","calc_backorders":null,"aioseo_notices":[],"_links":{"self":[{"href":"https:\/\/ecoshop.ee\/lv\/wp-json\/wp\/v2\/product\/105253","targetHints":{"allow":["GET"]}}],"collection":[{"href":"https:\/\/ecoshop.ee\/lv\/wp-json\/wp\/v2\/product"}],"about":[{"href":"https:\/\/ecoshop.ee\/lv\/wp-json\/wp\/v2\/types\/product"}],"replies":[{"embeddable":true,"href":"https:\/\/ecoshop.ee\/lv\/wp-json\/wp\/v2\/comments?post=105253"}],"version-history":[{"count":0,"href":"https:\/\/ecoshop.ee\/lv\/wp-json\/wp\/v2\/product\/105253\/revisions"}],"wp:featuredmedia":[{"embeddable":true,"href":"https:\/\/ecoshop.ee\/lv\/wp-json\/wp\/v2\/media\/105254"}],"wp:attachment":[{"href":"https:\/\/ecoshop.ee\/lv\/wp-json\/wp\/v2\/media?parent=105253"}],"wp:term":[{"taxonomy":"product_brand","embeddable":true,"href":"https:\/\/ecoshop.ee\/lv\/wp-json\/wp\/v2\/product_brand?post=105253"},{"taxonomy":"product_cat","embeddable":true,"href":"https:\/\/ecoshop.ee\/lv\/wp-json\/wp\/v2\/product_cat?post=105253"},{"taxonomy":"product_tag","embeddable":true,"href":"https:\/\/ecoshop.ee\/lv\/wp-json\/wp\/v2\/product_tag?post=105253"}],"curies":[{"name":"wp","href":"https:\/\/api.w.org\/{rel}","templated":true}]}}