{"id":105256,"date":"2025-04-09T14:52:53","date_gmt":"2025-04-09T12:52:53","guid":{"rendered":"https:\/\/ecoshop.ee\/?post_type=product&#038;p=105256"},"modified":"2025-07-21T11:40:56","modified_gmt":"2025-07-21T08:40:56","slug":"cilsu-dveseles-kritoso-dumu-viraka-ikonaused-baltais-salvijas","status":"publish","type":"product","link":"https:\/\/ecoshop.ee\/lv\/viirukid\/tribal-soul-langeva-suitsuga-viirukikoonused-valge-salvei\/","title":{"rendered":"Tribal Soul V\u012braka koci\u0146\u0161 ar kr\u012bto\u0161iem d\u016bmiemused \u2013 Balt\u0101 salvija"},"content":{"rendered":"<p class=\"\" data-start=\"150\" data-end=\"533\">Balt\u0101 salvija (<em data-start=\"164\" data-end=\"179\">Salvija apiana<\/em>) ir augs, kas radniec\u012bgs piparm\u0113trai, ko Amerikas pamatiedz\u012bvot\u0101ji gadsimtiem ilgi ir izmantoju\u0161i k\u0101 v\u012braku att\u012br\u012b\u0161an\u0101s ceremonij\u0101s un dziedin\u0101\u0161anas ritu\u0101los. T\u0101 d\u016bmi tiek uzskat\u012bti par sv\u0113tiem, un tiek uzskat\u012bts, ka tie pal\u012bdz no\u0146emt negat\u012bvo ener\u0123iju, atbalsta koncentr\u0113\u0161an\u0101s sp\u0113jas un sniedz iek\u0161\u0113ju mieru. Balt\u0101s salvijas sve\u0137ainais un intens\u012bvais arom\u0101ts rada dzi\u013ci relaks\u0113jo\u0161u atmosf\u0113ru.<\/p>\n<p class=\"\" data-start=\"535\" data-end=\"662\">Roku darbs v\u012braka konuss used, kas rada efekt\u012bvu kr\u012bto\u0161u d\u016bmu str\u016bklu. Piem\u0113rots tikai kr\u012bto\u0161u d\u016bmu v\u012braka dedzin\u0101t\u0101jiem.<\/p>\n<ul>\n<li data-start=\"664\" data-end=\"808\">Izgatavots no augstas kvalit\u0101tes augu materi\u0101liem un sve\u0137iem<\/li>\n<li data-start=\"664\" data-end=\"808\">Deg\u0161anas laiks aptuveni 30 min\u016btes<\/li>\n<li data-start=\"664\" data-end=\"808\">Daudzums iepakojum\u0101: 10 gabali<\/li>\n<\/ul>\n<p class=\"\" data-start=\"810\" data-end=\"967\"><strong data-start=\"810\" data-end=\"825\">Lietojums:<\/strong> Dedziniet konusa smailo galu 5\u201310 sekundes, l\u012bdz tas s\u0101k kv\u0113lot. Nodz\u0113siet liesmu un ievietojiet to degl\u012b. Lai ieg\u016btu lab\u0101kos rezult\u0101tus, turiet to prom no caurv\u0113ja.<\/p>","protected":false},"excerpt":{"rendered":"<p>Balt\u0101 salvija (Salvia apiana) ir piparm\u0113trai radniec\u012bgs augs, ko gadsimtiem ilgi indi\u0101\u0146i ir izmantoju\u0161i k\u0101 v\u012braku att\u012br\u012b\u0161an\u0101s ceremonij\u0101s un dziedin\u0101\u0161anas ritu\u0101los. T\u0101s d\u016bmi tiek uzskat\u012bti par sv\u0113tiem\u2026<\/p>","protected":false},"featured_media":105257,"comment_status":"open","ping_status":"closed","template":"","meta":{"wprm-recipe-roundup-name":"","wprm-recipe-roundup-description":""},"product_brand":[12009],"product_cat":[5751],"product_tag":[5752,5753],"class_list":{"0":"post-105256","1":"product","2":"type-product","3":"status-publish","4":"has-post-thumbnail","6":"product_brand-tribal-soul","7":"product_cat-viirukid","8":"product_tag-langeva-suitsuga","9":"product_tag-viiruk","11":"first","12":"instock","13":"sale","14":"taxable","15":"shipping-taxable","16":"purchasable","17":"product-type-simple"},"supplier_id":105232,"supplier_sku":"","barcode":"8901684617312","atum_controlled":true,"out_stock_date":null,"out_stock_threshold":null,"inheritable":false,"inbound_stock":0,"stock_on_hold":0,"sold_today":0,"sales_last_days":0,"reserved_stock":0,"customer_returns":0,"warehouse_damage":0,"lost_in_post":0,"other_logs":0,"out_stock_days":0,"lost_sales":0,"has_location":false,"update_date":"2026-03-07T01:16:04","atum_locations":[],"atum_stock_status":"instock","restock_status":false,"low_stock_amount":"","sales_update_date":"2026-03-07T01:16:04","calc_backorders":null,"aioseo_notices":[],"_links":{"self":[{"href":"https:\/\/ecoshop.ee\/lv\/wp-json\/wp\/v2\/product\/105256","targetHints":{"allow":["GET"]}}],"collection":[{"href":"https:\/\/ecoshop.ee\/lv\/wp-json\/wp\/v2\/product"}],"about":[{"href":"https:\/\/ecoshop.ee\/lv\/wp-json\/wp\/v2\/types\/product"}],"replies":[{"embeddable":true,"href":"https:\/\/ecoshop.ee\/lv\/wp-json\/wp\/v2\/comments?post=105256"}],"version-history":[{"count":0,"href":"https:\/\/ecoshop.ee\/lv\/wp-json\/wp\/v2\/product\/105256\/revisions"}],"wp:featuredmedia":[{"embeddable":true,"href":"https:\/\/ecoshop.ee\/lv\/wp-json\/wp\/v2\/media\/105257"}],"wp:attachment":[{"href":"https:\/\/ecoshop.ee\/lv\/wp-json\/wp\/v2\/media?parent=105256"}],"wp:term":[{"taxonomy":"product_brand","embeddable":true,"href":"https:\/\/ecoshop.ee\/lv\/wp-json\/wp\/v2\/product_brand?post=105256"},{"taxonomy":"product_cat","embeddable":true,"href":"https:\/\/ecoshop.ee\/lv\/wp-json\/wp\/v2\/product_cat?post=105256"},{"taxonomy":"product_tag","embeddable":true,"href":"https:\/\/ecoshop.ee\/lv\/wp-json\/wp\/v2\/product_tag?post=105256"}],"curies":[{"name":"wp","href":"https:\/\/api.w.org\/{rel}","templated":true}]}}