{"id":105259,"date":"2025-04-09T15:23:22","date_gmt":"2025-04-09T13:23:22","guid":{"rendered":"https:\/\/ecoshop.ee\/?post_type=product&#038;p=105259"},"modified":"2025-04-09T15:23:23","modified_gmt":"2025-04-09T13:23:23","slug":"banjara-cilsu-viraks-maiju-dialekta","status":"publish","type":"product","link":"https:\/\/ecoshop.ee\/lv\/viirukid\/banjara-tribal-viirukid-maiade-murr\/","title":{"rendered":"Banjara Cil\u0161u v\u012braks \u2013 Maiju mirre"},"content":{"rendered":"<p class=\"\" data-start=\"171\" data-end=\"469\">Banjara Cil\u0161u v\u012braks aizved\u012bs j\u016bs arom\u0101tisk\u0101 ce\u013cojum\u0101 seno ritu\u0101lu pasaul\u0113. Maiju mirre ir dab\u012bgi sve\u0137i ar siltu, zemes arom\u0101tu un gadsimtiem ilgu lieto\u0161anu v\u0113stur\u0113. Mirrei piem\u012bt att\u012bro\u0161as \u012bpa\u0161\u012bbas,used, kas pal\u012bdz atbr\u012bvoties no negat\u012bv\u0101s ener\u0123ijas un aizsarg\u0101t pret gar\u012bg\u0101m ietekm\u0113m.<\/p>\n<p class=\"\" data-start=\"471\" data-end=\"661\">Mirre, ko tradicion\u0101li v\u0113rt\u0113 k\u0101 aizsarg\u0101jo\u0161u un att\u012bro\u0161u l\u012bdzekli, var ar\u012b veicin\u0101t labsaj\u016btu, pal\u012bdz\u0113t mazin\u0101t stresu un nomierin\u0101t ma\u0146as. Lieliski piem\u0113rota medit\u0101cijai vai telpu att\u012br\u012b\u0161anai.<\/p>\n<ul>\n<li data-start=\"663\" data-end=\"881\">100% dab\u012bgs sast\u0101vs<\/li>\n<li data-start=\"663\" data-end=\"881\">Roku darbs p\u0113c sen\u0101m trad\u012bcij\u0101m<\/li>\n<li data-start=\"663\" data-end=\"881\">Dzi\u013c\u0161 un juteklisks arom\u0101ts ritu\u0101liem vai ikdienas lieto\u0161anai.<\/li>\n<li data-start=\"663\" data-end=\"881\">Daudzums iepakojum\u0101: 10 v\u012braka koci\u0146i<\/li>\n<\/ul>","protected":false},"excerpt":{"rendered":"<p>Banjara Cil\u0161u v\u012braks aizved\u012bs j\u016bs arom\u0101tisk\u0101 ce\u013cojum\u0101 seno ritu\u0101lu pasaul\u0113. Maiju mirre ir dab\u012bgi sve\u0137i ar siltu, zemes arom\u0101tu un gadsimtiem seniem\u2026<\/p>","protected":false},"featured_media":105260,"comment_status":"open","ping_status":"closed","template":"","meta":{"wprm-recipe-roundup-name":"","wprm-recipe-roundup-description":""},"product_brand":[12008],"product_cat":[5751],"product_tag":[5753],"class_list":{"0":"post-105259","1":"product","2":"type-product","3":"status-publish","4":"has-post-thumbnail","6":"product_brand-banjara","7":"product_cat-viirukid","8":"product_tag-viiruk","10":"first","11":"instock","12":"taxable","13":"shipping-taxable","14":"purchasable","15":"product-type-simple"},"supplier_id":105232,"supplier_sku":"","barcode":"8901234590140","atum_controlled":true,"out_stock_date":null,"out_stock_threshold":null,"inheritable":false,"inbound_stock":0,"stock_on_hold":0,"sold_today":0,"sales_last_days":0,"reserved_stock":0,"customer_returns":0,"warehouse_damage":0,"lost_in_post":0,"other_logs":0,"out_stock_days":0,"lost_sales":0,"has_location":false,"update_date":"2026-03-07T01:16:05","atum_locations":[],"atum_stock_status":"instock","restock_status":false,"low_stock_amount":"","sales_update_date":"2026-03-07T01:16:05","calc_backorders":null,"aioseo_notices":[],"_links":{"self":[{"href":"https:\/\/ecoshop.ee\/lv\/wp-json\/wp\/v2\/product\/105259","targetHints":{"allow":["GET"]}}],"collection":[{"href":"https:\/\/ecoshop.ee\/lv\/wp-json\/wp\/v2\/product"}],"about":[{"href":"https:\/\/ecoshop.ee\/lv\/wp-json\/wp\/v2\/types\/product"}],"replies":[{"embeddable":true,"href":"https:\/\/ecoshop.ee\/lv\/wp-json\/wp\/v2\/comments?post=105259"}],"version-history":[{"count":0,"href":"https:\/\/ecoshop.ee\/lv\/wp-json\/wp\/v2\/product\/105259\/revisions"}],"wp:featuredmedia":[{"embeddable":true,"href":"https:\/\/ecoshop.ee\/lv\/wp-json\/wp\/v2\/media\/105260"}],"wp:attachment":[{"href":"https:\/\/ecoshop.ee\/lv\/wp-json\/wp\/v2\/media?parent=105259"}],"wp:term":[{"taxonomy":"product_brand","embeddable":true,"href":"https:\/\/ecoshop.ee\/lv\/wp-json\/wp\/v2\/product_brand?post=105259"},{"taxonomy":"product_cat","embeddable":true,"href":"https:\/\/ecoshop.ee\/lv\/wp-json\/wp\/v2\/product_cat?post=105259"},{"taxonomy":"product_tag","embeddable":true,"href":"https:\/\/ecoshop.ee\/lv\/wp-json\/wp\/v2\/product_tag?post=105259"}],"curies":[{"name":"wp","href":"https:\/\/api.w.org\/{rel}","templated":true}]}}