{"id":105268,"date":"2025-04-09T17:18:09","date_gmt":"2025-04-09T15:18:09","guid":{"rendered":"https:\/\/ecoshop.ee\/?post_type=product&#038;p=105268"},"modified":"2025-04-09T17:18:10","modified_gmt":"2025-04-09T15:18:10","slug":"banjara-cilts-viraks-balts-arruda-kvadrats","status":"publish","type":"product","link":"https:\/\/ecoshop.ee\/lv\/viirukid\/banjara-tribal-viirukid-valge-arruda-ruut\/","title":{"rendered":"Banjara cilts v\u012braks\u00a0\u2014 baltais Arruda (hal\u0101ts)"},"content":{"rendered":"<p class=\"\" data-start=\"192\" data-end=\"392\">Banjara Tribal Incense v\u012braks aizved\u012bs j\u016bs arom\u0101tu ce\u013cojum\u0101, kas iedvesmots no seniem ritu\u0101liem un dabisk\u0101m att\u012br\u012b\u0161an\u0101s praks\u0113m. Katra kast\u012bte paver durvis uz dzi\u013cu pieredzi un gar\u012bgu saikni.<\/p>\n<p class=\"\" data-start=\"394\" data-end=\"646\">Balt\u0101 aruda, kas paz\u012bstama ar\u012b k\u0101 ryut, ir augs ar sp\u0113c\u012bg\u0101m aizsarg\u0101jo\u0161\u0101m sp\u0113j\u0101m. T\u0101 augu izcelsmes un intens\u012bvais arom\u0101ts pal\u012bdz nov\u0113rst negat\u012bvo ietekmi un atbalsta gar\u012bgo dro\u0161\u012bbu un l\u012bdzsvaru. Ieteicama izv\u0113le ener\u0123\u0113tiskajai att\u012br\u012b\u0161anai un aizsardz\u012bbas ritu\u0101liem.<\/p>\n<ul>\n<li data-start=\"648\" data-end=\"830\">100% dab\u012bgs sast\u0101vs<\/li>\n<li data-start=\"648\" data-end=\"830\">Roku darbs p\u0113c sen\u0101m trad\u012bcij\u0101m<\/li>\n<li data-start=\"648\" data-end=\"830\">Aizsarg\u0101jo\u0161s un att\u012bro\u0161s augu arom\u0101ts gar\u012bgai lieto\u0161anai<\/li>\n<li data-start=\"648\" data-end=\"830\">Daudzums iepakojum\u0101: 10 v\u012braka koci\u0146i<\/li>\n<\/ul>","protected":false},"excerpt":{"rendered":"<p>Banjara Tribal viirukid viivad sind aroomide r\u00e4nnakule, mis on inspireeritud iidsetest rituaalidest ja looduslikest puhastustavadest. Iga karp avab ukse s\u00fcgavale meeleelamusele ja&hellip;<\/p>","protected":false},"featured_media":105269,"comment_status":"open","ping_status":"closed","template":"","meta":{"wprm-recipe-roundup-name":"","wprm-recipe-roundup-description":""},"product_brand":[12008],"product_cat":[5751],"product_tag":[5753],"class_list":{"0":"post-105268","1":"product","2":"type-product","3":"status-publish","4":"has-post-thumbnail","6":"product_brand-banjara","7":"product_cat-viirukid","8":"product_tag-viiruk","10":"first","11":"instock","12":"sale","13":"taxable","14":"shipping-taxable","15":"purchasable","16":"product-type-simple"},"supplier_id":105232,"supplier_sku":"","barcode":"8901234589892","atum_controlled":true,"out_stock_date":null,"out_stock_threshold":null,"inheritable":false,"inbound_stock":0,"stock_on_hold":0,"sold_today":0,"sales_last_days":0,"reserved_stock":0,"customer_returns":0,"warehouse_damage":0,"lost_in_post":0,"other_logs":0,"out_stock_days":0,"lost_sales":0,"has_location":false,"update_date":"2026-03-07T01:16:05","atum_locations":[],"atum_stock_status":"instock","restock_status":false,"low_stock_amount":"","sales_update_date":"2026-03-07T01:16:05","calc_backorders":null,"aioseo_notices":[],"_links":{"self":[{"href":"https:\/\/ecoshop.ee\/lv\/wp-json\/wp\/v2\/product\/105268","targetHints":{"allow":["GET"]}}],"collection":[{"href":"https:\/\/ecoshop.ee\/lv\/wp-json\/wp\/v2\/product"}],"about":[{"href":"https:\/\/ecoshop.ee\/lv\/wp-json\/wp\/v2\/types\/product"}],"replies":[{"embeddable":true,"href":"https:\/\/ecoshop.ee\/lv\/wp-json\/wp\/v2\/comments?post=105268"}],"version-history":[{"count":0,"href":"https:\/\/ecoshop.ee\/lv\/wp-json\/wp\/v2\/product\/105268\/revisions"}],"wp:featuredmedia":[{"embeddable":true,"href":"https:\/\/ecoshop.ee\/lv\/wp-json\/wp\/v2\/media\/105269"}],"wp:attachment":[{"href":"https:\/\/ecoshop.ee\/lv\/wp-json\/wp\/v2\/media?parent=105268"}],"wp:term":[{"taxonomy":"product_brand","embeddable":true,"href":"https:\/\/ecoshop.ee\/lv\/wp-json\/wp\/v2\/product_brand?post=105268"},{"taxonomy":"product_cat","embeddable":true,"href":"https:\/\/ecoshop.ee\/lv\/wp-json\/wp\/v2\/product_cat?post=105268"},{"taxonomy":"product_tag","embeddable":true,"href":"https:\/\/ecoshop.ee\/lv\/wp-json\/wp\/v2\/product_tag?post=105268"}],"curies":[{"name":"wp","href":"https:\/\/api.w.org\/{rel}","templated":true}]}}