{"id":105271,"date":"2025-04-09T17:29:35","date_gmt":"2025-04-09T15:29:35","guid":{"rendered":"https:\/\/ecoshop.ee\/?post_type=product&#038;p=105271"},"modified":"2025-05-19T00:42:52","modified_gmt":"2025-05-18T21:42:52","slug":"banjara-cilsu-viraks-savvalas-roze","status":"publish","type":"product","link":"https:\/\/ecoshop.ee\/lv\/viirukid\/banjara-tribal-viirukid-metsik-roos\/","title":{"rendered":"Banjara Cil\u0161u v\u012braks \u2013 Savva\u013cas roze"},"content":{"rendered":"<p class=\"\" data-start=\"139\" data-end=\"334\">Banjara Tribal Incense v\u012braks aizved\u012bs j\u016bs arom\u0101tu ce\u013cojum\u0101, iedvesmojoties no sen\u0101m trad\u012bcij\u0101m un dabas ritu\u0101liem. Katra kast\u012bte pied\u0101v\u0101 dzi\u013cu ma\u0146u pieredzi, pateicoties dab\u012bgiem arom\u0101tiem.<\/p>\n<p class=\"\" data-start=\"336\" data-end=\"554\">Savva\u013cas ro\u017eu maigais un ziedu arom\u0101ts ienes telp\u0101 dabisku svaigumu. \u0160is nomierino\u0161ais un harmoniskais arom\u0101ts atbalsta m\u012blest\u012bbas, iek\u0161\u0113j\u0101 l\u012bdzsvara un emocion\u0101l\u0101s labsaj\u016btas saj\u016btas. Lielisks pavadonis relaks\u0101cijas br\u012b\u017eiem.<\/p>\n<ul>\n<li data-start=\"556\" data-end=\"740\">100% dab\u012bgs sast\u0101vs<\/li>\n<li data-start=\"556\" data-end=\"740\">Roku darbs p\u0113c sen\u0101m trad\u012bcij\u0101m<\/li>\n<li data-start=\"556\" data-end=\"740\">Ziedu un nomierino\u0161s arom\u0101ts, kas atbalsta sirdsmieru un m\u012blest\u012bbu<\/li>\n<li data-start=\"556\" data-end=\"740\">Daudzums iepakojum\u0101: 10 v\u012braka koci\u0146i<\/li>\n<\/ul>","protected":false},"excerpt":{"rendered":"<p>Banjara Tribal viirukid viivad sind aroomide r\u00e4nnakule, mis on inspireeritud iidsetest traditsioonidest ja looduslikest rituaalidest. Iga karp pakub s\u00fcgavat meeleelamust looduslike l\u00f5hnade&hellip;<\/p>","protected":false},"featured_media":105272,"comment_status":"open","ping_status":"closed","template":"","meta":{"wprm-recipe-roundup-name":"","wprm-recipe-roundup-description":""},"product_brand":[12008],"product_cat":[5751],"product_tag":[5753],"class_list":{"0":"post-105271","1":"product","2":"type-product","3":"status-publish","4":"has-post-thumbnail","6":"product_brand-banjara","7":"product_cat-viirukid","8":"product_tag-viiruk","10":"first","11":"instock","12":"sale","13":"taxable","14":"shipping-taxable","15":"purchasable","16":"product-type-simple"},"supplier_id":105232,"supplier_sku":"","barcode":"8901234590195","atum_controlled":true,"out_stock_date":null,"out_stock_threshold":null,"inheritable":false,"inbound_stock":0,"stock_on_hold":0,"sold_today":0,"sales_last_days":0,"reserved_stock":0,"customer_returns":0,"warehouse_damage":0,"lost_in_post":0,"other_logs":0,"out_stock_days":0,"lost_sales":0,"has_location":false,"update_date":"2026-03-07T01:16:05","atum_locations":[],"atum_stock_status":"instock","restock_status":false,"low_stock_amount":"","sales_update_date":"2026-03-07T01:16:05","calc_backorders":null,"aioseo_notices":[],"_links":{"self":[{"href":"https:\/\/ecoshop.ee\/lv\/wp-json\/wp\/v2\/product\/105271","targetHints":{"allow":["GET"]}}],"collection":[{"href":"https:\/\/ecoshop.ee\/lv\/wp-json\/wp\/v2\/product"}],"about":[{"href":"https:\/\/ecoshop.ee\/lv\/wp-json\/wp\/v2\/types\/product"}],"replies":[{"embeddable":true,"href":"https:\/\/ecoshop.ee\/lv\/wp-json\/wp\/v2\/comments?post=105271"}],"version-history":[{"count":0,"href":"https:\/\/ecoshop.ee\/lv\/wp-json\/wp\/v2\/product\/105271\/revisions"}],"wp:featuredmedia":[{"embeddable":true,"href":"https:\/\/ecoshop.ee\/lv\/wp-json\/wp\/v2\/media\/105272"}],"wp:attachment":[{"href":"https:\/\/ecoshop.ee\/lv\/wp-json\/wp\/v2\/media?parent=105271"}],"wp:term":[{"taxonomy":"product_brand","embeddable":true,"href":"https:\/\/ecoshop.ee\/lv\/wp-json\/wp\/v2\/product_brand?post=105271"},{"taxonomy":"product_cat","embeddable":true,"href":"https:\/\/ecoshop.ee\/lv\/wp-json\/wp\/v2\/product_cat?post=105271"},{"taxonomy":"product_tag","embeddable":true,"href":"https:\/\/ecoshop.ee\/lv\/wp-json\/wp\/v2\/product_tag?post=105271"}],"curies":[{"name":"wp","href":"https:\/\/api.w.org\/{rel}","templated":true}]}}