{"id":105277,"date":"2025-04-09T17:45:33","date_gmt":"2025-04-09T15:45:33","guid":{"rendered":"https:\/\/ecoshop.ee\/?post_type=product&#038;p=105277"},"modified":"2025-04-09T17:45:34","modified_gmt":"2025-04-09T15:45:34","slug":"banjara-cilsu-viraka-puka-asinis","status":"publish","type":"product","link":"https:\/\/ecoshop.ee\/lv\/viirukid\/banjara-tribal-viirukid-draakonivere\/","title":{"rendered":"Banjara Cil\u0161u v\u012braki \u2013 P\u016b\u0137a asinis"},"content":{"rendered":"<p class=\"\" data-start=\"143\" data-end=\"343\">Banjara cil\u0161u v\u012braks aizved\u012bs j\u016bs mistisk\u0101 arom\u0101tisk\u0101 ce\u013cojum\u0101, sme\u013coties sp\u0113ku no seniem ritu\u0101liem un dab\u012bgiem augiem. Katra k\u0101rba pied\u0101v\u0101 dzi\u013cu saiknes saj\u016btu un saikni ar senaj\u0101m praks\u0113m.<\/p>\n<p class=\"\" data-start=\"345\" data-end=\"623\">P\u016b\u0137a asi\u0146u sve\u0137iem, kas paz\u012bstami ar\u012b k\u0101 &quot;sarkan\u0101 akmens opijs&quot;, piem\u012bt sp\u0113c\u012bgs ener\u0123\u0113tiskais sp\u0113ks. To izmanto aizsardz\u012bbas, m\u012blest\u012bbas, att\u012br\u012b\u0161an\u0101s un jutekl\u012bbas ritu\u0101los. Neopag\u0101nu un \u0161ama\u0146u trad\u012bcij\u0101s p\u016b\u0137a asi\u0146u v\u012braks pal\u012bdz stiprin\u0101t nodomus un ritu\u0101lu fokusu.<\/p>\n<ul>\n<li data-start=\"625\" data-end=\"809\">100% dab\u012bgs sast\u0101vs<\/li>\n<li data-start=\"625\" data-end=\"809\">Roku darbs p\u0113c sen\u0101m trad\u012bcij\u0101m<\/li>\n<li data-start=\"625\" data-end=\"809\">Intens\u012bvs un mistisks arom\u0101ts ener\u0123iskiem ritu\u0101liem<\/li>\n<li data-start=\"625\" data-end=\"809\">Daudzums iepakojum\u0101: 10 v\u012braka koci\u0146i<\/li>\n<\/ul>","protected":false},"excerpt":{"rendered":"<p>Banjara Tribal viirukid viivad sind m\u00fcstilisele aroomir\u00e4nnakule, mis ammutab j\u00f5udu iidsetest rituaalidest ja looduslikest v\u00e4etaimedest. Iga karp pakub s\u00fcgavat meeleelamust ja \u00fchendust&hellip;<\/p>","protected":false},"featured_media":105278,"comment_status":"open","ping_status":"closed","template":"","meta":{"wprm-recipe-roundup-name":"","wprm-recipe-roundup-description":""},"product_brand":[12008],"product_cat":[5751],"product_tag":[5753],"class_list":{"0":"post-105277","1":"product","2":"type-product","3":"status-publish","4":"has-post-thumbnail","6":"product_brand-banjara","7":"product_cat-viirukid","8":"product_tag-viiruk","10":"first","11":"instock","12":"taxable","13":"shipping-taxable","14":"purchasable","15":"product-type-simple"},"supplier_id":105232,"supplier_sku":"","barcode":"8901234589915","atum_controlled":true,"out_stock_date":null,"out_stock_threshold":null,"inheritable":false,"inbound_stock":0,"stock_on_hold":0,"sold_today":0,"sales_last_days":0,"reserved_stock":0,"customer_returns":0,"warehouse_damage":0,"lost_in_post":0,"other_logs":0,"out_stock_days":0,"lost_sales":0,"has_location":false,"update_date":"2026-03-07T01:16:05","atum_locations":[],"atum_stock_status":"instock","restock_status":false,"low_stock_amount":"","sales_update_date":"2026-03-07T01:16:05","calc_backorders":null,"aioseo_notices":[],"_links":{"self":[{"href":"https:\/\/ecoshop.ee\/lv\/wp-json\/wp\/v2\/product\/105277","targetHints":{"allow":["GET"]}}],"collection":[{"href":"https:\/\/ecoshop.ee\/lv\/wp-json\/wp\/v2\/product"}],"about":[{"href":"https:\/\/ecoshop.ee\/lv\/wp-json\/wp\/v2\/types\/product"}],"replies":[{"embeddable":true,"href":"https:\/\/ecoshop.ee\/lv\/wp-json\/wp\/v2\/comments?post=105277"}],"version-history":[{"count":0,"href":"https:\/\/ecoshop.ee\/lv\/wp-json\/wp\/v2\/product\/105277\/revisions"}],"wp:featuredmedia":[{"embeddable":true,"href":"https:\/\/ecoshop.ee\/lv\/wp-json\/wp\/v2\/media\/105278"}],"wp:attachment":[{"href":"https:\/\/ecoshop.ee\/lv\/wp-json\/wp\/v2\/media?parent=105277"}],"wp:term":[{"taxonomy":"product_brand","embeddable":true,"href":"https:\/\/ecoshop.ee\/lv\/wp-json\/wp\/v2\/product_brand?post=105277"},{"taxonomy":"product_cat","embeddable":true,"href":"https:\/\/ecoshop.ee\/lv\/wp-json\/wp\/v2\/product_cat?post=105277"},{"taxonomy":"product_tag","embeddable":true,"href":"https:\/\/ecoshop.ee\/lv\/wp-json\/wp\/v2\/product_tag?post=105277"}],"curies":[{"name":"wp","href":"https:\/\/api.w.org\/{rel}","templated":true}]}}