{"id":105289,"date":"2025-04-09T21:46:18","date_gmt":"2025-04-09T19:46:18","guid":{"rendered":"https:\/\/ecoshop.ee\/?post_type=product&#038;p=105289"},"modified":"2025-04-09T21:46:20","modified_gmt":"2025-04-09T19:46:20","slug":"banjara-cilsu-viraks-palo-santo","status":"publish","type":"product","link":"https:\/\/ecoshop.ee\/lv\/viirukid\/banjara-tribal-viirukid-palo-santo\/","title":{"rendered":"Banjara Cil\u0161u v\u012braks \u2013 Palo Santo"},"content":{"rendered":"<p class=\"\" data-start=\"139\" data-end=\"313\">Banjara Tribal Incense ir arom\u0101tisks ce\u013cojums, kas godina sen\u0101s trad\u012bcijas un dabiskos ritu\u0101lus. Katra kast\u012bte pied\u0101v\u0101 dzi\u013cu ma\u0146u pieredzi un saikni ar dabisko smar\u017eu sp\u0113ku.<\/p>\n<p class=\"\" data-start=\"315\" data-end=\"568\">Palo Santo jeb \u201esv\u0113tais koks\u201c aug Dienvidamerikas tropiskajos re\u0123ionos, un t\u0101 koksne, lapas un e\u013c\u013ca gadsimtiem ilgi tiek izmantota \u0137erme\u0146a un dv\u0113seles dziedin\u0101\u0161anai. Viet\u0113jie \u0161ama\u0146i Palo Santo ir izmantoju\u0161i att\u012br\u012b\u0161anai, aizsardz\u012bbai un l\u012bdzsvara atg\u016b\u0161anai.<\/p>\n<ul>\n<li data-start=\"570\" data-end=\"762\">100% dab\u012bgs sast\u0101vs<\/li>\n<li data-start=\"570\" data-end=\"762\">Roku darbs p\u0113c sen\u0101m trad\u012bcij\u0101m<\/li>\n<li data-start=\"570\" data-end=\"762\">Sv\u0113ts, silts koksnes arom\u0101ts gar\u012bgai un ener\u0123\u0113tiskai att\u012br\u012b\u0161anai<\/li>\n<li data-start=\"570\" data-end=\"762\">Daudzums iepakojum\u0101: 10 v\u012braka koci\u0146i<\/li>\n<\/ul>","protected":false},"excerpt":{"rendered":"<p>Banjara Tribal viirukid on aroomir\u00e4nnak, mis austab iidseid traditsioone ja loodusrituaale. Iga karp pakub s\u00fcgavat sensoorset kogemust ning \u00fchendust looduslike l\u00f5hnade v\u00e4ega.&hellip;<\/p>","protected":false},"featured_media":105290,"comment_status":"open","ping_status":"closed","template":"","meta":{"wprm-recipe-roundup-name":"","wprm-recipe-roundup-description":""},"product_brand":[12008],"product_cat":[5751],"product_tag":[5753],"class_list":{"0":"post-105289","1":"product","2":"type-product","3":"status-publish","4":"has-post-thumbnail","6":"product_brand-banjara","7":"product_cat-viirukid","8":"product_tag-viiruk","10":"first","11":"instock","12":"sale","13":"taxable","14":"shipping-taxable","15":"purchasable","16":"product-type-simple"},"supplier_id":105232,"supplier_sku":"","barcode":"8901234567906","atum_controlled":true,"out_stock_date":null,"out_stock_threshold":null,"inheritable":false,"inbound_stock":0,"stock_on_hold":0,"sold_today":0,"sales_last_days":0,"reserved_stock":0,"customer_returns":0,"warehouse_damage":0,"lost_in_post":0,"other_logs":0,"out_stock_days":0,"lost_sales":0,"has_location":false,"update_date":"2026-03-07T01:16:05","atum_locations":[],"atum_stock_status":"instock","restock_status":false,"low_stock_amount":"","sales_update_date":"2026-03-07T01:16:05","calc_backorders":null,"aioseo_notices":[],"_links":{"self":[{"href":"https:\/\/ecoshop.ee\/lv\/wp-json\/wp\/v2\/product\/105289","targetHints":{"allow":["GET"]}}],"collection":[{"href":"https:\/\/ecoshop.ee\/lv\/wp-json\/wp\/v2\/product"}],"about":[{"href":"https:\/\/ecoshop.ee\/lv\/wp-json\/wp\/v2\/types\/product"}],"replies":[{"embeddable":true,"href":"https:\/\/ecoshop.ee\/lv\/wp-json\/wp\/v2\/comments?post=105289"}],"version-history":[{"count":0,"href":"https:\/\/ecoshop.ee\/lv\/wp-json\/wp\/v2\/product\/105289\/revisions"}],"wp:featuredmedia":[{"embeddable":true,"href":"https:\/\/ecoshop.ee\/lv\/wp-json\/wp\/v2\/media\/105290"}],"wp:attachment":[{"href":"https:\/\/ecoshop.ee\/lv\/wp-json\/wp\/v2\/media?parent=105289"}],"wp:term":[{"taxonomy":"product_brand","embeddable":true,"href":"https:\/\/ecoshop.ee\/lv\/wp-json\/wp\/v2\/product_brand?post=105289"},{"taxonomy":"product_cat","embeddable":true,"href":"https:\/\/ecoshop.ee\/lv\/wp-json\/wp\/v2\/product_cat?post=105289"},{"taxonomy":"product_tag","embeddable":true,"href":"https:\/\/ecoshop.ee\/lv\/wp-json\/wp\/v2\/product_tag?post=105289"}],"curies":[{"name":"wp","href":"https:\/\/api.w.org\/{rel}","templated":true}]}}