{"id":105292,"date":"2025-04-09T21:50:28","date_gmt":"2025-04-09T19:50:28","guid":{"rendered":"https:\/\/ecoshop.ee\/?post_type=product&#038;p=105292"},"modified":"2025-04-09T21:50:29","modified_gmt":"2025-04-09T19:50:29","slug":"banjara-cilsu-viraks-sandalkoka","status":"publish","type":"product","link":"https:\/\/ecoshop.ee\/lv\/viirukid\/banjara-tribal-viirukid-sandlipuu\/","title":{"rendered":"Banjara Cil\u0161u v\u012braks \u2013 Sandalkoks"},"content":{"rendered":"<p class=\"\" data-start=\"137\" data-end=\"313\">Banjara cil\u0161u v\u012braki aizved\u012bs j\u016bs arom\u0101tu pasaul\u0113, kas balst\u012bta uz sen\u0101m trad\u012bcij\u0101m un ritu\u0101liem. Katra kast\u012bte sniegs jums dabisko arom\u0101tu sp\u0113ku un dzi\u013cu labsaj\u016btu.<\/p>\n<p class=\"\" data-start=\"315\" data-end=\"626\">Sandalkoks ir v\u0113rt\u012bgs, smar\u017e\u012bgs koks, kas saglab\u0101 savu arom\u0101tu gadu desmitiem. T\u0101 siltais, nomierino\u0161ais arom\u0101ts veicina gar\u012bgo skaidr\u012bbu, mazina trauksmi un veicina relaks\u0101ciju un miegu. Dedzinot, tas atbr\u012bvo dabiskas antiseptiskas \u012bpa\u0161\u012bbasused, kas att\u012bra gaisu un rada l\u012bdzsvarotu atmosf\u0113ru.<\/p>\n<ul>\n<li data-start=\"628\" data-end=\"808\">100% dab\u012bgs sast\u0101vs<\/li>\n<li data-start=\"628\" data-end=\"808\">Roku darbs p\u0113c sen\u0101m trad\u012bcij\u0101m<\/li>\n<li data-start=\"628\" data-end=\"808\">Silts un nomierino\u0161s arom\u0101ts sirdsmiera un lab\u0101ka miega veicin\u0101\u0161anai<\/li>\n<li data-start=\"628\" data-end=\"808\">Daudzums iepakojum\u0101: 10 v\u012braka koci\u0146i<\/li>\n<\/ul>","protected":false},"excerpt":{"rendered":"<p>Banjara Tribal viirukid viivad sind aroomide maailma, mis p\u00f5hineb iidsetel traditsioonidel ja rituaalidel. Iga karp toob sinuni looduslike l\u00f5hnade j\u00f5u ning s\u00fcgava&hellip;<\/p>","protected":false},"featured_media":105293,"comment_status":"open","ping_status":"closed","template":"","meta":{"wprm-recipe-roundup-name":"","wprm-recipe-roundup-description":""},"product_brand":[12008],"product_cat":[5751],"product_tag":[5753],"class_list":{"0":"post-105292","1":"product","2":"type-product","3":"status-publish","4":"has-post-thumbnail","6":"product_brand-banjara","7":"product_cat-viirukid","8":"product_tag-viiruk","10":"first","11":"instock","12":"taxable","13":"shipping-taxable","14":"purchasable","15":"product-type-simple"},"supplier_id":105232,"supplier_sku":"","barcode":"8901234690157","atum_controlled":true,"out_stock_date":null,"out_stock_threshold":null,"inheritable":false,"inbound_stock":0,"stock_on_hold":0,"sold_today":0,"sales_last_days":0,"reserved_stock":0,"customer_returns":0,"warehouse_damage":0,"lost_in_post":0,"other_logs":0,"out_stock_days":0,"lost_sales":0,"has_location":false,"update_date":"2026-03-07T01:16:05","atum_locations":[],"atum_stock_status":"instock","restock_status":false,"low_stock_amount":"","sales_update_date":"2026-03-07T01:16:05","calc_backorders":null,"aioseo_notices":[],"_links":{"self":[{"href":"https:\/\/ecoshop.ee\/lv\/wp-json\/wp\/v2\/product\/105292","targetHints":{"allow":["GET"]}}],"collection":[{"href":"https:\/\/ecoshop.ee\/lv\/wp-json\/wp\/v2\/product"}],"about":[{"href":"https:\/\/ecoshop.ee\/lv\/wp-json\/wp\/v2\/types\/product"}],"replies":[{"embeddable":true,"href":"https:\/\/ecoshop.ee\/lv\/wp-json\/wp\/v2\/comments?post=105292"}],"version-history":[{"count":0,"href":"https:\/\/ecoshop.ee\/lv\/wp-json\/wp\/v2\/product\/105292\/revisions"}],"wp:featuredmedia":[{"embeddable":true,"href":"https:\/\/ecoshop.ee\/lv\/wp-json\/wp\/v2\/media\/105293"}],"wp:attachment":[{"href":"https:\/\/ecoshop.ee\/lv\/wp-json\/wp\/v2\/media?parent=105292"}],"wp:term":[{"taxonomy":"product_brand","embeddable":true,"href":"https:\/\/ecoshop.ee\/lv\/wp-json\/wp\/v2\/product_brand?post=105292"},{"taxonomy":"product_cat","embeddable":true,"href":"https:\/\/ecoshop.ee\/lv\/wp-json\/wp\/v2\/product_cat?post=105292"},{"taxonomy":"product_tag","embeddable":true,"href":"https:\/\/ecoshop.ee\/lv\/wp-json\/wp\/v2\/product_tag?post=105292"}],"curies":[{"name":"wp","href":"https:\/\/api.w.org\/{rel}","templated":true}]}}