{"id":105303,"date":"2025-04-09T22:32:39","date_gmt":"2025-04-09T20:32:39","guid":{"rendered":"https:\/\/ecoshop.ee\/?post_type=product&#038;p=105303"},"modified":"2025-04-09T22:33:51","modified_gmt":"2025-04-09T20:33:51","slug":"augu-aromatiska-ella-jasmina-tejai-10-ml","status":"publish","type":"product","link":"https:\/\/ecoshop.ee\/lv\/eeterlikud-olid-ja-aroomiolid\/taimne-aroomioli-jasmiinitee-10ml\/","title":{"rendered":"Augu arom\u0101tisk\u0101 e\u013c\u013ca \u2013 jasm\u012bna t\u0113ja \u2013 10 ml"},"content":{"rendered":"<p class=\"\" data-start=\"139\" data-end=\"360\">Dab\u012bga augu izcelsmes arom\u0101tisk\u0101 e\u013c\u013ca ar maigi saldu un atsvaidzino\u0161u jasm\u012bna t\u0113jas arom\u0101tu. Satur liel\u0101ku \u0113terisko e\u013c\u013cu daudzumu nek\u0101 daudzi tradicion\u0101lie z\u012bmoli, nodro\u0161inot ilgsto\u0161u un pat\u012bkamu arom\u0101ta pieredzi.<\/p>\n<p class=\"\" data-start=\"362\" data-end=\"504\">Piem\u0113rots lieto\u0161anai gan tradicion\u0101laj\u0101 e\u013c\u013cas degl\u012b, gan elektriskaj\u0101 difuzor\u0101. Produkts ir iepakots atk\u0101rtoti lietojam\u0101 10 ml pudel\u0113 100%.<\/p>\n<ul>\n<li data-start=\"506\" data-end=\"692\">Augu izcelsmes, 100% veg\u0101ns<\/li>\n<li data-start=\"506\" data-end=\"692\">Nesatur kait\u012bgas \u0137\u012bmiskas vielas<\/li>\n<li data-start=\"506\" data-end=\"692\">Lieto\u0161anai ar e\u013c\u013cas degli vai difuzoru<\/li>\n<li data-start=\"506\" data-end=\"692\">Maigs un nomierino\u0161s jasm\u012bna t\u0113jas arom\u0101ts<\/li>\n<li data-start=\"506\" data-end=\"692\">10 ml pudele, 100% p\u0101rstr\u0101d\u0101jams iepakojums<\/li>\n<\/ul>","protected":false},"excerpt":{"rendered":"<p>Looduslikul taimsel baasil valmistatud aroomi\u00f5li, millel on \u00f5rnalt magus ja v\u00e4rskendav jasmiinitee aroom. Sisaldab suuremat kogust eeterlikke \u00f5lisid kui paljud tavabr\u00e4ndid, pakkudes&hellip;<\/p>","protected":false},"featured_media":105304,"comment_status":"open","ping_status":"closed","template":"","meta":{"wprm-recipe-roundup-name":"","wprm-recipe-roundup-description":""},"product_brand":[],"product_cat":[5754],"product_tag":[5755],"class_list":{"0":"post-105303","1":"product","2":"type-product","3":"status-publish","4":"has-post-thumbnail","6":"product_cat-eeterlikud-olid-ja-aroomiolid","7":"product_tag-aroomioli","9":"first","10":"instock","11":"taxable","12":"shipping-taxable","13":"purchasable","14":"product-type-simple"},"supplier_id":105232,"supplier_sku":"","barcode":"5028691475025","atum_controlled":true,"out_stock_date":null,"out_stock_threshold":null,"inheritable":false,"inbound_stock":0,"stock_on_hold":0,"sold_today":0,"sales_last_days":0,"reserved_stock":0,"customer_returns":0,"warehouse_damage":0,"lost_in_post":0,"other_logs":0,"out_stock_days":0,"lost_sales":0,"has_location":false,"update_date":"2026-03-07T01:16:05","atum_locations":[],"atum_stock_status":"instock","restock_status":false,"low_stock_amount":"","sales_update_date":"2026-03-07T01:16:05","calc_backorders":null,"aioseo_notices":[],"_links":{"self":[{"href":"https:\/\/ecoshop.ee\/lv\/wp-json\/wp\/v2\/product\/105303","targetHints":{"allow":["GET"]}}],"collection":[{"href":"https:\/\/ecoshop.ee\/lv\/wp-json\/wp\/v2\/product"}],"about":[{"href":"https:\/\/ecoshop.ee\/lv\/wp-json\/wp\/v2\/types\/product"}],"replies":[{"embeddable":true,"href":"https:\/\/ecoshop.ee\/lv\/wp-json\/wp\/v2\/comments?post=105303"}],"version-history":[{"count":0,"href":"https:\/\/ecoshop.ee\/lv\/wp-json\/wp\/v2\/product\/105303\/revisions"}],"wp:featuredmedia":[{"embeddable":true,"href":"https:\/\/ecoshop.ee\/lv\/wp-json\/wp\/v2\/media\/105304"}],"wp:attachment":[{"href":"https:\/\/ecoshop.ee\/lv\/wp-json\/wp\/v2\/media?parent=105303"}],"wp:term":[{"taxonomy":"product_brand","embeddable":true,"href":"https:\/\/ecoshop.ee\/lv\/wp-json\/wp\/v2\/product_brand?post=105303"},{"taxonomy":"product_cat","embeddable":true,"href":"https:\/\/ecoshop.ee\/lv\/wp-json\/wp\/v2\/product_cat?post=105303"},{"taxonomy":"product_tag","embeddable":true,"href":"https:\/\/ecoshop.ee\/lv\/wp-json\/wp\/v2\/product_tag?post=105303"}],"curies":[{"name":"wp","href":"https:\/\/api.w.org\/{rel}","templated":true}]}}