{"id":105315,"date":"2025-04-09T23:28:06","date_gmt":"2025-04-09T21:28:06","guid":{"rendered":"https:\/\/ecoshop.ee\/?post_type=product&#038;p=105315"},"modified":"2025-04-09T23:28:07","modified_gmt":"2025-04-09T21:28:07","slug":"tejas-koka-eteriska-ella-10-ml","status":"publish","type":"product","link":"https:\/\/ecoshop.ee\/lv\/eeterlikud-olid-ja-aroomiolid\/teepuu-eeterlik-oli-10ml\/","title":{"rendered":"T\u0113jas koka \u0113terisk\u0101 e\u013c\u013ca - 10 ml"},"content":{"rendered":"<p class=\"\" data-start=\"175\" data-end=\"344\"><em data-start=\"208\" data-end=\"232\">Melaleuca alternifolia<br \/>\n<\/em><br data-start=\"232\" data-end=\"235\" \/>T\u0113jas koka e\u013c\u013ca ir paz\u012bstama ar sav\u0101m dabiskaj\u0101m antiseptiskaj\u0101m un prets\u0113n\u012b\u0161u \u012bpa\u0161\u012bb\u0101m. To ieg\u016bst, destil\u0113jot ar tvaiku. <em data-start=\"470\" data-end=\"494\">Melaleuca alternifolia<\/em> no Austr\u0101lijas zieme\u013caustrumu piekrast\u0113 augo\u0161a koka lap\u0101m un zariem. Aborig\u0113ni gadsimtiem ilgi ir lietoju\u0161i t\u0113jas koku, lai nomierin\u0101tu br\u016bces, apdegumus un elpo\u0161anas ce\u013cu slim\u012bbas.<\/p>\n<p class=\"\" data-start=\"665\" data-end=\"883\">T\u0113jas koka \u0113terisk\u0101 e\u013c\u013ca ir piem\u0113rota \u0101r\u012bgai lieto\u0161anai, lai atbalst\u012btu \u0101das vesel\u012bbu (aknes, s\u0113n\u012b\u0161u infekcijas, blaugznas), mazin\u0101tu musku\u013cu s\u0101pes, saaukst\u0113\u0161an\u0101s simptomus un elpo\u0161anas sasprindzin\u0101jumu. Pievienojot vannas \u016bdenim, t\u0101 pal\u012bdz att\u012br\u012bt un l\u012bdzsvarot \u0101du.<\/p>\n<ul>\n<li data-start=\"885\" data-end=\"1074\">100% t\u012bra \u0113terisk\u0101 e\u013c\u013ca<\/li>\n<li data-start=\"885\" data-end=\"1074\">Dabiski antiseptisks un prets\u0113n\u012b\u0161u l\u012bdzeklis<\/li>\n<li data-start=\"885\" data-end=\"1074\">Efekt\u012bvs pret pinn\u0113m, \u0101das kairin\u0101jumiem un saaukst\u0113\u0161anos<\/li>\n<li data-start=\"885\" data-end=\"1074\">Izmantot\u0101 auga da\u013ca: lapas un zari<\/li>\n<li data-start=\"885\" data-end=\"1074\">Ekstrakcijas metode: tvaika destil\u0101cija<\/li>\n<li data-start=\"885\" data-end=\"1074\">10 ml tum\u0161\u0101 stikla pudel\u0113<\/li>\n<\/ul>\n<p class=\"\" data-start=\"1076\" data-end=\"1231\">\u26a0\ufe0f Tikai \u0101r\u012bgai lieto\u0161anai. Nenor\u012bt. Sarg\u0101t no b\u0113rniem un m\u0101jdz\u012bvniekiem. Nelietot gr\u016btniec\u012bbas vai baro\u0161anas ar kr\u016bti laik\u0101.<\/p>","protected":false},"excerpt":{"rendered":"<p>Melaleuca Alternifolia Teepuu\u00f5li on tuntud oma looduslike antiseptiliste ja seenevastaste omaduste poolest. Seda saadakse aurudestilleerimise teel Melaleuca alternifolia puu lehtedest ja okstest,&hellip;<\/p>","protected":false},"featured_media":105316,"comment_status":"open","ping_status":"closed","template":"","meta":{"wprm-recipe-roundup-name":"","wprm-recipe-roundup-description":""},"product_brand":[],"product_cat":[5754],"product_tag":[5756],"class_list":{"0":"post-105315","1":"product","2":"type-product","3":"status-publish","4":"has-post-thumbnail","6":"product_cat-eeterlikud-olid-ja-aroomiolid","7":"product_tag-eeterlik-oli","9":"first","10":"instock","11":"taxable","12":"shipping-taxable","13":"purchasable","14":"product-type-simple"},"supplier_id":105232,"supplier_sku":"","barcode":"5055796528394","atum_controlled":true,"out_stock_date":null,"out_stock_threshold":null,"inheritable":false,"inbound_stock":0,"stock_on_hold":0,"sold_today":0,"sales_last_days":0,"reserved_stock":0,"customer_returns":0,"warehouse_damage":0,"lost_in_post":0,"other_logs":0,"out_stock_days":0,"lost_sales":0,"has_location":false,"update_date":"2026-03-07T01:16:07","atum_locations":[],"atum_stock_status":"instock","restock_status":false,"low_stock_amount":"","sales_update_date":"2026-03-07T01:16:07","calc_backorders":null,"aioseo_notices":[],"_links":{"self":[{"href":"https:\/\/ecoshop.ee\/lv\/wp-json\/wp\/v2\/product\/105315","targetHints":{"allow":["GET"]}}],"collection":[{"href":"https:\/\/ecoshop.ee\/lv\/wp-json\/wp\/v2\/product"}],"about":[{"href":"https:\/\/ecoshop.ee\/lv\/wp-json\/wp\/v2\/types\/product"}],"replies":[{"embeddable":true,"href":"https:\/\/ecoshop.ee\/lv\/wp-json\/wp\/v2\/comments?post=105315"}],"version-history":[{"count":0,"href":"https:\/\/ecoshop.ee\/lv\/wp-json\/wp\/v2\/product\/105315\/revisions"}],"wp:featuredmedia":[{"embeddable":true,"href":"https:\/\/ecoshop.ee\/lv\/wp-json\/wp\/v2\/media\/105316"}],"wp:attachment":[{"href":"https:\/\/ecoshop.ee\/lv\/wp-json\/wp\/v2\/media?parent=105315"}],"wp:term":[{"taxonomy":"product_brand","embeddable":true,"href":"https:\/\/ecoshop.ee\/lv\/wp-json\/wp\/v2\/product_brand?post=105315"},{"taxonomy":"product_cat","embeddable":true,"href":"https:\/\/ecoshop.ee\/lv\/wp-json\/wp\/v2\/product_cat?post=105315"},{"taxonomy":"product_tag","embeddable":true,"href":"https:\/\/ecoshop.ee\/lv\/wp-json\/wp\/v2\/product_tag?post=105315"}],"curies":[{"name":"wp","href":"https:\/\/api.w.org\/{rel}","templated":true}]}}