{"id":105318,"date":"2025-04-09T23:40:47","date_gmt":"2025-04-09T21:40:47","guid":{"rendered":"https:\/\/ecoshop.ee\/?post_type=product&#038;p=105318"},"modified":"2025-04-09T23:40:48","modified_gmt":"2025-04-09T21:40:48","slug":"rozkoka-eteriska-ella-10-ml","status":"publish","type":"product","link":"https:\/\/ecoshop.ee\/lv\/eeterlikud-olid-ja-aroomiolid\/roosipuu-eeterlik-oli-10ml\/","title":{"rendered":"Ro\u017ekoka \u0113terisk\u0101 e\u013c\u013ca \u2013 10 ml"},"content":{"rendered":"<p class=\"\" data-start=\"68\" data-end=\"121\"><em data-start=\"103\" data-end=\"121\">Aniba Rozeodora<\/em><\/p>\n<p class=\"\" data-start=\"123\" data-end=\"480\">Ro\u017ekoka \u0113terisk\u0101 e\u013c\u013ca tiek v\u0113rt\u0113ta t\u0101s nomierino\u0161\u0101, sald\u0101 un viegli pikant\u0101 arom\u0101ta d\u0113\u013c, kas veicina garast\u0101vok\u013ca l\u012bdzsvaru un gar\u012bgo skaidr\u012bbu. To ieg\u016bst, destil\u0113jot ar tvaiku no Braz\u012blijas ro\u017ekoka koksnes. Aromterapij\u0101 ro\u017ekoka e\u013c\u013ca ir paz\u012bstama k\u0101 dabisks antidepresants, kas pal\u012bdz uzlabot garast\u0101vokli, mazin\u0101t nogurumu un atjaunot vitalit\u0101ti.<\/p>\n<p class=\"\" data-start=\"482\" data-end=\"681\">E\u013c\u013ca ir ar\u012b laba nelielu s\u0101pju, galvass\u0101pju un musku\u013cu sasprindzin\u0101juma mazin\u0101\u0161anai, un t\u0101s dabisk\u0101s antibakteri\u0101l\u0101s un kukai\u0146u atbaid\u012b\u0161anas \u012bpa\u0161\u012bbas padara to par daudzpus\u012bgu pal\u012bgu lieto\u0161anai m\u0101j\u0101s.<\/p>\n<ul>\n<li data-start=\"683\" data-end=\"839\">100% t\u012bra \u0113terisk\u0101 e\u013c\u013ca<\/li>\n<li data-start=\"683\" data-end=\"839\">Nomierina pr\u0101tu un atbalsta gar\u012bgo l\u012bdzsvaru<\/li>\n<li data-start=\"683\" data-end=\"839\">Dab\u012bgs antiseptisks un kukai\u0146u atbaid\u012b\u0161anas l\u012bdzeklis<\/li>\n<li data-start=\"683\" data-end=\"839\">Mazina nelielas s\u0101pes un smeldzi<\/li>\n<li data-start=\"683\" data-end=\"839\">Izmantot\u0101 auga da\u013ca: koks<\/li>\n<li data-start=\"683\" data-end=\"839\">Ekstrakcijas metode: tvaika destil\u0101cija<\/li>\n<li data-start=\"683\" data-end=\"839\">10 ml tum\u0161\u0101 stikla pudel\u0113<\/li>\n<\/ul>\n<p class=\"\" data-start=\"942\" data-end=\"1097\">\u26a0\ufe0f Tikai \u0101r\u012bgai lieto\u0161anai. Nenor\u012bt. Sarg\u0101t no b\u0113rniem un m\u0101jdz\u012bvniekiem. Nelietot gr\u016btniec\u012bbas vai baro\u0161anas ar kr\u016bti laik\u0101.<\/p>","protected":false},"excerpt":{"rendered":"<p>Aniba Rosaeodora Roosipuu eeterlik \u00f5li on hinnatud oma rahustava, magusa ja kergelt v\u00fcrtsika l\u00f5hna poolest, mis toetab meeleolu tasakaalustamist ja vaimset selgust.&hellip;<\/p>","protected":false},"featured_media":105319,"comment_status":"open","ping_status":"closed","template":"","meta":{"wprm-recipe-roundup-name":"","wprm-recipe-roundup-description":""},"product_brand":[],"product_cat":[5754],"product_tag":[5756],"class_list":{"0":"post-105318","1":"product","2":"type-product","3":"status-publish","4":"has-post-thumbnail","6":"product_cat-eeterlikud-olid-ja-aroomiolid","7":"product_tag-eeterlik-oli","9":"first","10":"instock","11":"sale","12":"taxable","13":"shipping-taxable","14":"purchasable","15":"product-type-simple"},"supplier_id":105232,"supplier_sku":"","barcode":"5055796528769","atum_controlled":true,"out_stock_date":null,"out_stock_threshold":null,"inheritable":false,"inbound_stock":0,"stock_on_hold":0,"sold_today":0,"sales_last_days":0,"reserved_stock":0,"customer_returns":0,"warehouse_damage":0,"lost_in_post":0,"other_logs":0,"out_stock_days":0,"lost_sales":0,"has_location":false,"update_date":"2026-03-07T01:16:07","atum_locations":[],"atum_stock_status":"instock","restock_status":false,"low_stock_amount":"","sales_update_date":"2026-03-07T01:16:07","calc_backorders":null,"aioseo_notices":[],"_links":{"self":[{"href":"https:\/\/ecoshop.ee\/lv\/wp-json\/wp\/v2\/product\/105318","targetHints":{"allow":["GET"]}}],"collection":[{"href":"https:\/\/ecoshop.ee\/lv\/wp-json\/wp\/v2\/product"}],"about":[{"href":"https:\/\/ecoshop.ee\/lv\/wp-json\/wp\/v2\/types\/product"}],"replies":[{"embeddable":true,"href":"https:\/\/ecoshop.ee\/lv\/wp-json\/wp\/v2\/comments?post=105318"}],"version-history":[{"count":0,"href":"https:\/\/ecoshop.ee\/lv\/wp-json\/wp\/v2\/product\/105318\/revisions"}],"wp:featuredmedia":[{"embeddable":true,"href":"https:\/\/ecoshop.ee\/lv\/wp-json\/wp\/v2\/media\/105319"}],"wp:attachment":[{"href":"https:\/\/ecoshop.ee\/lv\/wp-json\/wp\/v2\/media?parent=105318"}],"wp:term":[{"taxonomy":"product_brand","embeddable":true,"href":"https:\/\/ecoshop.ee\/lv\/wp-json\/wp\/v2\/product_brand?post=105318"},{"taxonomy":"product_cat","embeddable":true,"href":"https:\/\/ecoshop.ee\/lv\/wp-json\/wp\/v2\/product_cat?post=105318"},{"taxonomy":"product_tag","embeddable":true,"href":"https:\/\/ecoshop.ee\/lv\/wp-json\/wp\/v2\/product_tag?post=105318"}],"curies":[{"name":"wp","href":"https:\/\/api.w.org\/{rel}","templated":true}]}}