{"id":105468,"date":"2025-04-12T11:16:44","date_gmt":"2025-04-12T09:16:44","guid":{"rendered":"https:\/\/ecoshop.ee\/?post_type=product&#038;p=105468"},"modified":"2025-04-12T11:16:46","modified_gmt":"2025-04-12T09:16:46","slug":"ciedra-koka-eteriska-ella-10-ml","status":"publish","type":"product","link":"https:\/\/ecoshop.ee\/lv\/eeterlikud-olid-ja-aroomiolid\/seedripuu-eeterlik-oli-10ml\/","title":{"rendered":"Ciedru koka \u0113terisk\u0101 e\u013c\u013ca \u2013 10 ml"},"content":{"rendered":"<p class=\"\" data-start=\"96\" data-end=\"165\"><em data-start=\"143\" data-end=\"165\">Vird\u017e\u012bnijas kadi\u0137is<\/em><\/p>\n<p class=\"\" data-start=\"167\" data-end=\"515\">Ciedru \u0113terisk\u0101 e\u013c\u013ca tiek ieg\u016bta no ciedru koka, kas aug ASV. <em data-start=\"214\" data-end=\"236\">Vird\u017e\u012bnijas kadi\u0137is<\/em> Koka tvaika destil\u0101cijarimise t\u0113ja. \u0160\u012b e\u013c\u013ca tiek v\u0113rt\u0113ta t\u0101s nomierino\u0161o, l\u012bdzsvarojo\u0161o un \u0101du atbalsto\u0161o \u012bpa\u0161\u012bbu d\u0113\u013c. To tradicion\u0101li lieto \u0101das kairin\u0101jumu, blaugznu un liek\u0101 sebuma mazin\u0101\u0161anai, k\u0101 ar\u012b t\u0101s relaks\u0113jo\u0161\u0101s iedarb\u012bbas d\u0113\u013c spriedzes un nemiera gad\u012bjumos.<\/p>\n<p class=\"\" data-start=\"517\" data-end=\"724\">Ciedru koka e\u013c\u013ca pal\u012bdz regul\u0113t tauku dziedzeru darb\u012bbu, atbalsta \u0101das att\u012br\u012b\u0161anos un tai ir nomierino\u0161a iedarb\u012bba gan uz \u0137ermeni, gan pr\u0101tu. T\u0101 ir labi piem\u0113rota lieto\u0161anai vakar\u0101, lai veicin\u0101tu miegu un l\u012bdzsvarotu nervu sist\u0113mu.<\/p>\n<ul>\n<li data-start=\"726\" data-end=\"891\">100% t\u012bra \u0113terisk\u0101 e\u013c\u013ca<\/li>\n<li data-start=\"726\" data-end=\"891\">Atbalsta \u0101das l\u012bdzsvaru un nomierina kairin\u0101jumu<\/li>\n<li data-start=\"726\" data-end=\"891\">Dab\u012bga antiseptiska un prets\u0113n\u012b\u0161u iedarb\u012bba<\/li>\n<li data-start=\"726\" data-end=\"891\">Piem\u0113rots nomierino\u0161ai un relaks\u0113jo\u0161ai lieto\u0161anai<\/li>\n<li data-start=\"726\" data-end=\"891\">Izmantot\u0101 auga da\u013ca: koks<\/li>\n<li data-start=\"726\" data-end=\"891\">Ekstrakcijas metode: tvaika destil\u0101cija<\/li>\n<li data-start=\"726\" data-end=\"891\">10 ml tum\u0161\u0101 stikla pudel\u0113<\/li>\n<\/ul>\n<p class=\"\" data-start=\"994\" data-end=\"1149\">\u26a0\ufe0f Tikai \u0101r\u012bgai lieto\u0161anai. Nenor\u012bt. Sarg\u0101t no b\u0113rniem un m\u0101jdz\u012bvniekiem. Nelietot gr\u016btniec\u012bbas vai baro\u0161anas ar kr\u016bti laik\u0101.<\/p>","protected":false},"excerpt":{"rendered":"<p>Juniperus Virginiana Seedripuu eeterlik \u00f5li on saadud USA-s kasvava Juniperus virginiana puidust aurudestilleerimise teel. See \u00f5li on hinnatud oma rahustavate, tasakaalustavate ja&hellip;<\/p>","protected":false},"featured_media":105469,"comment_status":"open","ping_status":"closed","template":"","meta":{"wprm-recipe-roundup-name":"","wprm-recipe-roundup-description":""},"product_brand":[],"product_cat":[5754],"product_tag":[5756],"class_list":{"0":"post-105468","1":"product","2":"type-product","3":"status-publish","4":"has-post-thumbnail","6":"product_cat-eeterlikud-olid-ja-aroomiolid","7":"product_tag-eeterlik-oli","9":"first","10":"instock","11":"taxable","12":"shipping-taxable","13":"purchasable","14":"product-type-simple"},"supplier_id":105232,"supplier_sku":"","barcode":"5055796528875","atum_controlled":true,"out_stock_date":null,"out_stock_threshold":null,"inheritable":false,"inbound_stock":0,"stock_on_hold":0,"sold_today":0,"sales_last_days":0,"reserved_stock":0,"customer_returns":0,"warehouse_damage":0,"lost_in_post":0,"other_logs":0,"out_stock_days":0,"lost_sales":0,"has_location":false,"update_date":"2026-03-07T01:16:07","atum_locations":[],"atum_stock_status":"instock","restock_status":false,"low_stock_amount":"","sales_update_date":"2026-03-07T01:16:07","calc_backorders":null,"aioseo_notices":[],"_links":{"self":[{"href":"https:\/\/ecoshop.ee\/lv\/wp-json\/wp\/v2\/product\/105468","targetHints":{"allow":["GET"]}}],"collection":[{"href":"https:\/\/ecoshop.ee\/lv\/wp-json\/wp\/v2\/product"}],"about":[{"href":"https:\/\/ecoshop.ee\/lv\/wp-json\/wp\/v2\/types\/product"}],"replies":[{"embeddable":true,"href":"https:\/\/ecoshop.ee\/lv\/wp-json\/wp\/v2\/comments?post=105468"}],"version-history":[{"count":0,"href":"https:\/\/ecoshop.ee\/lv\/wp-json\/wp\/v2\/product\/105468\/revisions"}],"wp:featuredmedia":[{"embeddable":true,"href":"https:\/\/ecoshop.ee\/lv\/wp-json\/wp\/v2\/media\/105469"}],"wp:attachment":[{"href":"https:\/\/ecoshop.ee\/lv\/wp-json\/wp\/v2\/media?parent=105468"}],"wp:term":[{"taxonomy":"product_brand","embeddable":true,"href":"https:\/\/ecoshop.ee\/lv\/wp-json\/wp\/v2\/product_brand?post=105468"},{"taxonomy":"product_cat","embeddable":true,"href":"https:\/\/ecoshop.ee\/lv\/wp-json\/wp\/v2\/product_cat?post=105468"},{"taxonomy":"product_tag","embeddable":true,"href":"https:\/\/ecoshop.ee\/lv\/wp-json\/wp\/v2\/product_tag?post=105468"}],"curies":[{"name":"wp","href":"https:\/\/api.w.org\/{rel}","templated":true}]}}