{"id":105471,"date":"2025-04-12T11:26:57","date_gmt":"2025-04-12T09:26:57","guid":{"rendered":"https:\/\/ecoshop.ee\/?post_type=product&#038;p=105471"},"modified":"2025-12-10T19:46:47","modified_gmt":"2025-12-10T16:46:47","slug":"salda-apelsina-eteriska-ella-10-ml","status":"publish","type":"product","link":"https:\/\/ecoshop.ee\/lv\/eeterlikud-olid-ja-aroomiolid\/magus-apelsini-eeterlik-oli-10ml\/","title":{"rendered":"Sald\u0101 apels\u012bna \u0113terisk\u0101 e\u013c\u013ca \u2013 10 ml"},"content":{"rendered":"<p class=\"\" data-start=\"85\" data-end=\"137\"><em data-start=\"120\" data-end=\"137\">Citrus sinensis<\/em><\/p>\n<p class=\"\" data-start=\"139\" data-end=\"406\">Apels\u012bnu \u0113terisk\u0101 e\u013c\u013ca tiek ieg\u016bta no Braz\u012blij\u0101 audz\u0113tiem apels\u012bniem. <em data-start=\"192\" data-end=\"209\">Citrus sinensis<\/em> Aukst\u0101 spieduma no aug\u013cu miz\u0101m. T\u0101 saldais un atsvaidzino\u0161ais arom\u0101ts vienlaikus uzmundrina un nomierina, pal\u012bdzot mazin\u0101t stresu, l\u012bdzsvarot garast\u0101vokli un veicin\u0101t labsaj\u016btu.<\/p>\n<p class=\"\" data-start=\"408\" data-end=\"687\">Aromterapij\u0101 apels\u012bnu e\u013c\u013cu izmanto im\u016bnsist\u0113mas stiprin\u0101\u0161anai un gaisa att\u012br\u012b\u0161anai no bakt\u0113rij\u0101m. K\u0101 mas\u0101\u017eas e\u013c\u013ca t\u0101 veicina asinsriti, mazina gremo\u0161anas probl\u0113mas, musku\u013cu sasprindzin\u0101jumu un menstru\u0101ciju krampjus. Piem\u0113rota ikdienas lieto\u0161anai spriedzes mazin\u0101\u0161anai un garast\u0101vok\u013ca uzlabo\u0161anai.<\/p>\n<ul>\n<li data-start=\"689\" data-end=\"856\">100% t\u012bra \u0113terisk\u0101 e\u013c\u013ca<\/li>\n<li data-start=\"689\" data-end=\"856\">Uzlabo garast\u0101vokli un l\u012bdzsvaro stresu<\/li>\n<li data-start=\"689\" data-end=\"856\">Veicina gremo\u0161anu un mazina musku\u013cu sasprindzin\u0101jumu<\/li>\n<li data-start=\"689\" data-end=\"856\">Dabiski att\u012bra gaisu un atbalsta im\u016bnsist\u0113mu<\/li>\n<li data-start=\"689\" data-end=\"856\">Izmantot\u0101 auga da\u013ca: aug\u013cu miza<\/li>\n<li data-start=\"689\" data-end=\"856\">Ieguves metode: aukst\u0101 pres\u0113\u0161ana<\/li>\n<li data-start=\"689\" data-end=\"856\">10 ml tum\u0161\u0101 stikla pudel\u0113<\/li>\n<\/ul>\n<p class=\"\" data-start=\"962\" data-end=\"1117\">\u26a0\ufe0f Tikai \u0101r\u012bgai lieto\u0161anai. Nenor\u012bt. Sarg\u0101t no b\u0113rniem un m\u0101jdz\u012bvniekiem. Nelietot gr\u016btniec\u012bbas vai baro\u0161anas ar kr\u016bti laik\u0101.<\/p>","protected":false},"excerpt":{"rendered":"<p>Citrus Sinensis Apelsini eeterlik \u00f5li saadakse Brasiilias kasvatatud Citrus sinensis puuviljakoortest k\u00fclmpressimise teel. Selle magus ja v\u00e4rskendav aroom m\u00f5jub samaaegselt virgutavalt ja&hellip;<\/p>","protected":false},"featured_media":105472,"comment_status":"open","ping_status":"closed","template":"","meta":{"wprm-recipe-roundup-name":"","wprm-recipe-roundup-description":""},"product_brand":[],"product_cat":[5754],"product_tag":[5756],"class_list":{"0":"post-105471","1":"product","2":"type-product","3":"status-publish","4":"has-post-thumbnail","6":"product_cat-eeterlikud-olid-ja-aroomiolid","7":"product_tag-eeterlik-oli","9":"first","10":"instock","11":"taxable","12":"shipping-taxable","13":"purchasable","14":"product-type-simple"},"supplier_id":105232,"supplier_sku":"","barcode":"5055796528721","atum_controlled":true,"out_stock_date":null,"out_stock_threshold":null,"inheritable":false,"inbound_stock":0,"stock_on_hold":0,"sold_today":0,"sales_last_days":0,"reserved_stock":0,"customer_returns":0,"warehouse_damage":0,"lost_in_post":0,"other_logs":0,"out_stock_days":0,"lost_sales":0,"has_location":false,"update_date":"2026-03-07T01:16:07","atum_locations":[],"atum_stock_status":"instock","restock_status":false,"low_stock_amount":"","sales_update_date":"2026-03-07T01:16:07","calc_backorders":null,"aioseo_notices":[],"_links":{"self":[{"href":"https:\/\/ecoshop.ee\/lv\/wp-json\/wp\/v2\/product\/105471","targetHints":{"allow":["GET"]}}],"collection":[{"href":"https:\/\/ecoshop.ee\/lv\/wp-json\/wp\/v2\/product"}],"about":[{"href":"https:\/\/ecoshop.ee\/lv\/wp-json\/wp\/v2\/types\/product"}],"replies":[{"embeddable":true,"href":"https:\/\/ecoshop.ee\/lv\/wp-json\/wp\/v2\/comments?post=105471"}],"version-history":[{"count":0,"href":"https:\/\/ecoshop.ee\/lv\/wp-json\/wp\/v2\/product\/105471\/revisions"}],"wp:featuredmedia":[{"embeddable":true,"href":"https:\/\/ecoshop.ee\/lv\/wp-json\/wp\/v2\/media\/105472"}],"wp:attachment":[{"href":"https:\/\/ecoshop.ee\/lv\/wp-json\/wp\/v2\/media?parent=105471"}],"wp:term":[{"taxonomy":"product_brand","embeddable":true,"href":"https:\/\/ecoshop.ee\/lv\/wp-json\/wp\/v2\/product_brand?post=105471"},{"taxonomy":"product_cat","embeddable":true,"href":"https:\/\/ecoshop.ee\/lv\/wp-json\/wp\/v2\/product_cat?post=105471"},{"taxonomy":"product_tag","embeddable":true,"href":"https:\/\/ecoshop.ee\/lv\/wp-json\/wp\/v2\/product_tag?post=105471"}],"curies":[{"name":"wp","href":"https:\/\/api.w.org\/{rel}","templated":true}]}}